{"id":238290,"date":"2019-07-09T09:03:47","date_gmt":"2019-07-09T09:03:47","guid":{"rendered":"http:\/\/edico.al\/?page_id=238290"},"modified":"2019-09-09T10:10:59","modified_gmt":"2019-09-09T10:10:59","slug":"transmetim-i-energjise-mekanike-reduktore","status":"publish","type":"page","link":"https:\/\/edico.al\/en_us\/transmetim-i-energjise-mekanike-reduktore\/","title":{"rendered":"Mechanical Power Transmission, Reducers"},"content":{"rendered":"<p>[et_pb_section fb_built=&#8221;1&#8243; _builder_version=&#8221;3.22.3&#8243;][et_pb_row _builder_version=&#8221;3.25&#8243; background_size=&#8221;initial&#8221; background_position=&#8221;top_left&#8221; background_repeat=&#8221;repeat&#8221;][et_pb_column type=&#8221;4_4&#8243; _builder_version=&#8221;3.25&#8243; custom_padding=&#8221;|||&#8221; custom_padding__hover=&#8221;|||&#8221;][et_pb_post_title meta=&#8221;off&#8221; featured_image=&#8221;off&#8221; _builder_version=&#8221;3.25.4&#8243;][\/et_pb_post_title][et_pb_text _builder_version=&#8221;3.0.74&#8243; background_size=&#8221;initial&#8221; background_position=&#8221;top_left&#8221; background_repeat=&#8221;repeat&#8221;]<!-- divi:image {\"id\":238778,\"width\":1308,\"height\":869} --><\/p>\n<figure class=\"wp-block-image is-resized\"><img decoding=\"async\" src=\"http:\/\/edico.al\/wp-content\/uploads\/2019\/07\/transmision-1024x681.jpg\" alt=\"\" class=\"wp-image-238778\" width=\"1308\" height=\"869\" srcset=\"https:\/\/edico.al\/wp-content\/uploads\/2019\/07\/transmision-1024x681.jpg 1024w, https:\/\/edico.al\/wp-content\/uploads\/2019\/07\/transmision-600x399.jpg 600w, https:\/\/edico.al\/wp-content\/uploads\/2019\/07\/transmision-300x199.jpg 300w, https:\/\/edico.al\/wp-content\/uploads\/2019\/07\/transmision-768x510.jpg 768w, https:\/\/edico.al\/wp-content\/uploads\/2019\/07\/transmision-1080x718.jpg 1080w, https:\/\/edico.al\/wp-content\/uploads\/2019\/07\/transmision.jpg 1172w\" sizes=\"(max-width: 1308px) 100vw, 1308px\" \/><\/figure>\n<p><!-- \/divi:image --><\/p>\n<p><!-- divi:paragraph --><\/p>\n<p>Edico Group offers a total mechanical power transmission solution.<\/p>\n<p><!-- \/divi:paragraph -->[\/et_pb_text][\/et_pb_column][\/et_pb_row][et_pb_row _builder_version=&#8221;3.25.4&#8243;][et_pb_column type=&#8221;4_4&#8243; _builder_version=&#8221;3.25.4&#8243;][et_pb_shop type=&#8221;product_category&#8221; _builder_version=&#8221;3.25.4&#8243; include_categories=&#8221;25&#8243;][\/et_pb_shop][\/et_pb_column][\/et_pb_row][\/et_pb_section]<\/p>","protected":false},"excerpt":{"rendered":"<p>[et_pb_section fb_built=&#8221;1&#8243; _builder_version=&#8221;3.22.3&#8243;][et_pb_row _builder_version=&#8221;3.25&#8243; background_size=&#8221;initial&#8221; background_position=&#8221;top_left&#8221; background_repeat=&#8221;repeat&#8221;][et_pb_column type=&#8221;4_4&#8243; _builder_version=&#8221;3.25&#8243; custom_padding=&#8221;|||&#8221; custom_padding__hover=&#8221;|||&#8221;][et_pb_post_title meta=&#8221;off&#8221; featured_image=&#8221;off&#8221; _builder_version=&#8221;3.25.4&#8243;][\/et_pb_post_title][et_pb_text _builder_version=&#8221;3.0.74&#8243; background_size=&#8221;initial&#8221; background_position=&#8221;top_left&#8221; background_repeat=&#8221;repeat&#8221;] Edico Group ofron nj\u00eb zgjidhje totale t\u00eb transmetimit t\u00eb energjis\u00eb mekanike. [\/et_pb_text][\/et_pb_column][\/et_pb_row][et_pb_row _builder_version=&#8221;3.25.4&#8243;][et_pb_column type=&#8221;4_4&#8243; _builder_version=&#8221;3.25.4&#8243;][et_pb_shop type=&#8221;product_category&#8221; _builder_version=&#8221;3.25.4&#8243; include_categories=&#8221;25&#8243;][\/et_pb_shop][\/et_pb_column][\/et_pb_row][\/et_pb_section]<\/p>","protected":false},"author":4,"featured_media":0,"parent":0,"menu_order":0,"comment_status":"closed","ping_status":"closed","template":"","meta":{"_et_pb_use_builder":"on","_et_pb_old_content":"<!-- wp:image {\"id\":238778,\"width\":1308,\"height\":869} -->\n<figure class=\"wp-block-image is-resized\"><img src=\"http:\/\/edico.al\/wp-content\/uploads\/2019\/07\/transmision-1024x681.jpg\" alt=\"\" class=\"wp-image-238778\" width=\"1308\" height=\"869\"\/><\/figure>\n<!-- \/wp:image -->\n\n<!-- wp:paragraph -->\n<p>Edico Group ofron nj\u00eb zgjidhje totale t\u00eb transmetimit t\u00eb energjis\u00eb mekanike.<\/p>\n<!-- \/wp:paragraph -->","footnotes":""},"_links":{"self":[{"href":"https:\/\/edico.al\/en_us\/wp-json\/wp\/v2\/pages\/238290"}],"collection":[{"href":"https:\/\/edico.al\/en_us\/wp-json\/wp\/v2\/pages"}],"about":[{"href":"https:\/\/edico.al\/en_us\/wp-json\/wp\/v2\/types\/page"}],"author":[{"embeddable":true,"href":"https:\/\/edico.al\/en_us\/wp-json\/wp\/v2\/users\/4"}],"replies":[{"embeddable":true,"href":"https:\/\/edico.al\/en_us\/wp-json\/wp\/v2\/comments?post=238290"}],"version-history":[{"count":4,"href":"https:\/\/edico.al\/en_us\/wp-json\/wp\/v2\/pages\/238290\/revisions"}],"predecessor-version":[{"id":241888,"href":"https:\/\/edico.al\/en_us\/wp-json\/wp\/v2\/pages\/238290\/revisions\/241888"}],"wp:attachment":[{"href":"https:\/\/edico.al\/en_us\/wp-json\/wp\/v2\/media?parent=238290"}],"curies":[{"name":"wp","href":"https:\/\/api.w.org\/{rel}","templated":true}]}}