{"id":238300,"date":"2019-07-09T09:05:23","date_gmt":"2019-07-09T09:05:23","guid":{"rendered":"http:\/\/edico.al\/?page_id=238300"},"modified":"2020-01-04T16:54:12","modified_gmt":"2020-01-04T16:54:12","slug":"robotike","status":"publish","type":"page","link":"https:\/\/edico.al\/en_us\/robotike\/","title":{"rendered":"Robotics"},"content":{"rendered":"[et_pb_section fb_built=&#8221;1&#8243; admin_label=&#8221;section&#8221; _builder_version=&#8221;3.22.3&#8243;][et_pb_row _builder_version=&#8221;3.25.4&#8243;][et_pb_column type=&#8221;4_4&#8243; _builder_version=&#8221;3.25.4&#8243;][et_pb_post_title meta=&#8221;off&#8221; featured_image=&#8221;off&#8221; _builder_version=&#8221;3.25.4&#8243;][\/et_pb_post_title][\/et_pb_column][\/et_pb_row][et_pb_row admin_label=&#8221;row&#8221; _builder_version=&#8221;3.25&#8243; background_size=&#8221;initial&#8221; background_position=&#8221;top_left&#8221; background_repeat=&#8221;repeat&#8221;][et_pb_column type=&#8221;4_4&#8243; _builder_version=&#8221;3.25&#8243; custom_padding=&#8221;|||&#8221; custom_padding__hover=&#8221;|||&#8221;][et_pb_text admin_label=&#8221;Text&#8221; _builder_version=&#8221;3.0.74&#8243; background_size=&#8221;initial&#8221; background_position=&#8221;top_left&#8221; background_repeat=&#8221;repeat&#8221;]<p>\u00a0<img decoding=\"async\" src=\"http:\/\/edico.al\/wp-content\/uploads\/2019\/07\/thinkstockphotos-612375398-100713223-large-1024x736.jpg\" alt=\"\" class=\"wp-image-238805\" width=\"996\" height=\"715\" style=\"font-size: 14px;\" srcset=\"https:\/\/edico.al\/wp-content\/uploads\/2019\/07\/thinkstockphotos-612375398-100713223-large-1024x736.jpg 1024w, https:\/\/edico.al\/wp-content\/uploads\/2019\/07\/thinkstockphotos-612375398-100713223-large-600x432.jpg 600w, https:\/\/edico.al\/wp-content\/uploads\/2019\/07\/thinkstockphotos-612375398-100713223-large-300x216.jpg 300w, https:\/\/edico.al\/wp-content\/uploads\/2019\/07\/thinkstockphotos-612375398-100713223-large-768x552.jpg 768w, https:\/\/edico.al\/wp-content\/uploads\/2019\/07\/thinkstockphotos-612375398-100713223-large.jpg 1200w\" sizes=\"(max-width: 996px) 100vw, 996px\" \/><\/p>\n<p>&nbsp;<\/p>\n<p><!-- \/wp:image --><\/p>\n<p>&nbsp;<\/p>\n<p><!-- wp:paragraph --><\/p>\n<p>&nbsp;<\/p>\n<p>We provide industrial robots, software for robots, equipment and solutions needed for their application.<\/p>\n<p>&nbsp;<\/p>\n<p><!-- \/wp:paragraph --><\/p>\n<p>&nbsp;<\/p>[\/et_pb_text][\/et_pb_column][\/et_pb_row][et_pb_row _builder_version=&#8221;3.25.4&#8243;][et_pb_column type=&#8221;4_4&#8243; _builder_version=&#8221;3.25.4&#8243;][et_pb_shop type=&#8221;product_category&#8221; include_categories=&#8221;32&#8243; _builder_version=&#8221;3.25.4&#8243;][\/et_pb_shop][\/et_pb_column][\/et_pb_row][\/et_pb_section]","protected":false},"excerpt":{"rendered":"<p>[et_pb_section fb_built=&#8221;1&#8243; admin_label=&#8221;section&#8221; _builder_version=&#8221;3.22.3&#8243;][et_pb_row _builder_version=&#8221;3.25.4&#8243;][et_pb_column type=&#8221;4_4&#8243; _builder_version=&#8221;3.25.4&#8243;][et_pb_post_title meta=&#8221;off&#8221; featured_image=&#8221;off&#8221; _builder_version=&#8221;3.25.4&#8243;][\/et_pb_post_title][\/et_pb_column][\/et_pb_row][et_pb_row admin_label=&#8221;row&#8221; _builder_version=&#8221;3.25&#8243; background_size=&#8221;initial&#8221; background_position=&#8221;top_left&#8221; background_repeat=&#8221;repeat&#8221;][et_pb_column type=&#8221;4_4&#8243; _builder_version=&#8221;3.25&#8243; custom_padding=&#8221;|||&#8221; custom_padding__hover=&#8221;|||&#8221;][et_pb_text admin_label=&#8221;Text&#8221; _builder_version=&#8221;3.0.74&#8243; background_size=&#8221;initial&#8221; background_position=&#8221;top_left&#8221; background_repeat=&#8221;repeat&#8221;]\u00a0 &nbsp; &nbsp; &nbsp; Ne ofrojm\u00eb robot\u00eb industrial\u00eb, softoware p\u00ebr robot\u00ebt, pajisjet dhe zgjidhjet e nevojshme p\u00ebr aplikimin tyre. &nbsp; &nbsp;[\/et_pb_text][\/et_pb_column][\/et_pb_row][et_pb_row _builder_version=&#8221;3.25.4&#8243;][et_pb_column type=&#8221;4_4&#8243; _builder_version=&#8221;3.25.4&#8243;][et_pb_shop type=&#8221;product_category&#8221; include_categories=&#8221;32&#8243; _builder_version=&#8221;3.25.4&#8243;][\/et_pb_shop][\/et_pb_column][\/et_pb_row][\/et_pb_section]<\/p>","protected":false},"author":4,"featured_media":0,"parent":0,"menu_order":0,"comment_status":"closed","ping_status":"closed","template":"","meta":{"_et_pb_use_builder":"on","_et_pb_old_content":"<!-- wp:image {\"id\":238805,\"width\":996,\"height\":715} -->\n<figure class=\"wp-block-image is-resized\"><img src=\"http:\/\/edico.al\/wp-content\/uploads\/2019\/07\/thinkstockphotos-612375398-100713223-large-1024x736.jpg\" alt=\"\" class=\"wp-image-238805\" width=\"996\" height=\"715\"\/><\/figure>\n<!-- \/wp:image -->\n\n<!-- wp:paragraph -->\n<p>Ne ofrojm\u00eb robot\u00ebve industrial\u00eb, softoware  p\u00ebr robot\u00ebt, pajisjet dhe zgjidhjet e nevojshme p\u00ebr aplikim tyre. <\/p>\n<!-- \/wp:paragraph -->","footnotes":""},"_links":{"self":[{"href":"https:\/\/edico.al\/en_us\/wp-json\/wp\/v2\/pages\/238300"}],"collection":[{"href":"https:\/\/edico.al\/en_us\/wp-json\/wp\/v2\/pages"}],"about":[{"href":"https:\/\/edico.al\/en_us\/wp-json\/wp\/v2\/types\/page"}],"author":[{"embeddable":true,"href":"https:\/\/edico.al\/en_us\/wp-json\/wp\/v2\/users\/4"}],"replies":[{"embeddable":true,"href":"https:\/\/edico.al\/en_us\/wp-json\/wp\/v2\/comments?post=238300"}],"version-history":[{"count":5,"href":"https:\/\/edico.al\/en_us\/wp-json\/wp\/v2\/pages\/238300\/revisions"}],"predecessor-version":[{"id":246627,"href":"https:\/\/edico.al\/en_us\/wp-json\/wp\/v2\/pages\/238300\/revisions\/246627"}],"wp:attachment":[{"href":"https:\/\/edico.al\/en_us\/wp-json\/wp\/v2\/media?parent=238300"}],"curies":[{"name":"wp","href":"https:\/\/api.w.org\/{rel}","templated":true}]}}