{"id":238359,"date":"2019-07-09T12:42:27","date_gmt":"2019-07-09T12:42:27","guid":{"rendered":"http:\/\/192.168.1.3:81\/wordpress\/?page_id=238359"},"modified":"2019-07-22T11:43:53","modified_gmt":"2019-07-22T11:43:53","slug":"enterprise-software","status":"publish","type":"page","link":"https:\/\/edico.al\/en_us\/enterprise-software\/","title":{"rendered":"Enterprise Software"},"content":{"rendered":"<p>Ready to manage your enterprise from a whole new perspective? Imagine having a single solution that can go over all system data and silos to provide unparalleled, single-source access to information and action about the enterprise, its assets, its systems, and its workforce that supports it. Make your organization more collaborative, responsive, effective, and secure.<\/p>","protected":false},"excerpt":{"rendered":"<p>Jeni gati p\u00ebr t\u00eb menaxhuar nd\u00ebrmarrjen tuaj nga nj\u00eb perspektiv\u00eb krejt e re? Imagjinoni t\u00eb keni nj\u00eb zgjidhje t\u00eb vetme q\u00eb mund t\u00eb kaloj\u00eb mbi t\u00eb gjitha t\u00eb dh\u00ebnat dhe silos t\u00eb sistemit p\u00ebr t\u00eb siguruar akses t\u00eb pashembullt, me burim t\u00eb vet\u00ebm n\u00eb informacion dhe veprim n\u00eb lidhje me nd\u00ebrmarrjen, asetet e tij, sistemet [&hellip;]<\/p>","protected":false},"author":4,"featured_media":0,"parent":0,"menu_order":0,"comment_status":"closed","ping_status":"closed","template":"","meta":{"_et_pb_use_builder":"off","_et_pb_old_content":"","footnotes":""},"_links":{"self":[{"href":"https:\/\/edico.al\/en_us\/wp-json\/wp\/v2\/pages\/238359"}],"collection":[{"href":"https:\/\/edico.al\/en_us\/wp-json\/wp\/v2\/pages"}],"about":[{"href":"https:\/\/edico.al\/en_us\/wp-json\/wp\/v2\/types\/page"}],"author":[{"embeddable":true,"href":"https:\/\/edico.al\/en_us\/wp-json\/wp\/v2\/users\/4"}],"replies":[{"embeddable":true,"href":"https:\/\/edico.al\/en_us\/wp-json\/wp\/v2\/comments?post=238359"}],"version-history":[{"count":1,"href":"https:\/\/edico.al\/en_us\/wp-json\/wp\/v2\/pages\/238359\/revisions"}],"predecessor-version":[{"id":238360,"href":"https:\/\/edico.al\/en_us\/wp-json\/wp\/v2\/pages\/238359\/revisions\/238360"}],"wp:attachment":[{"href":"https:\/\/edico.al\/en_us\/wp-json\/wp\/v2\/media?parent=238359"}],"curies":[{"name":"wp","href":"https:\/\/api.w.org\/{rel}","templated":true}]}}