{"id":238370,"date":"2019-07-09T12:45:01","date_gmt":"2019-07-09T12:45:01","guid":{"rendered":"http:\/\/192.168.1.3:81\/wordpress\/?page_id=238370"},"modified":"2019-08-30T21:41:37","modified_gmt":"2019-08-30T21:41:37","slug":"operations-management-software","status":"publish","type":"page","link":"https:\/\/edico.al\/en_us\/operations-management-software\/","title":{"rendered":"Operations Management Software"},"content":{"rendered":"[et_pb_section admin_label=&#8221;section&#8221;]\n\t\t[et_pb_row admin_label=&#8221;row&#8221;]\n\t\t\t[et_pb_column type=&#8221;4_4&#8243;][et_pb_text admin_label=&#8221;Text&#8221;]\n<p>Being competitive in today's market environment means constantly striving for more effective operations, as well as more flexibility and agility. We provide the backbone for optimized operations by enabling the control and insight necessary for effective production, quality, inventory and maintenance.<br> We provide your business with digital solutions. The flexible and secure software platform with a variety of industrial applications gives operators, supervisors and managers the visibility and knowledge to take the right actions for productivity, quality and compliance.<\/p>\n[\/et_pb_text][\/et_pb_column]\n\t\t[\/et_pb_row]\n\t[\/et_pb_section]","protected":false},"excerpt":{"rendered":"<p>[et_pb_section admin_label=&#8221;section&#8221;] [et_pb_row admin_label=&#8221;row&#8221;] [et_pb_column type=&#8221;4_4&#8243;][et_pb_text admin_label=&#8221;Text&#8221;] T\u00eb jesh konkurrues n\u00eb mjedisin e sot\u00ebm t\u00eb tregut do t\u00eb thot\u00eb vazhdimisht p\u00ebrpjekje p\u00ebr operacione m\u00eb efektive, si dhe m\u00eb shum\u00eb fleksibilitet dhe gatishm\u00ebri. Ne sigurojm\u00eb shtyll\u00ebn p\u00ebr operacione t\u00eb optimizuara duke mund\u00ebsuar kontrollin dhe dep\u00ebrtimin e nevojsh\u00ebm p\u00ebr prodhim efektiv, kualitet, inventar\u00eb dhe mir\u00ebmbajtje. Ne sigurojm\u00eb [&hellip;]<\/p>","protected":false},"author":4,"featured_media":0,"parent":0,"menu_order":0,"comment_status":"closed","ping_status":"closed","template":"","meta":{"_et_pb_use_builder":"on","_et_pb_old_content":"<!-- wp:paragraph -->\n<p>T\u00eb jesh konkurrues n\u00eb mjedisin e sot\u00ebm t\u00eb tregut do t\u00eb thot\u00eb vazhdimisht p\u00ebrpjekje p\u00ebr operacione m\u00eb efektive, si dhe m\u00eb shum\u00eb fleksibilitet dhe gatishm\u00ebri. Ne sigurojm\u00eb shtyll\u00ebn p\u00ebr operacione t\u00eb optimizuara duke mund\u00ebsuar kontrollin dhe dep\u00ebrtimin e nevojsh\u00ebm p\u00ebr prodhim efektiv, kualitet, inventar\u00eb dhe mir\u00ebmbajtje.<br> Ne sigurojm\u00eb biznesin tuaj me zgjidhje dixhitale. Platforma fleksibile dhe e sigurt\u00eb e softuerit me nj\u00eb mori aplikacionesh industriale u jep operator\u00ebve, mbik\u00ebqyr\u00ebsve dhe menaxher\u00ebve shikueshm\u00ebri dhe njohuri p\u00ebr t\u00eb nd\u00ebrmarr\u00eb veprimet e duhura p\u00ebr produktivitetin, cil\u00ebsin\u00eb dhe pajtueshm\u00ebrin\u00eb.<\/p>\n<!-- \/wp:paragraph -->","footnotes":""},"_links":{"self":[{"href":"https:\/\/edico.al\/en_us\/wp-json\/wp\/v2\/pages\/238370"}],"collection":[{"href":"https:\/\/edico.al\/en_us\/wp-json\/wp\/v2\/pages"}],"about":[{"href":"https:\/\/edico.al\/en_us\/wp-json\/wp\/v2\/types\/page"}],"author":[{"embeddable":true,"href":"https:\/\/edico.al\/en_us\/wp-json\/wp\/v2\/users\/4"}],"replies":[{"embeddable":true,"href":"https:\/\/edico.al\/en_us\/wp-json\/wp\/v2\/comments?post=238370"}],"version-history":[{"count":2,"href":"https:\/\/edico.al\/en_us\/wp-json\/wp\/v2\/pages\/238370\/revisions"}],"predecessor-version":[{"id":241356,"href":"https:\/\/edico.al\/en_us\/wp-json\/wp\/v2\/pages\/238370\/revisions\/241356"}],"wp:attachment":[{"href":"https:\/\/edico.al\/en_us\/wp-json\/wp\/v2\/media?parent=238370"}],"curies":[{"name":"wp","href":"https:\/\/api.w.org\/{rel}","templated":true}]}}