{"id":238378,"date":"2019-07-09T12:47:32","date_gmt":"2019-07-09T12:47:32","guid":{"rendered":"http:\/\/192.168.1.3:81\/wordpress\/?page_id=238378"},"modified":"2020-01-04T17:05:10","modified_gmt":"2020-01-04T17:05:10","slug":"automatizim-nenstacionesh-mbrojtje-dhe-kontroll-2","status":"publish","type":"page","link":"https:\/\/edico.al\/en_us\/automatizim-nenstacionesh-mbrojtje-dhe-kontroll-2\/","title":{"rendered":"Substation Automation, Protection and Control"},"content":{"rendered":"[et_pb_section fb_built=&#8221;1&#8243; admin_label=&#8221;section&#8221; _builder_version=&#8221;3.22.3&#8243;][et_pb_row _builder_version=&#8221;3.25.4&#8243;][et_pb_column type=&#8221;4_4&#8243; _builder_version=&#8221;3.25.4&#8243;][et_pb_post_title meta=&#8221;off&#8221; featured_image=&#8221;off&#8221; _builder_version=&#8221;3.25.4&#8243;][\/et_pb_post_title][\/et_pb_column][\/et_pb_row][et_pb_row admin_label=&#8221;row&#8221; _builder_version=&#8221;3.25&#8243; background_size=&#8221;initial&#8221; background_position=&#8221;top_left&#8221; background_repeat=&#8221;repeat&#8221;][et_pb_column type=&#8221;4_4&#8243; _builder_version=&#8221;3.25&#8243; custom_padding=&#8221;|||&#8221; custom_padding__hover=&#8221;|||&#8221;][et_pb_text admin_label=&#8221;Text&#8221; _builder_version=&#8221;3.0.74&#8243; background_size=&#8221;initial&#8221; background_position=&#8221;top_left&#8221; background_repeat=&#8221;repeat&#8221;]<p><\/p>\n<p>Substations are the building blocks for any grid.\u00a0<span style=\"font-size: 14px;\">Modern automation today is digital. Digital substations can increase controllability, facilitate the integration of permanent renewables and improve security by replacing copper cables with optical fibers.<\/span><\/p>\n<p><\/p>[\/et_pb_text][\/et_pb_column][\/et_pb_row][\/et_pb_section]","protected":false},"excerpt":{"rendered":"<p>[et_pb_section fb_built=&#8221;1&#8243; admin_label=&#8221;section&#8221; _builder_version=&#8221;3.22.3&#8243;][et_pb_row _builder_version=&#8221;3.25.4&#8243;][et_pb_column type=&#8221;4_4&#8243; _builder_version=&#8221;3.25.4&#8243;][et_pb_post_title meta=&#8221;off&#8221; featured_image=&#8221;off&#8221; _builder_version=&#8221;3.25.4&#8243;][\/et_pb_post_title][\/et_pb_column][\/et_pb_row][et_pb_row admin_label=&#8221;row&#8221; _builder_version=&#8221;3.25&#8243; background_size=&#8221;initial&#8221; background_position=&#8221;top_left&#8221; background_repeat=&#8221;repeat&#8221;][et_pb_column type=&#8221;4_4&#8243; _builder_version=&#8221;3.25&#8243; custom_padding=&#8221;|||&#8221; custom_padding__hover=&#8221;|||&#8221;][et_pb_text admin_label=&#8221;Text&#8221; _builder_version=&#8221;3.0.74&#8243; background_size=&#8221;initial&#8221; background_position=&#8221;top_left&#8221; background_repeat=&#8221;repeat&#8221;] N\u00ebnstacionet jan\u00eb blloqet nd\u00ebrtuese p\u00ebr \u00e7do rrjet.\u00a0Automatizimi modern sot \u00ebsht\u00eb digjital. N\u00ebnstacionet digjitale mund t\u00eb rrisin kontrollueshm\u00ebrin\u00eb, t\u00eb leht\u00ebsojn\u00eb integrimin e burimeve t\u00eb rip\u00ebrt\u00ebritshme t\u00eb p\u00ebrhershme dhe t\u00eb p\u00ebrmir\u00ebsojn\u00eb sigurin\u00eb duke [&hellip;]<\/p>","protected":false},"author":4,"featured_media":0,"parent":0,"menu_order":0,"comment_status":"closed","ping_status":"closed","template":"","meta":{"_et_pb_use_builder":"on","_et_pb_old_content":"<!-- wp:paragraph -->\n<p>N\u00ebnstacionet jan\u00eb blloqet nd\u00ebrtuese p\u00ebr \u00e7do rrjet. Pa mbrojtje adekuate, k\u00ebto n\u00ebnstacione mund t\u00eb d\u00ebmtohen shpejt por,ne e shmangim k\u00ebt\u00eb me relet\u00eb dhe nd\u00ebrprer\u00ebsit mbrojt\u00ebs t\u00eb lidhur mbi telekomunikacionet kundra plumbit.<\/p>\n<!-- \/wp:paragraph -->\n\n<!-- wp:paragraph -->\n<p>Automatizimi modern sot \u00ebsht\u00eb dixhital. Pra, n\u00ebnstacionet digjitale mund t\u00eb rrisin kontrollueshm\u00ebrin\u00eb, t\u00eb leht\u00ebsojn\u00eb integrimin e burimeve t\u00eb rip\u00ebrt\u00ebritshme t\u00eb p\u00ebrhershme dhe t\u00eb p\u00ebrmir\u00ebsojn\u00eb sigurin\u00eb duke z\u00ebvend\u00ebsuar kabllonin e bakrit me fibra optike.<\/p>\n<!-- \/wp:paragraph -->","footnotes":""},"_links":{"self":[{"href":"https:\/\/edico.al\/en_us\/wp-json\/wp\/v2\/pages\/238378"}],"collection":[{"href":"https:\/\/edico.al\/en_us\/wp-json\/wp\/v2\/pages"}],"about":[{"href":"https:\/\/edico.al\/en_us\/wp-json\/wp\/v2\/types\/page"}],"author":[{"embeddable":true,"href":"https:\/\/edico.al\/en_us\/wp-json\/wp\/v2\/users\/4"}],"replies":[{"embeddable":true,"href":"https:\/\/edico.al\/en_us\/wp-json\/wp\/v2\/comments?post=238378"}],"version-history":[{"count":5,"href":"https:\/\/edico.al\/en_us\/wp-json\/wp\/v2\/pages\/238378\/revisions"}],"predecessor-version":[{"id":246632,"href":"https:\/\/edico.al\/en_us\/wp-json\/wp\/v2\/pages\/238378\/revisions\/246632"}],"wp:attachment":[{"href":"https:\/\/edico.al\/en_us\/wp-json\/wp\/v2\/media?parent=238378"}],"curies":[{"name":"wp","href":"https:\/\/api.w.org\/{rel}","templated":true}]}}