{"id":238380,"date":"2019-07-09T12:47:45","date_gmt":"2019-07-09T12:47:45","guid":{"rendered":"http:\/\/192.168.1.3:81\/wordpress\/?page_id=238380"},"modified":"2019-08-30T21:35:02","modified_gmt":"2019-08-30T21:35:02","slug":"nenstacione-dhe-elektrifikim","status":"publish","type":"page","link":"https:\/\/edico.al\/en_us\/nenstacione-dhe-elektrifikim\/","title":{"rendered":"Substations and Electrification"},"content":{"rendered":"[et_pb_section fb_built=&#8221;1&#8243; admin_label=&#8221;section&#8221; _builder_version=&#8221;3.22.3&#8243;][et_pb_row _builder_version=&#8221;3.25.4&#8243;][et_pb_column type=&#8221;4_4&#8243; _builder_version=&#8221;3.25.4&#8243;][et_pb_post_title meta=&#8221;off&#8221; featured_image=&#8221;off&#8221; _builder_version=&#8221;3.25.4&#8243;][\/et_pb_post_title][\/et_pb_column][\/et_pb_row][et_pb_row admin_label=&#8221;row&#8221; _builder_version=&#8221;3.25&#8243; background_size=&#8221;initial&#8221; background_position=&#8221;top_left&#8221; background_repeat=&#8221;repeat&#8221;][et_pb_column type=&#8221;4_4&#8243; _builder_version=&#8221;3.25&#8243; custom_padding=&#8221;|||&#8221; custom_padding__hover=&#8221;|||&#8221;][et_pb_text admin_label=&#8221;Text&#8221; _builder_version=&#8221;3.0.74&#8243; background_size=&#8221;initial&#8221; background_position=&#8221;top_left&#8221; background_repeat=&#8221;repeat&#8221;]<p><\/p>\n<figure class=\"wp-block-image\"><img decoding=\"async\" width=\"720\" height=\"480\" src=\"http:\/\/edico.al\/wp-content\/uploads\/2019\/07\/substations-and-electrification.jpg\" alt=\"\" class=\"wp-image-238836\" srcset=\"https:\/\/edico.al\/wp-content\/uploads\/2019\/07\/substations-and-electrification.jpg 720w, https:\/\/edico.al\/wp-content\/uploads\/2019\/07\/substations-and-electrification-600x400.jpg 600w, https:\/\/edico.al\/wp-content\/uploads\/2019\/07\/substations-and-electrification-300x200.jpg 300w\" sizes=\"(max-width: 720px) 100vw, 720px\" \/><\/figure>\n<p><\/p>\n<p><\/p>\n<p>The energy market requires innovative and reliable solutions for effective energy integration as well as efficient transmission and distribution to residential, commercial and industrial customers.<\/p>\n<p><\/p>\n<p><\/p>\n<p>Nga n\u00ebnstacionet e transmetimit t\u00eb tensionit ultra t\u00eb lart\u00eb n\u00eb projektet e elektrifikimit industrial, ne jemi nj\u00eb partner tek i cili mund t\u00eb mb\u00ebshteteni.<\/p>\n<p><\/p>[\/et_pb_text][\/et_pb_column][\/et_pb_row][et_pb_row _builder_version=&#8221;3.25.4&#8243;][et_pb_column type=&#8221;4_4&#8243; _builder_version=&#8221;3.25.4&#8243;][et_pb_shop type=&#8221;product_category&#8221; include_categories=&#8221;38&#8243; _builder_version=&#8221;3.25.4&#8243;][\/et_pb_shop][\/et_pb_column][\/et_pb_row][\/et_pb_section]","protected":false},"excerpt":{"rendered":"<p>[et_pb_section fb_built=&#8221;1&#8243; admin_label=&#8221;section&#8221; _builder_version=&#8221;3.22.3&#8243;][et_pb_row _builder_version=&#8221;3.25.4&#8243;][et_pb_column type=&#8221;4_4&#8243; _builder_version=&#8221;3.25.4&#8243;][et_pb_post_title meta=&#8221;off&#8221; featured_image=&#8221;off&#8221; _builder_version=&#8221;3.25.4&#8243;][\/et_pb_post_title][\/et_pb_column][\/et_pb_row][et_pb_row admin_label=&#8221;row&#8221; _builder_version=&#8221;3.25&#8243; background_size=&#8221;initial&#8221; background_position=&#8221;top_left&#8221; background_repeat=&#8221;repeat&#8221;][et_pb_column type=&#8221;4_4&#8243; _builder_version=&#8221;3.25&#8243; custom_padding=&#8221;|||&#8221; custom_padding__hover=&#8221;|||&#8221;][et_pb_text admin_label=&#8221;Text&#8221; _builder_version=&#8221;3.0.74&#8243; background_size=&#8221;initial&#8221; background_position=&#8221;top_left&#8221; background_repeat=&#8221;repeat&#8221;] Tregu i energjis\u00eb k\u00ebrkon zgjidhje inovative dhe t\u00eb besueshme p\u00ebr integrimin efektiv t\u00eb energjis\u00eb si dhe transmetimin efikas dhe shp\u00ebrndarjen te konsumator\u00ebt rezidencial, komercial dhe industrial. Nga n\u00ebnstacionet e transmetimit t\u00eb [&hellip;]<\/p>","protected":false},"author":4,"featured_media":0,"parent":0,"menu_order":0,"comment_status":"closed","ping_status":"closed","template":"","meta":{"_et_pb_use_builder":"on","_et_pb_old_content":"<!-- wp:image {\"id\":238836} -->\n<figure class=\"wp-block-image\"><img src=\"http:\/\/edico.al\/wp-content\/uploads\/2019\/07\/substations-and-electrification.jpg\" alt=\"\" class=\"wp-image-238836\"\/><\/figure>\n<!-- \/wp:image -->\n\n<!-- wp:paragraph -->\n<p>Tregu i energjis\u00eb k\u00ebrkon zgjidhje inovative dhe t\u00eb besueshme p\u00ebr integrimin efektiv t\u00eb energjis\u00eb si dhe transmetimin efikas dhe shp\u00ebrndarjen te konsumator\u00ebt rezidencial, komercial dhe industrial.<\/p>\n<!-- \/wp:paragraph -->\n\n<!-- wp:paragraph -->\n<p>Nga n\u00ebnstacionet e transmetimit t\u00eb tensionit ultra t\u00eb lart\u00eb n\u00eb projektet e elektrifikimit industrial, ne jemi nj\u00eb partnern n\u00eb t\u00eb cilin mund t\u00eb mb\u00ebshteteni.<\/p>\n<!-- \/wp:paragraph -->","footnotes":""},"_links":{"self":[{"href":"https:\/\/edico.al\/en_us\/wp-json\/wp\/v2\/pages\/238380"}],"collection":[{"href":"https:\/\/edico.al\/en_us\/wp-json\/wp\/v2\/pages"}],"about":[{"href":"https:\/\/edico.al\/en_us\/wp-json\/wp\/v2\/types\/page"}],"author":[{"embeddable":true,"href":"https:\/\/edico.al\/en_us\/wp-json\/wp\/v2\/users\/4"}],"replies":[{"embeddable":true,"href":"https:\/\/edico.al\/en_us\/wp-json\/wp\/v2\/comments?post=238380"}],"version-history":[{"count":4,"href":"https:\/\/edico.al\/en_us\/wp-json\/wp\/v2\/pages\/238380\/revisions"}],"predecessor-version":[{"id":241354,"href":"https:\/\/edico.al\/en_us\/wp-json\/wp\/v2\/pages\/238380\/revisions\/241354"}],"wp:attachment":[{"href":"https:\/\/edico.al\/en_us\/wp-json\/wp\/v2\/media?parent=238380"}],"curies":[{"name":"wp","href":"https:\/\/api.w.org\/{rel}","templated":true}]}}