{"id":238382,"date":"2019-07-09T12:48:02","date_gmt":"2019-07-09T12:48:02","guid":{"rendered":"http:\/\/192.168.1.3:81\/wordpress\/?page_id=238382"},"modified":"2019-07-29T08:48:04","modified_gmt":"2019-07-29T08:48:04","slug":"turbocharging","status":"publish","type":"page","link":"https:\/\/edico.al\/en_us\/turbocharging\/","title":{"rendered":"Turbocharging"},"content":{"rendered":"[et_pb_section fb_built=&#8221;1&#8243; admin_label=&#8221;section&#8221; _builder_version=&#8221;3.22.3&#8243;][et_pb_row _builder_version=&#8221;3.25.4&#8243;][et_pb_column type=&#8221;4_4&#8243; _builder_version=&#8221;3.25.4&#8243;][et_pb_post_title meta=&#8221;off&#8221; featured_image=&#8221;off&#8221; _builder_version=&#8221;3.25.4&#8243;][\/et_pb_post_title][\/et_pb_column][\/et_pb_row][et_pb_row admin_label=&#8221;row&#8221; _builder_version=&#8221;3.25&#8243; background_size=&#8221;initial&#8221; background_position=&#8221;top_left&#8221; background_repeat=&#8221;repeat&#8221;][et_pb_column type=&#8221;4_4&#8243; _builder_version=&#8221;3.25&#8243; custom_padding=&#8221;|||&#8221; custom_padding__hover=&#8221;|||&#8221;][et_pb_text admin_label=&#8221;Text&#8221; _builder_version=&#8221;3.0.74&#8243; background_size=&#8221;initial&#8221; background_position=&#8221;top_left&#8221; background_repeat=&#8221;repeat&#8221;]\n<p>We provide and maintain turbochargers for 500 kW on 80+ MW diesel and gas engines.<\/p>\n\n\n\n<p>We have 2 goals:<\/p>\n\n\n\n<ul><li>Building the best turbochargers in the business.<\/li><li> Ndihmoni konsumator\u00ebt q\u00eb t\u00eb mbajn\u00eb ato turbochargers n\u00eb gjendje t\u00eb pikut dhe n\u00eb performanc\u00ebn optimale gjat\u00eb t\u00ebr\u00eb ciklit t\u00eb jet\u00ebs.<\/li><\/ul>\n[\/et_pb_text][\/et_pb_column][\/et_pb_row][et_pb_row _builder_version=&#8221;3.25.4&#8243;][et_pb_column type=&#8221;4_4&#8243; _builder_version=&#8221;3.25.4&#8243;][et_pb_shop type=&#8221;product_category&#8221; _builder_version=&#8221;3.25.4&#8243; include_categories=&#8221;37&#8243;][\/et_pb_shop][\/et_pb_column][\/et_pb_row][\/et_pb_section]","protected":false},"excerpt":{"rendered":"<p>[et_pb_section fb_built=&#8221;1&#8243; admin_label=&#8221;section&#8221; _builder_version=&#8221;3.22.3&#8243;][et_pb_row _builder_version=&#8221;3.25.4&#8243;][et_pb_column type=&#8221;4_4&#8243; _builder_version=&#8221;3.25.4&#8243;][et_pb_post_title meta=&#8221;off&#8221; featured_image=&#8221;off&#8221; _builder_version=&#8221;3.25.4&#8243;][\/et_pb_post_title][\/et_pb_column][\/et_pb_row][et_pb_row admin_label=&#8221;row&#8221; _builder_version=&#8221;3.25&#8243; background_size=&#8221;initial&#8221; background_position=&#8221;top_left&#8221; background_repeat=&#8221;repeat&#8221;][et_pb_column type=&#8221;4_4&#8243; _builder_version=&#8221;3.25&#8243; custom_padding=&#8221;|||&#8221; custom_padding__hover=&#8221;|||&#8221;][et_pb_text admin_label=&#8221;Text&#8221; _builder_version=&#8221;3.0.74&#8243; background_size=&#8221;initial&#8221; background_position=&#8221;top_left&#8221; background_repeat=&#8221;repeat&#8221;] Ne ofrojm\u00eb dhe mir\u00ebmbajm\u00eb turbochargers p\u00ebr 500 kW n\u00eb 80 + MW motor\u00ebt me naft\u00eb dhe gaz. Ne kemi 2 q\u00ebllime: Nd\u00ebrtimi i turbochargers m\u00eb t\u00eb mir\u00eb n\u00eb biznes. Ndihmoni konsumator\u00ebt [&hellip;]<\/p>","protected":false},"author":4,"featured_media":0,"parent":0,"menu_order":0,"comment_status":"closed","ping_status":"closed","template":"","meta":{"_et_pb_use_builder":"on","_et_pb_old_content":"<!-- wp:paragraph -->\n<p>Ne ofrojm\u00eb dhe mir\u00ebmbajm\u00eb turbochargers p\u00ebr 500 kW n\u00eb 80 + MW motor\u00ebt me naft\u00eb dhe gaz.<\/p>\n<!-- \/wp:paragraph -->\n\n<!-- wp:paragraph -->\n<p>Ne kemi 2 q\u00ebllime:<\/p>\n<!-- \/wp:paragraph -->\n\n<!-- wp:list -->\n<ul><li>Nd\u00ebrtimi i turbochargers m\u00eb t\u00eb mir\u00eb n\u00eb biznes.<\/li><li> Ndihmoni konsumator\u00ebt q\u00eb t\u00eb mbajn\u00eb ato turbochargers n\u00eb gjendje t\u00eb pikut dhe n\u00eb performanc\u00ebn optimale gjat\u00eb t\u00ebr\u00eb ciklit t\u00eb jet\u00ebs.<\/li><\/ul>\n<!-- \/wp:list -->","footnotes":""},"_links":{"self":[{"href":"https:\/\/edico.al\/en_us\/wp-json\/wp\/v2\/pages\/238382"}],"collection":[{"href":"https:\/\/edico.al\/en_us\/wp-json\/wp\/v2\/pages"}],"about":[{"href":"https:\/\/edico.al\/en_us\/wp-json\/wp\/v2\/types\/page"}],"author":[{"embeddable":true,"href":"https:\/\/edico.al\/en_us\/wp-json\/wp\/v2\/users\/4"}],"replies":[{"embeddable":true,"href":"https:\/\/edico.al\/en_us\/wp-json\/wp\/v2\/comments?post=238382"}],"version-history":[{"count":2,"href":"https:\/\/edico.al\/en_us\/wp-json\/wp\/v2\/pages\/238382\/revisions"}],"predecessor-version":[{"id":238832,"href":"https:\/\/edico.al\/en_us\/wp-json\/wp\/v2\/pages\/238382\/revisions\/238832"}],"wp:attachment":[{"href":"https:\/\/edico.al\/en_us\/wp-json\/wp\/v2\/media?parent=238382"}],"curies":[{"name":"wp","href":"https:\/\/api.w.org\/{rel}","templated":true}]}}