{"id":238407,"date":"2019-07-09T12:59:12","date_gmt":"2019-07-09T12:59:12","guid":{"rendered":"http:\/\/192.168.1.3:81\/wordpress\/?page_id=238407"},"modified":"2019-09-12T21:49:46","modified_gmt":"2019-09-12T21:49:46","slug":"buildings-and-infrastructure","status":"publish","type":"page","link":"https:\/\/edico.al\/en_us\/buildings-and-infrastructure\/","title":{"rendered":"Buildings and Infrastucture"},"content":{"rendered":"[et_pb_section fb_built=&#8221;1&#8243; admin_label=&#8221;section&#8221; _builder_version=&#8221;3.22.3&#8243;][et_pb_row admin_label=&#8221;row&#8221; _builder_version=&#8221;3.25&#8243; background_size=&#8221;initial&#8221; background_position=&#8221;top_left&#8221; background_repeat=&#8221;repeat&#8221;][et_pb_column type=&#8221;4_4&#8243; _builder_version=&#8221;3.25&#8243; custom_padding=&#8221;|||&#8221; custom_padding__hover=&#8221;|||&#8221;][et_pb_text admin_label=&#8221;Text&#8221; _builder_version=&#8221;3.0.74&#8243; background_size=&#8221;initial&#8221; background_position=&#8221;top_left&#8221; background_repeat=&#8221;repeat&#8221;]<p><\/p>\n<p>&nbsp;<\/p>\n<p>Ne ofrojm\u00eb sht\u00ebpi t\u00eb zgjuara, nd\u00ebrtim t\u00eb zgjuar dhe zgjidhje p\u00ebr komunitetin inteligjent me nj\u00eb frym\u00eb pragmatike dhe inovative si dhe kontribut total n\u00eb p\u00ebrgjegj\u00ebsin\u00eb sociale dhe mjedisore dhe q\u00ebndrueshm\u00ebrin\u00eb.<\/p>\n<p>&nbsp;<\/p>\n<p><\/p>\n<p>&nbsp;<\/p>[\/et_pb_text][\/et_pb_column][\/et_pb_row][\/et_pb_section]","protected":false},"excerpt":{"rendered":"<p>[et_pb_section fb_built=&#8221;1&#8243; admin_label=&#8221;section&#8221; _builder_version=&#8221;3.22.3&#8243;][et_pb_row admin_label=&#8221;row&#8221; _builder_version=&#8221;3.25&#8243; background_size=&#8221;initial&#8221; background_position=&#8221;top_left&#8221; background_repeat=&#8221;repeat&#8221;][et_pb_column type=&#8221;4_4&#8243; _builder_version=&#8221;3.25&#8243; custom_padding=&#8221;|||&#8221; custom_padding__hover=&#8221;|||&#8221;][et_pb_text admin_label=&#8221;Text&#8221; _builder_version=&#8221;3.0.74&#8243; background_size=&#8221;initial&#8221; background_position=&#8221;top_left&#8221; background_repeat=&#8221;repeat&#8221;] &nbsp; Ne ofrojm\u00eb sht\u00ebpi t\u00eb zgjuara, nd\u00ebrtim t\u00eb zgjuar dhe zgjidhje p\u00ebr komunitetin inteligjent me nj\u00eb frym\u00eb pragmatike dhe inovative si dhe kontribut total n\u00eb p\u00ebrgjegj\u00ebsin\u00eb sociale dhe mjedisore dhe q\u00ebndrueshm\u00ebrin\u00eb. &nbsp; &nbsp; [\/et_pb_text][\/et_pb_column][\/et_pb_row][\/et_pb_section]<\/p>","protected":false},"author":4,"featured_media":0,"parent":0,"menu_order":0,"comment_status":"closed","ping_status":"closed","template":"","meta":{"_et_pb_use_builder":"on","_et_pb_old_content":"<!-- wp:paragraph -->\n<p>Ne ofrojm\u00eb sht\u00ebpive t\u00eb zgjuara, nd\u00ebrtim t\u00eb zgjuar dhe zgjidhjet t\u00eb komunitetit inteligjent me nj\u00eb frym\u00eb pragmatike dhe inovative si dhe kontribut total n\u00eb p\u00ebrgjegj\u00ebsin\u00eb sociale dhe mjedisore dhe q\u00ebndrueshm\u00ebrin\u00eb.<\/p>\n<!-- \/wp:paragraph -->","footnotes":""},"_links":{"self":[{"href":"https:\/\/edico.al\/en_us\/wp-json\/wp\/v2\/pages\/238407"}],"collection":[{"href":"https:\/\/edico.al\/en_us\/wp-json\/wp\/v2\/pages"}],"about":[{"href":"https:\/\/edico.al\/en_us\/wp-json\/wp\/v2\/types\/page"}],"author":[{"embeddable":true,"href":"https:\/\/edico.al\/en_us\/wp-json\/wp\/v2\/users\/4"}],"replies":[{"embeddable":true,"href":"https:\/\/edico.al\/en_us\/wp-json\/wp\/v2\/comments?post=238407"}],"version-history":[{"count":4,"href":"https:\/\/edico.al\/en_us\/wp-json\/wp\/v2\/pages\/238407\/revisions"}],"predecessor-version":[{"id":242093,"href":"https:\/\/edico.al\/en_us\/wp-json\/wp\/v2\/pages\/238407\/revisions\/242093"}],"wp:attachment":[{"href":"https:\/\/edico.al\/en_us\/wp-json\/wp\/v2\/media?parent=238407"}],"curies":[{"name":"wp","href":"https:\/\/api.w.org\/{rel}","templated":true}]}}