{"id":238447,"date":"2019-07-09T13:05:57","date_gmt":"2019-07-09T13:05:57","guid":{"rendered":"http:\/\/192.168.1.3:81\/wordpress\/?page_id=238447"},"modified":"2019-09-12T21:29:18","modified_gmt":"2019-09-12T21:29:18","slug":"trena","status":"publish","type":"page","link":"https:\/\/edico.al\/en_us\/trena\/","title":{"rendered":"Trains"},"content":{"rendered":"<p>[et_pb_section fb_built=&#8221;1&#8243; _builder_version=&#8221;3.25.4&#8243; custom_padding=&#8221;||54px|||&#8221;][et_pb_row custom_padding=&#8221;||&#8221; _builder_version=&#8221;3.25.4&#8243;][et_pb_column type=&#8221;4_4&#8243; _builder_version=&#8221;3.25.4&#8243;][et_pb_post_title meta=&#8221;off&#8221; _builder_version=&#8221;3.25.4&#8243;][\/et_pb_post_title][\/et_pb_column][\/et_pb_row][et_pb_row column_structure=&#8221;1_2,1_2&#8243; _builder_version=&#8221;3.25.4&#8243;][et_pb_column type=&#8221;1_2&#8243; _builder_version=&#8221;3.25.4&#8243;][et_pb_image src=&#8221;http:\/\/edico.al\/wp-content\/uploads\/2019\/08\/OpenRail_Conceptstation_Render_-realtime_1920x1080.jpg&#8221; _builder_version=&#8221;3.25.4&#8243;][\/et_pb_image][\/et_pb_column][et_pb_column type=&#8221;1_2&#8243; _builder_version=&#8221;3.25.4&#8243;][et_pb_text _builder_version=&#8221;3.25.4&#8243;]<\/p>\n<h2 class=\"tw-data-text tw-text-large tw-ta\" data-placeholder=\"Translation\" dir=\"ltr\">Railway electrification<\/h2>\n<p class=\"tw-data-text tw-text-large tw-ta\" data-placeholder=\"Translation\" id=\"tw-target-text\" dir=\"ltr\"><span lang=\"sq\" tabindex=\"0\">Build new rail lines and increase the capacity of existing lines, reduce costs and make new connections. High-performance rail electrification meets all expectations of rail infrastructure operators today and is a key component of tomorrow's end-to-end digital network infrastructure. We provide products and services for the entire rail electrification system. Take advantage of the technology we use that is time-resistant.<\/span><\/p>\n<p>[\/et_pb_text][\/et_pb_column][\/et_pb_row][et_pb_row column_structure=&#8221;1_3,1_3,1_3&#8243; _builder_version=&#8221;3.25.4&#8243;][et_pb_column type=&#8221;1_3&#8243; _builder_version=&#8221;3.25.4&#8243;][et_pb_blurb title=&#8221;Planifikim dhe Konsultim&#8221; image=&#8221;http:\/\/edico.al\/wp-content\/uploads\/2019\/08\/12.jpg&#8221; _builder_version=&#8221;3.25.4&#8243; min_height=&#8221;242px&#8221; height=&#8221;370px&#8221;]<\/p>\n<p>From consulting and analysis to project development: work with our experienced team to get the best results for your system.<\/p>\n<p>[\/et_pb_blurb][et_pb_button button_text=&#8221;Lexo m\u00eb shum\u00eb&#8221; _builder_version=&#8221;3.25.4&#8243; custom_margin=&#8221;-14px||&#8221; custom_padding=&#8221;0px|||||&#8221;][\/et_pb_button][et_pb_blurb title=&#8221;Linja Kontakti&#8221; image=&#8221;http:\/\/edico.al\/wp-content\/uploads\/2019\/09\/11.jpg&#8221; _builder_version=&#8221;3.25.4&#8243; height=&#8221;370px&#8221;]<\/p>\n<p>We offer all the services and products you need for your rail, earth wire, return conductor, catenary wire, contact wire projects - from consulting to worldwide service.<\/p>\n<p>[\/et_pb_blurb][et_pb_button button_text=&#8221;Lexo m\u00eb shum\u00eb&#8221; _builder_version=&#8221;3.25.4&#8243; custom_margin=&#8221;-14px||&#8221; custom_padding=&#8221;0px|||||&#8221; locked=&#8221;off&#8221;][\/et_pb_button][\/et_pb_column][et_pb_column type=&#8221;1_3&#8243; _builder_version=&#8221;3.25.4&#8243;][et_pb_blurb title=&#8221;Ushqyes AC p\u00ebr t\u00ebrheq\u00ebsin&#8221; image=&#8221;http:\/\/edico.al\/wp-content\/uploads\/2019\/09\/190231-key-visual-ac-bsv-v03.jpg&#8221; _builder_version=&#8221;3.25.4&#8243; height=&#8221;370px&#8221;]<\/p>\n<p>When it comes to electric railways, we are the right power supply partner for AC locomotives. We select products from the best manufacturers in this field guaranteeing high quality and lowest maintenance cost.<\/p>\n<p>[\/et_pb_blurb][et_pb_button button_text=&#8221;Lexo m\u00eb shum\u00eb&#8221; _builder_version=&#8221;3.25.4&#8243; custom_margin=&#8221;-14px||&#8221; custom_padding=&#8221;0px|||||&#8221; locked=&#8221;off&#8221;][\/et_pb_button][et_pb_blurb title=&#8221;Menaxhim Rrjeti&#8221; image=&#8221;http:\/\/edico.al\/wp-content\/uploads\/2019\/08\/OilandGas-Main-Banner-1-1.jpg&#8221; _builder_version=&#8221;3.25.4&#8243; height=&#8221;370px&#8221;]<\/p>\n<p>Operation and monitoring, status monitoring and smart management: our integrated systems give you a complete overview of all your electrification levels.<\/p>\n<p>[\/et_pb_blurb][et_pb_button button_text=&#8221;Lexo m\u00eb shum\u00eb&#8221; _builder_version=&#8221;3.25.4&#8243; custom_margin=&#8221;-14px||&#8221; custom_padding=&#8221;0px|||||&#8221; locked=&#8221;off&#8221;][\/et_pb_button][\/et_pb_column][et_pb_column type=&#8221;1_3&#8243; _builder_version=&#8221;3.25.4&#8243;][et_pb_blurb title=&#8221;Ushqyes DC p\u00ebr t\u00ebrheq\u00ebsin&#8221; image=&#8221;http:\/\/edico.al\/wp-content\/uploads\/2019\/09\/10.jpg&#8221; _builder_version=&#8221;3.25.4&#8243; height=&#8221;370px&#8221;]<\/p>\n<p>From consulting to after-sales service, we offer DC systems for rail lines, DC power supply etc.<\/p>\n<p>[\/et_pb_blurb][et_pb_button button_text=&#8221;Lexo m\u00eb shum\u00eb&#8221; _builder_version=&#8221;3.25.4&#8243; custom_margin=&#8221;-14px||&#8221; custom_padding=&#8221;0px|||||&#8221; locked=&#8221;off&#8221;][\/et_pb_button][\/et_pb_column][\/et_pb_row][\/et_pb_section][et_pb_section fb_built=&#8221;1&#8243; _builder_version=&#8221;3.25.4&#8243;][\/et_pb_section][et_pb_section fb_built=&#8221;1&#8243; _builder_version=&#8221;3.25.4&#8243;][\/et_pb_section]<\/p>","protected":false},"excerpt":{"rendered":"<p>[et_pb_section fb_built=&#8221;1&#8243; _builder_version=&#8221;3.25.4&#8243; custom_padding=&#8221;||54px|||&#8221;][et_pb_row custom_padding=&#8221;||&#8221; _builder_version=&#8221;3.25.4&#8243;][et_pb_column type=&#8221;4_4&#8243; _builder_version=&#8221;3.25.4&#8243;][et_pb_post_title meta=&#8221;off&#8221; _builder_version=&#8221;3.25.4&#8243;][\/et_pb_post_title][\/et_pb_column][\/et_pb_row][et_pb_row column_structure=&#8221;1_2,1_2&#8243; _builder_version=&#8221;3.25.4&#8243;][et_pb_column type=&#8221;1_2&#8243; _builder_version=&#8221;3.25.4&#8243;][et_pb_image src=&#8221;http:\/\/edico.al\/wp-content\/uploads\/2019\/08\/OpenRail_Conceptstation_Render_-realtime_1920x1080.jpg&#8221; _builder_version=&#8221;3.25.4&#8243;][\/et_pb_image][\/et_pb_column][et_pb_column type=&#8221;1_2&#8243; _builder_version=&#8221;3.25.4&#8243;][et_pb_text _builder_version=&#8221;3.25.4&#8243;] Elektrifikim hekurudhash Nd\u00ebrtoni linja t\u00eb reja hekurudhore dhe rrisni kapacitetin e linjave ekzistuese, ulni kostot dhe krijoni lidhje t\u00eb reja. Elektrifikimi hekurudhor me performanc\u00eb t\u00eb lart\u00eb plot\u00ebson t\u00eb gjitha pritjet e operator\u00ebve t\u00eb infrastruktur\u00ebs hekurudhore sot [&hellip;]<\/p>","protected":false},"author":4,"featured_media":0,"parent":0,"menu_order":0,"comment_status":"closed","ping_status":"closed","template":"","meta":{"_et_pb_use_builder":"on","_et_pb_old_content":"<!-- wp:divi\/placeholder \/-->","footnotes":""},"_links":{"self":[{"href":"https:\/\/edico.al\/en_us\/wp-json\/wp\/v2\/pages\/238447"}],"collection":[{"href":"https:\/\/edico.al\/en_us\/wp-json\/wp\/v2\/pages"}],"about":[{"href":"https:\/\/edico.al\/en_us\/wp-json\/wp\/v2\/types\/page"}],"author":[{"embeddable":true,"href":"https:\/\/edico.al\/en_us\/wp-json\/wp\/v2\/users\/4"}],"replies":[{"embeddable":true,"href":"https:\/\/edico.al\/en_us\/wp-json\/wp\/v2\/comments?post=238447"}],"version-history":[{"count":4,"href":"https:\/\/edico.al\/en_us\/wp-json\/wp\/v2\/pages\/238447\/revisions"}],"predecessor-version":[{"id":242082,"href":"https:\/\/edico.al\/en_us\/wp-json\/wp\/v2\/pages\/238447\/revisions\/242082"}],"wp:attachment":[{"href":"https:\/\/edico.al\/en_us\/wp-json\/wp\/v2\/media?parent=238447"}],"curies":[{"name":"wp","href":"https:\/\/api.w.org\/{rel}","templated":true}]}}