{"id":238451,"date":"2019-07-09T13:06:35","date_gmt":"2019-07-09T13:06:35","guid":{"rendered":"http:\/\/192.168.1.3:81\/wordpress\/?page_id=238451"},"modified":"2019-08-30T12:01:40","modified_gmt":"2019-08-30T12:01:40","slug":"uje","status":"publish","type":"page","link":"https:\/\/edico.al\/en_us\/uje\/","title":{"rendered":"Water"},"content":{"rendered":"[et_pb_section fb_built=&#8221;1&#8243; admin_label=&#8221;section&#8221; _builder_version=&#8221;3.22.3&#8243;][et_pb_row _builder_version=&#8221;3.25.4&#8243;][et_pb_column type=&#8221;4_4&#8243; _builder_version=&#8221;3.25.4&#8243;][et_pb_post_title meta=&#8221;off&#8221; featured_image=&#8221;off&#8221; _builder_version=&#8221;3.25.4&#8243;][\/et_pb_post_title][\/et_pb_column][\/et_pb_row][et_pb_row admin_label=&#8221;row&#8221; _builder_version=&#8221;3.25&#8243; background_size=&#8221;initial&#8221; background_position=&#8221;top_left&#8221; background_repeat=&#8221;repeat&#8221;][et_pb_column type=&#8221;4_4&#8243; _builder_version=&#8221;3.25&#8243; custom_padding=&#8221;|||&#8221; custom_padding__hover=&#8221;|||&#8221;][et_pb_text admin_label=&#8221;Text&#8221; _builder_version=&#8221;3.0.74&#8243; background_size=&#8221;initial&#8221; background_position=&#8221;top_left&#8221; background_repeat=&#8221;repeat&#8221;]\n<figure class=\"wp-block-image is-resized\"><img decoding=\"async\" src=\"http:\/\/edico.al\/wp-content\/uploads\/2019\/07\/water-pump-station-1024x576.jpeg\" alt=\"\" class=\"wp-image-238704\" width=\"1307\" height=\"735\" srcset=\"https:\/\/edico.al\/wp-content\/uploads\/2019\/07\/water-pump-station-1024x576.jpeg 1024w, https:\/\/edico.al\/wp-content\/uploads\/2019\/07\/water-pump-station-600x338.jpeg 600w, https:\/\/edico.al\/wp-content\/uploads\/2019\/07\/water-pump-station-300x169.jpeg 300w, https:\/\/edico.al\/wp-content\/uploads\/2019\/07\/water-pump-station-768x432.jpeg 768w, https:\/\/edico.al\/wp-content\/uploads\/2019\/07\/water-pump-station-1080x608.jpeg 1080w, https:\/\/edico.al\/wp-content\/uploads\/2019\/07\/water-pump-station.jpeg 1125w\" sizes=\"(max-width: 1307px) 100vw, 1307px\" \/><\/figure>\n\n\n\n<p>Edico Group offers integrated automation and electrical solutions for the entire water sector. From water uptake to transfer and distribution, from water distribution and wastewater treatment to municipal, industrial and irrigation sectors<\/p>\n[\/et_pb_text][\/et_pb_column][\/et_pb_row][et_pb_row _builder_version=&#8221;3.25.4&#8243;][et_pb_column type=&#8221;4_4&#8243; _builder_version=&#8221;3.25.4&#8243;][et_pb_text _builder_version=&#8221;3.25.4&#8243;]<h1 style=\"text-align: center;\"><strong>Projects<\/strong><\/h1>[\/et_pb_text][\/et_pb_column][\/et_pb_row][et_pb_row column_structure=&#8221;1_2,1_2&#8243; _builder_version=&#8221;3.25.4&#8243;][et_pb_column type=&#8221;1_2&#8243; _builder_version=&#8221;3.25.4&#8243;][et_pb_post_slider include_categories=&#8221;53&#8243; more_text=&#8221;Lexo m\u00eb shum\u00eb&#8221; show_meta=&#8221;off&#8221; _builder_version=&#8221;3.25.4&#8243; header_font=&#8221;||||||||&#8221; text_orientation=&#8221;left&#8221; min_height=&#8221;200px&#8221; height=&#8221;363px&#8221;][\/et_pb_post_slider][\/et_pb_column][et_pb_column type=&#8221;1_2&#8243; _builder_version=&#8221;3.25.4&#8243;][et_pb_post_slider include_categories=&#8221;54&#8243; more_text=&#8221;Lexo m\u00eb shum\u00eb&#8221; show_meta=&#8221;off&#8221; _builder_version=&#8221;3.25.4&#8243; text_orientation=&#8221;left&#8221; custom_margin=&#8221;||-11px|||&#8221; min_height=&#8221;200px&#8221; height=&#8221;363px&#8221;][\/et_pb_post_slider][\/et_pb_column][\/et_pb_row][\/et_pb_section]","protected":false},"excerpt":{"rendered":"<p>[et_pb_section fb_built=&#8221;1&#8243; admin_label=&#8221;section&#8221; _builder_version=&#8221;3.22.3&#8243;][et_pb_row _builder_version=&#8221;3.25.4&#8243;][et_pb_column type=&#8221;4_4&#8243; _builder_version=&#8221;3.25.4&#8243;][et_pb_post_title meta=&#8221;off&#8221; featured_image=&#8221;off&#8221; _builder_version=&#8221;3.25.4&#8243;][\/et_pb_post_title][\/et_pb_column][\/et_pb_row][et_pb_row admin_label=&#8221;row&#8221; _builder_version=&#8221;3.25&#8243; background_size=&#8221;initial&#8221; background_position=&#8221;top_left&#8221; background_repeat=&#8221;repeat&#8221;][et_pb_column type=&#8221;4_4&#8243; _builder_version=&#8221;3.25&#8243; custom_padding=&#8221;|||&#8221; custom_padding__hover=&#8221;|||&#8221;][et_pb_text admin_label=&#8221;Text&#8221; _builder_version=&#8221;3.0.74&#8243; background_size=&#8221;initial&#8221; background_position=&#8221;top_left&#8221; background_repeat=&#8221;repeat&#8221;] Edico Group ofron automatizime t\u00eb integruara dhe zgjidhje elektrike p\u00ebr t\u00eb gjith\u00eb sektorin e ujit. Nga marrja e ujit deri te transferimi dhe shp\u00ebrndarja e tij, nga shperndarja e ujit dhe [&hellip;]<\/p>","protected":false},"author":4,"featured_media":0,"parent":0,"menu_order":0,"comment_status":"closed","ping_status":"closed","template":"","meta":{"_et_pb_use_builder":"on","_et_pb_old_content":"<!-- wp:image {\"id\":238704,\"width\":1307,\"height\":735} -->\n<figure class=\"wp-block-image is-resized\"><img src=\"http:\/\/edico.al\/wp-content\/uploads\/2019\/07\/water-pump-station-1024x576.jpeg\" alt=\"\" class=\"wp-image-238704\" width=\"1307\" height=\"735\"\/><\/figure>\n<!-- \/wp:image -->\n\n<!-- wp:paragraph -->\n<p>Edico Group ofron automatizime t\u00eb integruara dhe zgjidhje elektrike p\u00ebr t\u00eb gjith\u00eb sektorin e ujit. Nga marrja e ujit deri te transferimi dhe shp\u00ebrndarja e tij, nga shperndarja e ujit dhe trajtimi i uj\u00ebrave t\u00eb zeza n\u00eb sektor\u00ebt komunal, industrial dhe t\u00eb ujitjes.<\/p>\n<!-- \/wp:paragraph -->","footnotes":""},"_links":{"self":[{"href":"https:\/\/edico.al\/en_us\/wp-json\/wp\/v2\/pages\/238451"}],"collection":[{"href":"https:\/\/edico.al\/en_us\/wp-json\/wp\/v2\/pages"}],"about":[{"href":"https:\/\/edico.al\/en_us\/wp-json\/wp\/v2\/types\/page"}],"author":[{"embeddable":true,"href":"https:\/\/edico.al\/en_us\/wp-json\/wp\/v2\/users\/4"}],"replies":[{"embeddable":true,"href":"https:\/\/edico.al\/en_us\/wp-json\/wp\/v2\/comments?post=238451"}],"version-history":[{"count":10,"href":"https:\/\/edico.al\/en_us\/wp-json\/wp\/v2\/pages\/238451\/revisions"}],"predecessor-version":[{"id":242355,"href":"https:\/\/edico.al\/en_us\/wp-json\/wp\/v2\/pages\/238451\/revisions\/242355"}],"wp:attachment":[{"href":"https:\/\/edico.al\/en_us\/wp-json\/wp\/v2\/media?parent=238451"}],"curies":[{"name":"wp","href":"https:\/\/api.w.org\/{rel}","templated":true}]}}