{"id":238488,"date":"2019-07-09T13:30:16","date_gmt":"2019-07-09T13:30:16","guid":{"rendered":"http:\/\/192.168.1.3:81\/wordpress\/?page_id=238488"},"modified":"2019-07-30T09:22:25","modified_gmt":"2019-07-30T09:22:25","slug":"pergjigje-e-menjehershme","status":"publish","type":"page","link":"https:\/\/edico.al\/en_us\/pergjigje-e-menjehershme\/","title":{"rendered":"Immediate response"},"content":{"rendered":"<p>[et_pb_section fb_built=&#8221;1&#8243; _builder_version=&#8221;3.25.4&#8243;][et_pb_row _builder_version=&#8221;3.25.4&#8243;][et_pb_column type=&#8221;4_4&#8243; _builder_version=&#8221;3.25.4&#8243;][et_pb_post_title meta=&#8221;off&#8221; featured_image=&#8221;off&#8221; _builder_version=&#8221;3.25.4&#8243;][\/et_pb_post_title][\/et_pb_column][\/et_pb_row][et_pb_row _builder_version=&#8221;3.25.4&#8243;][et_pb_column type=&#8221;4_4&#8243; _builder_version=&#8221;3.25.4&#8243;][et_pb_text _builder_version=&#8221;3.25.4&#8243;]<\/p>\n<p>Ne garantojm\u00eb p\u00ebrgjijge t\u00eb shpejt\u00eb dhe fleksib\u00ebl p\u00ebr t\u00eb maksimizuar koh\u00ebn e pun\u00ebs s\u00eb paisjeve tuaja.<\/p>\n<p>Kur zakonisht keni nevoj\u00eb p\u00ebr p\u00ebrgjigje t\u00eb shpejt\u00eb?<\/p>\n<ul>\n<li>Gjat\u00eb emergjencave ose nd\u00ebrprerjeve t\u00eb planifikuara t\u00eb prodhimit kur pajisjet ose proceset tuaja d\u00ebshtojn\u00eb, ne jemi atje p\u00ebr t\u00eb siguruar mb\u00ebshtetje teknike t\u00eb menj\u00ebhershme dhe riparime.<\/li>\n<li>Kur keni nevoj\u00eb p\u00ebr paisje rezerv\u00eb dhe t\u00eb konsumueshme, ju garantojm\u00eb t&#8217;ju furnizojm\u00eb pik\u00ebrisht pjes\u00ebn e duhur rezerv\u00eb n\u00eb rregull t\u00eb plot\u00eb pune, brenda afatit kohor t\u00eb dakorduar.<\/li>\n<li>Kur zgjidhja e problemeve duhet t\u00eb kryhet shpejt, ne identifikojm\u00eb dhe analizojm\u00eb shkaqet kryesore t\u00eb d\u00ebshtimeve t\u00eb pajisjeve dhe sugjerojm\u00eb kurset m\u00eb t\u00eb efektshme t\u00eb veprimit.<\/li>\n<li>Kur keni nevoj\u00eb p\u00ebr k\u00ebshilla eksperte se kur t\u00eb z\u00ebvend\u00ebsoni pajisjet tuaja ose z\u00ebvend\u00ebsim t\u00eb shpejt\u00eb dhe efektiv, mund t\u00eb mb\u00ebshteteni tek ne.<\/li>\n<li>Kur d\u00ebshironi t\u00eb siguroni q\u00eb personeli i kompanis\u00eb tuaj t\u00eb dij\u00eb se si t\u00eb p\u00ebrgjigjet shpejt dhe me efikasitet n\u00eb \u00e7do situat\u00eb t\u00eb caktuar, ne mund t\u00eb ofrojm\u00eb mund\u00ebsi t\u00eb p\u00ebrshtatshme trainimi nga sfera jon\u00eb e pajisjeve dhe sh\u00ebrbimeve t\u00eb trajnimit.<\/li>\n<li>M\u00ebnyra m\u00eb e mir\u00eb p\u00ebr t\u00eb siguruar p\u00ebrgjigje t\u00eb shpejt\u00eb \u00ebsht\u00eb me marr\u00ebveshjet e sh\u00ebrbimit t\u00eb p\u00ebrshtatura p\u00ebr nevojat tuaja, duke siguruar monitorim dhe mb\u00ebshtetje n\u00eb vend dhe\u00a0 n\u00eb distanc\u00eb q\u00eb garantojn\u00eb veprime t\u00eb shpejta n\u00eb t\u00eb gjitha situatat.<\/li>\n<\/ul>\n<p>[\/et_pb_text][\/et_pb_column][\/et_pb_row][\/et_pb_section]<\/p>","protected":false},"excerpt":{"rendered":"<p>[et_pb_section fb_built=&#8221;1&#8243; _builder_version=&#8221;3.25.4&#8243;][et_pb_row _builder_version=&#8221;3.25.4&#8243;][et_pb_column type=&#8221;4_4&#8243; _builder_version=&#8221;3.25.4&#8243;][et_pb_post_title meta=&#8221;off&#8221; featured_image=&#8221;off&#8221; _builder_version=&#8221;3.25.4&#8243;][\/et_pb_post_title][\/et_pb_column][\/et_pb_row][et_pb_row _builder_version=&#8221;3.25.4&#8243;][et_pb_column type=&#8221;4_4&#8243; _builder_version=&#8221;3.25.4&#8243;][et_pb_text _builder_version=&#8221;3.25.4&#8243;] Ne garantojm\u00eb p\u00ebrgjijge t\u00eb shpejt\u00eb dhe fleksib\u00ebl p\u00ebr t\u00eb maksimizuar koh\u00ebn e pun\u00ebs s\u00eb paisjeve tuaja. Kur zakonisht keni nevoj\u00eb p\u00ebr p\u00ebrgjigje t\u00eb shpejt\u00eb? Gjat\u00eb emergjencave ose nd\u00ebrprerjeve t\u00eb planifikuara t\u00eb prodhimit kur pajisjet ose proceset tuaja d\u00ebshtojn\u00eb, ne jemi atje p\u00ebr [&hellip;]<\/p>","protected":false},"author":4,"featured_media":0,"parent":0,"menu_order":0,"comment_status":"closed","ping_status":"closed","template":"","meta":{"_et_pb_use_builder":"on","_et_pb_old_content":"<!-- wp:divi\/placeholder \/-->","footnotes":""},"_links":{"self":[{"href":"https:\/\/edico.al\/en_us\/wp-json\/wp\/v2\/pages\/238488"}],"collection":[{"href":"https:\/\/edico.al\/en_us\/wp-json\/wp\/v2\/pages"}],"about":[{"href":"https:\/\/edico.al\/en_us\/wp-json\/wp\/v2\/types\/page"}],"author":[{"embeddable":true,"href":"https:\/\/edico.al\/en_us\/wp-json\/wp\/v2\/users\/4"}],"replies":[{"embeddable":true,"href":"https:\/\/edico.al\/en_us\/wp-json\/wp\/v2\/comments?post=238488"}],"version-history":[{"count":2,"href":"https:\/\/edico.al\/en_us\/wp-json\/wp\/v2\/pages\/238488\/revisions"}],"predecessor-version":[{"id":238637,"href":"https:\/\/edico.al\/en_us\/wp-json\/wp\/v2\/pages\/238488\/revisions\/238637"}],"wp:attachment":[{"href":"https:\/\/edico.al\/en_us\/wp-json\/wp\/v2\/media?parent=238488"}],"curies":[{"name":"wp","href":"https:\/\/api.w.org\/{rel}","templated":true}]}}