{"id":238492,"date":"2019-07-09T13:31:25","date_gmt":"2019-07-09T13:31:25","guid":{"rendered":"http:\/\/192.168.1.3:81\/wordpress\/?page_id=238492"},"modified":"2019-07-30T11:09:56","modified_gmt":"2019-07-30T11:09:56","slug":"performance-improvement","status":"publish","type":"page","link":"https:\/\/edico.al\/en_us\/performance-improvement\/","title":{"rendered":"Performance improvement"},"content":{"rendered":"<p>[et_pb_section fb_built=&#8221;1&#8243; _builder_version=&#8221;3.25.4&#8243;][et_pb_row _builder_version=&#8221;3.25.4&#8243;][et_pb_column type=&#8221;4_4&#8243; _builder_version=&#8221;3.25.4&#8243;][et_pb_post_title meta=&#8221;off&#8221; featured_image=&#8221;off&#8221; _builder_version=&#8221;3.25.4&#8243;][\/et_pb_post_title][\/et_pb_column][\/et_pb_row][et_pb_row _builder_version=&#8221;3.25.4&#8243;][et_pb_column type=&#8221;4_4&#8243; _builder_version=&#8221;3.25.4&#8243;][et_pb_text _builder_version=&#8221;3.25.4&#8243;]<\/p>\n<p>Ne optimizojm\u00eb lidhjet, besueshm\u00ebrin\u00eb dhe efikasitetin e paisjeve tuaja p\u00ebr t\u00eb rritur shpejt\u00ebsin\u00eb dhe rendimentin.<\/p>\n<p><span style=\"font-size: 14px;\">Kur keni nevoj\u00eb zakonisht p\u00ebr p\u00ebrmir\u00ebsim t\u00eb performanc\u00ebs?<\/span><\/p>\n<ul>\n<li>Kur keni nevoj\u00eb p\u00ebr ndihm\u00eb p\u00ebr t\u00eb p\u00ebrmir\u00ebsuar besueshm\u00ebrin\u00eb, disponueshm\u00ebrin\u00eb, mir\u00ebmbajtjen dhe sigurin\u00eb e pajisjeve tuaja dhe proceset e prodhimit, ne kemi nj\u00eb mund\u00ebsi t\u00eb p\u00ebrshtatshme inxhinierike dhe k\u00ebshilluese.<\/li>\n<li>Kur mir\u00ebmbajtja \u00ebsht\u00eb e nevojshme p\u00ebr t\u00eb siguruar q\u00eb pajisjet mbahen n\u00eb form\u00eb dhe prodhimi t\u00eb vazhdoj\u00eb, ju mund t\u00eb mb\u00ebshteteni tek ne p\u00ebr t&#8217;i mbajtur pajisjet, makinat dhe sistemet tuaja t\u00eb funksionojn\u00eb me besueshm\u00ebri dhe efikasitet.<\/li>\n<li>Kur proceset duhet t\u00eb funksionojn\u00eb me efikasitet, ne ju ndihmojm\u00eb t\u00eb p\u00ebrfitoni sa m\u00eb shum\u00eb nga sh\u00ebrbimet e p\u00ebrparuara specifike p\u00ebr industrin\u00eb dhe mjetet e IT.<\/li>\n<li>Kur q\u00ebllimi juaj \u00ebsht\u00eb funksionimi efikas i pajisjeve tuaja, ne ofrojm\u00eb p\u00ebrmir\u00ebsime dhe ju ndihmojm\u00eb t\u00eb aplikoni zgjidhje t\u00eb reja dhe teknologjin\u00eb m\u00eb t\u00eb fundit n\u00eb nj\u00eb m\u00ebnyr\u00eb inovative.<\/li>\n<li>Kur ju duhet t\u00eb rrisni kompetenc\u00ebn e personelit tuaj n\u00eb pajisje dhe procese, ne ofrojm\u00eb trajnim.<\/li>\n<li>Kur rreziku i nd\u00ebrprerjeve t\u00eb prodhimit duhet t\u00eb minimizohet dhe efikasiteti e besueshm\u00ebria e prodhimit t\u00eb rritet, ju mund t\u00eb p\u00ebrdorni marr\u00ebveshjet e standardizuara t\u00eb sh\u00ebrbimit.<\/li>\n<\/ul>\n<p>[\/et_pb_text][\/et_pb_column][\/et_pb_row][\/et_pb_section]<\/p>","protected":false},"excerpt":{"rendered":"<p>[et_pb_section fb_built=&#8221;1&#8243; _builder_version=&#8221;3.25.4&#8243;][et_pb_row _builder_version=&#8221;3.25.4&#8243;][et_pb_column type=&#8221;4_4&#8243; _builder_version=&#8221;3.25.4&#8243;][et_pb_post_title meta=&#8221;off&#8221; featured_image=&#8221;off&#8221; _builder_version=&#8221;3.25.4&#8243;][\/et_pb_post_title][\/et_pb_column][\/et_pb_row][et_pb_row _builder_version=&#8221;3.25.4&#8243;][et_pb_column type=&#8221;4_4&#8243; _builder_version=&#8221;3.25.4&#8243;][et_pb_text _builder_version=&#8221;3.25.4&#8243;] Ne optimizojm\u00eb lidhjet, besueshm\u00ebrin\u00eb dhe efikasitetin e paisjeve tuaja p\u00ebr t\u00eb rritur shpejt\u00ebsin\u00eb dhe rendimentin. Kur keni nevoj\u00eb zakonisht p\u00ebr p\u00ebrmir\u00ebsim t\u00eb performanc\u00ebs? Kur keni nevoj\u00eb p\u00ebr ndihm\u00eb p\u00ebr t\u00eb p\u00ebrmir\u00ebsuar besueshm\u00ebrin\u00eb, disponueshm\u00ebrin\u00eb, mir\u00ebmbajtjen dhe sigurin\u00eb e pajisjeve tuaja dhe proceset e [&hellip;]<\/p>","protected":false},"author":4,"featured_media":0,"parent":0,"menu_order":0,"comment_status":"closed","ping_status":"closed","template":"","meta":{"_et_pb_use_builder":"on","_et_pb_old_content":"<!-- wp:divi\/placeholder \/-->","footnotes":""},"_links":{"self":[{"href":"https:\/\/edico.al\/en_us\/wp-json\/wp\/v2\/pages\/238492"}],"collection":[{"href":"https:\/\/edico.al\/en_us\/wp-json\/wp\/v2\/pages"}],"about":[{"href":"https:\/\/edico.al\/en_us\/wp-json\/wp\/v2\/types\/page"}],"author":[{"embeddable":true,"href":"https:\/\/edico.al\/en_us\/wp-json\/wp\/v2\/users\/4"}],"replies":[{"embeddable":true,"href":"https:\/\/edico.al\/en_us\/wp-json\/wp\/v2\/comments?post=238492"}],"version-history":[{"count":1,"href":"https:\/\/edico.al\/en_us\/wp-json\/wp\/v2\/pages\/238492\/revisions"}],"predecessor-version":[{"id":238493,"href":"https:\/\/edico.al\/en_us\/wp-json\/wp\/v2\/pages\/238492\/revisions\/238493"}],"wp:attachment":[{"href":"https:\/\/edico.al\/en_us\/wp-json\/wp\/v2\/media?parent=238492"}],"curies":[{"name":"wp","href":"https:\/\/api.w.org\/{rel}","templated":true}]}}