{"id":238238,"date":"2019-07-09T08:46:14","date_gmt":"2019-07-09T08:46:14","guid":{"rendered":"http:\/\/edico.al\/?page_id=238238"},"modified":"2021-06-23T17:14:18","modified_gmt":"2021-06-23T17:14:18","slug":"rreth-nesh","status":"publish","type":"page","link":"https:\/\/edico.al\/sq\/rreth-nesh\/","title":{"rendered":"Rreth nesh"},"content":{"rendered":"<p>[et_pb_section fb_built=&#8221;1&#8243; admin_label=&#8221;Header&#8221; module_class=&#8221;ddd_about_us_header&#8221; _builder_version=&#8221;3.25.4&#8243; use_background_color_gradient=&#8221;on&#8221; background_color_gradient_start=&#8221;#3239ff&#8221; background_color_gradient_end=&#8221;#00b1e8&#8243; background_color_gradient_type=&#8221;radial&#8221; custom_margin=&#8221;|||&#8221; custom_padding=&#8221;54px|0px|0px|0px&#8221; bottom_divider_color=&#8221;#ffffff&#8221; bottom_divider_height=&#8221;175px&#8221; bottom_divider_flip=&#8221;horizontal&#8221; custom_css_before=&#8221;    content: %22%22;||    display: block;||    background-color: #000;||    position: absolute;||    top: 0;||    left: 0;||    width: 100%;||    height: 100%;||    opacity: 0.55;&#8221;][et_pb_row column_structure=&#8221;1_2,1_2&#8243; custom_padding=&#8221;7.4%||15.35%|&#8221; custom_margin=&#8221;|||&#8221; admin_label=&#8221;Header&#8221; _builder_version=&#8221;3.25&#8243; background_size=&#8221;initial&#8221; background_position=&#8221;top_left&#8221; background_repeat=&#8221;repeat&#8221; max_width=&#8221;1175px&#8221; use_custom_width=&#8221;on&#8221; custom_width_px=&#8221;1175px&#8221;][et_pb_column type=&#8221;1_2&#8243; _builder_version=&#8221;3.25&#8243; custom_padding=&#8221;|||&#8221; custom_padding__hover=&#8221;|||&#8221;][et_pb_text admin_label=&#8221;About Us&#8221; _builder_version=&#8221;3.0.105&#8243; text_font=&#8221;Poppins|500|||||||&#8221; text_text_color=&#8221;#ffffff&#8221; text_font_size=&#8221;60px&#8221; text_line_height=&#8221;60px&#8221; background_layout=&#8221;dark&#8221; custom_margin=&#8221;|||-1px&#8221; text_font_size_tablet=&#8221;50&#8243; text_font_size_phone=&#8221;40&#8243; text_font_size_last_edited=&#8221;on|phone&#8221;]<\/p>\n<p>Rreth nesh<\/p>\n<p>[\/et_pb_text][\/et_pb_column][et_pb_column type=&#8221;1_2&#8243; _builder_version=&#8221;3.25&#8243; custom_padding=&#8221;|||&#8221; custom_padding__hover=&#8221;|||&#8221;][\/et_pb_column][\/et_pb_row][\/et_pb_section][et_pb_section fb_built=&#8221;1&#8243; admin_label=&#8221;What we do&#8221; module_class=&#8221;ddd_about_us_wedo&#8221; _builder_version=&#8221;3.22.3&#8243; custom_padding=&#8221;0px|0px|0px|0px&#8221;][et_pb_row column_structure=&#8221;1_2,1_2&#8243; use_custom_gutter=&#8221;on&#8221; gutter_width=&#8221;2&#8243; custom_padding=&#8221;0px|0px|27px|0px&#8221; custom_padding_tablet=&#8221;0px|0px|0px|0px&#8221; custom_padding_last_edited=&#8221;on|tablet&#8221; admin_label=&#8221;What we do&#8221; _builder_version=&#8221;3.25&#8243; max_width=&#8221;1175px&#8221; use_custom_width=&#8221;on&#8221; custom_width_px=&#8221;1175px&#8221;][et_pb_column type=&#8221;1_2&#8243; _builder_version=&#8221;3.25&#8243; custom_padding=&#8221;|||&#8221; custom_padding__hover=&#8221;|||&#8221;][et_pb_text admin_label=&#8221;Who We Are&#8221; _builder_version=&#8221;3.0.105&#8243; text_font=&#8221;Poppins|500|||||||&#8221; text_text_color=&#8221;#525975&#8243; text_font_size=&#8221;24px&#8221; text_line_height=&#8221;60px&#8221; custom_margin=&#8221;|||&#8221; custom_padding=&#8221;|||&#8221;]<\/p>\n<p>Kush jemi ne<\/p>\n<p>[\/et_pb_text][et_pb_divider color=&#8221;#0c71c3&#8243; divider_position=&#8221;center&#8221; divider_weight=&#8221;3&#8243; admin_label=&#8221;Colored Divider&#8221; _builder_version=&#8221;3.25.4&#8243; max_width=&#8221;50px&#8221; height=&#8221;0px&#8221; custom_margin=&#8221;9px||23px|&#8221;][\/et_pb_divider][et_pb_text admin_label=&#8221;Sed dignissim mollis augue finibus&#8221; _builder_version=&#8221;3.25.4&#8243; text_font=&#8221;Lato||||||||&#8221; text_text_color=&#8221;#989bac&#8221; text_letter_spacing=&#8221;0.4px&#8221; text_line_height=&#8221;28px&#8221; max_width=&#8221;500px&#8221; max_width_tablet=&#8221;100%&#8221; max_width_last_edited=&#8221;on|tablet&#8221;]<\/p>\n<p><strong>EDICO shpk \u00ebsht\u00eb nj\u00eb kompani q\u00eb operon prej vitit 2013 n\u00eb tregun shqiptar n\u00eb fushen e sistemeve elektrike, me nj\u00eb staf t\u00eb kualifikuar sipas standardeve europian, t\u00eb trajnuar n\u00eb Gjermani. Jemi nd\u00ebrmarrja lider n\u00eb ofrimin e produkteve dhe sh\u00ebrbimeve n\u00eb fush\u00ebn e elektro energjetik\u00ebs dhe energjis\u00eb s\u00eb rip\u00ebrt\u00ebrit\u00ebshme. Misioni yn\u00eb \u00ebsht\u00eb q\u00eb t\u00eb rrisim me shum\u00eb interesin e Shqipetareve drejt energjis\u00eb diellore duke kursyer k\u00ebshtu\u00a0 t\u00eb ardhurat tuaja.Fleksibiliteti, dinamizmi dhe shpejt\u00ebsia jan\u00eb motoja jon\u00eb. T\u00eb gjitha produktet jan\u00eb t\u00eb dizenjuara dhe t\u00eb prodhuara nga firmat me t\u00eb njohura bot\u00ebrore\u00a0 si:\u00a0Schneider Electric, ABB, Siemens, Benq\u00a0etj. duke na dh\u00ebne p\u00ebrparesi cil\u00ebsi, siguri dhe performanc\u00eb<\/strong><\/p>\n<p>[\/et_pb_text][\/et_pb_column][et_pb_column type=&#8221;1_2&#8243; _builder_version=&#8221;3.25&#8243; custom_padding=&#8221;11.1%|||&#8221; custom_padding_tablet=&#8221;0px|||&#8221; custom_padding_last_edited=&#8221;on|tablet&#8221; custom_padding__hover=&#8221;|||&#8221;][et_pb_text admin_label=&#8221;Why Choose Us&#8221; _builder_version=&#8221;3.0.105&#8243; text_font=&#8221;Poppins|500|||||||&#8221; text_text_color=&#8221;#525975&#8243; text_font_size=&#8221;24px&#8221; text_line_height=&#8221;60px&#8221; custom_margin=&#8221;|||&#8221; custom_padding=&#8221;|||&#8221; locked=&#8221;off&#8221;]<\/p>\n<p>Pse ne jemi zgjedhja juaj<\/p>\n<p>[\/et_pb_text][et_pb_divider color=&#8221;#0c71c3&#8243; divider_position=&#8221;center&#8221; divider_weight=&#8221;3&#8243; admin_label=&#8221;Colored Divider&#8221; _builder_version=&#8221;3.2&#8243; max_width=&#8221;50px&#8221; height=&#8221;0px&#8221; custom_margin=&#8221;9px||23px|&#8221; locked=&#8221;off&#8221;][\/et_pb_divider][et_pb_text admin_label=&#8221;Praesent malesuada, odio eu suscipit &#8221; _builder_version=&#8221;3.25.4&#8243; text_font=&#8221;Lato||||||||&#8221; text_text_color=&#8221;#989bac&#8221; text_letter_spacing=&#8221;0.4px&#8221; text_line_height=&#8221;28px&#8221; max_width=&#8221;500px&#8221; max_width_tablet=&#8221;100%&#8221; max_width_last_edited=&#8221;on|tablet&#8221; locked=&#8221;off&#8221;]<strong>Eksperienca jon\u00eb iu garanton juve shpejt\u00ebsi, siguri dhe fleksibilitet n\u00eb zgjidhjen e problemit tuaj. Ne ofrojm\u00eb p\u00ebr ju cil\u00ebsin\u00eb m\u00eb t\u00eb mir\u00eb me \u00e7mimin m\u00eb t\u00eb mir\u00eb prandaj ne jemi zgjedhja juaj m\u00eb e mir\u00eb\u00a0<\/strong>[\/et_pb_text][\/et_pb_column][\/et_pb_row][et_pb_row custom_padding=&#8221;12px||49px|&#8221; custom_padding_tablet=&#8221;0px||0px|&#8221; custom_padding_last_edited=&#8221;on|tablet&#8221; admin_label=&#8221;What we do&#8221; _builder_version=&#8221;3.25&#8243; max_width=&#8221;1175px&#8221; use_custom_width=&#8221;on&#8221; custom_width_px=&#8221;1175px&#8221;][et_pb_column type=&#8221;4_4&#8243; _builder_version=&#8221;3.25&#8243; custom_padding=&#8221;|||&#8221; custom_padding__hover=&#8221;|||&#8221;][et_pb_text admin_label=&#8221;What we do&#8221; _builder_version=&#8221;3.25.4&#8243; text_font=&#8221;Poppins|500|||||||&#8221; text_text_color=&#8221;#525975&#8243; text_font_size=&#8221;50px&#8221; text_line_height=&#8221;60px&#8221; custom_margin=&#8221;|||-1px&#8221; custom_padding=&#8221;|||&#8221; text_font_size_tablet=&#8221;40&#8243; text_font_size_phone=&#8221;30&#8243; text_font_size_last_edited=&#8221;on|phone&#8221; locked=&#8221;off&#8221;]<\/p>\n<p>Cfar\u00eb b\u00ebjm\u00eb<\/p>\n<p>[\/et_pb_text][et_pb_divider color=&#8221;#0c71c3&#8243; divider_position=&#8221;center&#8221; divider_weight=&#8221;3&#8243; admin_label=&#8221;Green Divider&#8221; _builder_version=&#8221;3.2&#8243; max_width=&#8221;50px&#8221; height=&#8221;0px&#8221; custom_margin=&#8221;9px||23px|&#8221; locked=&#8221;off&#8221;][\/et_pb_divider][et_pb_text admin_label=&#8221;Fusce velit mauris, hendrerit&#8221; _builder_version=&#8221;3.25.4&#8243; text_font=&#8221;Lato||||||||&#8221; text_text_color=&#8221;#989bac&#8221; text_letter_spacing=&#8221;0.32px&#8221; text_line_height=&#8221;28px&#8221; max_width=&#8221;500px&#8221; locked=&#8221;off&#8221;]<\/p>\n<p><strong> Ne ofrojm\u00eb produkte dhe sh\u00ebrbime n\u00eb fush\u00ebn e elektro energjetik\u00ebs dhe energjis\u00eb s\u00eb rip\u00ebrt\u00ebrit\u00ebshme. <\/strong><\/p>\n<p>[\/et_pb_text][\/et_pb_column][\/et_pb_row][\/et_pb_section][et_pb_section fb_built=&#8221;1&#8243; module_class=&#8221;ddd_about_us_boxes&#8221; _builder_version=&#8221;3.25.4&#8243; use_background_color_gradient=&#8221;on&#8221; background_color_gradient_start_position=&#8221;100%&#8221; custom_margin=&#8221;-150px|||&#8221; custom_padding=&#8221;0px|0px|54px|0px&#8221; top_divider_style=&#8221;slant&#8221; top_divider_color=&#8221;#ffffff&#8221; top_divider_height=&#8221;175px&#8221; top_divider_flip=&#8221;horizontal&#8221; bottom_divider_style=&#8221;slant&#8221; bottom_divider_color=&#8221;#ffffff&#8221; bottom_divider_height=&#8221;175px&#8221; bottom_divider_flip=&#8221;horizontal&#8221; custom_css_before=&#8221;    content: %22%22;||    display: block;||    background-color: #000;||    position: absolute;||    top: 0;||    left: 0;||    width: 100%;||    height: 100%;||    opacity: 0.8;&#8221;][et_pb_row column_structure=&#8221;1_2,1_4,1_4&#8243; use_custom_gutter=&#8221;on&#8221; gutter_width=&#8221;2&#8243; custom_padding=&#8221;15.25%||7.5%|&#8221; _builder_version=&#8221;3.25&#8243; max_width=&#8221;1175px&#8221; use_custom_width=&#8221;on&#8221; custom_width_px=&#8221;1175px&#8221;][et_pb_column type=&#8221;1_2&#8243; _builder_version=&#8221;3.25&#8243; custom_padding=&#8221;6.2%|||&#8221; custom_padding_tablet=&#8221;0px|||&#8221; custom_padding_last_edited=&#8221;on|tablet&#8221; custom_padding__hover=&#8221;|||&#8221;][et_pb_text admin_label=&#8221;Lorem ipsum dolor sit amet&#8221; _builder_version=&#8221;3.0.105&#8243; text_font=&#8221;Poppins|500|||||||&#8221; text_text_color=&#8221;#ffffff&#8221; text_font_size=&#8221;30px&#8221; text_letter_spacing=&#8221;-0.03px&#8221; text_line_height=&#8221;48px&#8221; background_layout=&#8221;dark&#8221; max_width=&#8221;438px&#8221; max_width_tablet=&#8221;100%&#8221; max_width_last_edited=&#8221;on|tablet&#8221; text_font_size_tablet=&#8221;26&#8243; text_font_size_phone=&#8221;24&#8243; text_font_size_last_edited=&#8221;on|phone&#8221; text_line_height_tablet=&#8221;130%&#8221; text_line_height_last_edited=&#8221;on|tablet&#8221;]<\/p>\n<p><em>\u00c7far\u00eb na karakterizon neve<\/em><\/p>\n<p>[\/et_pb_text][et_pb_divider color=&#8221;#0c71c3&#8243; divider_position=&#8221;center&#8221; divider_weight=&#8221;3&#8243; admin_label=&#8221;Colored Divider&#8221; _builder_version=&#8221;3.2&#8243; max_width=&#8221;50px&#8221; height=&#8221;0px&#8221; custom_margin=&#8221;9px||23px|&#8221; locked=&#8221;off&#8221;][\/et_pb_divider][\/et_pb_column][et_pb_column type=&#8221;1_4&#8243; _builder_version=&#8221;3.25&#8243; custom_padding=&#8221;|||&#8221; custom_css_main_element=&#8221;    margin-bottom: 0 !important;&#8221; custom_padding__hover=&#8221;|||&#8221;][et_pb_blurb title=&#8221;Siguri&#8221; image=&#8221;https:\/\/demo.divi-den.com\/wp-content\/uploads\/2018\/04\/aboutus-icon3.png&#8221; admin_label=&#8221;Blurb Icon 99 x 100 pixels&#8221; _builder_version=&#8221;3.25.4&#8243; header_font=&#8221;Poppins|500|||||||&#8221; header_text_align=&#8221;center&#8221; header_text_color=&#8221;#ffffff&#8221; header_line_height=&#8221;26px&#8221; background_color=&#8221;rgba(0,0,0,0)&#8221; border_width_all=&#8221;1px&#8221; border_color_all=&#8221;#e6e6e6&#8243; text_orientation=&#8221;center&#8221; custom_margin=&#8221;||13%|&#8221; custom_padding=&#8221;60px||27px|&#8221; filter_hue_rotate=&#8221;235deg&#8221; custom_css_blurb_image=&#8221;margin-bottom: 37px;&#8221;][\/et_pb_blurb][et_pb_blurb title=&#8221;Dinamiz\u00ebm&#8221; image=&#8221;https:\/\/demo.divi-den.com\/wp-content\/uploads\/2018\/04\/aboutus-icon1.png&#8221; admin_label=&#8221;Blurb Icon 99 x 100 pixels&#8221; _builder_version=&#8221;3.25.4&#8243; header_font=&#8221;Poppins|500|||||||&#8221; header_text_align=&#8221;center&#8221; header_text_color=&#8221;#ffffff&#8221; header_line_height=&#8221;26px&#8221; border_width_all=&#8221;1px&#8221; border_color_all=&#8221;#e6e6e6&#8243; text_orientation=&#8221;center&#8221; custom_margin=&#8221;||13%|&#8221; custom_padding=&#8221;60px||27px|&#8221; filter_hue_rotate=&#8221;235deg&#8221; custom_css_blurb_image=&#8221;margin-bottom: 37px;&#8221; locked=&#8221;off&#8221;][\/et_pb_blurb][\/et_pb_column][et_pb_column type=&#8221;1_4&#8243; _builder_version=&#8221;3.25&#8243; custom_padding=&#8221;|||&#8221; custom_css_main_element=&#8221;    margin-bottom: 0 !important;&#8221; custom_padding__hover=&#8221;|||&#8221;][et_pb_blurb title=&#8221;Shpejt\u00ebsi&#8221; image=&#8221;https:\/\/demo.divi-den.com\/wp-content\/uploads\/2018\/04\/aboutus-icon2.png&#8221; admin_label=&#8221;Blurb Icon 99 x 100 pixels&#8221; _builder_version=&#8221;3.25.4&#8243; header_font=&#8221;Poppins|500|||||||&#8221; header_text_align=&#8221;center&#8221; header_text_color=&#8221;#ffffff&#8221; header_line_height=&#8221;26px&#8221; border_width_all=&#8221;1px&#8221; border_color_all=&#8221;#e6e6e6&#8243; text_orientation=&#8221;center&#8221; custom_margin=&#8221;||13%|&#8221; custom_padding=&#8221;60px||27px|&#8221; filter_hue_rotate=&#8221;235deg&#8221; custom_css_blurb_image=&#8221;margin-bottom: 37px;&#8221; locked=&#8221;off&#8221;][\/et_pb_blurb][et_pb_blurb title=&#8221;Fleksibilitet&#8221; image=&#8221;https:\/\/demo.divi-den.com\/wp-content\/uploads\/2018\/04\/aboutus-icon4.png&#8221; admin_label=&#8221;Blurb Icon 99 x 100 pixels&#8221; _builder_version=&#8221;3.25.4&#8243; header_font=&#8221;Poppins|500|||||||&#8221; header_text_align=&#8221;center&#8221; header_text_color=&#8221;#ffffff&#8221; header_line_height=&#8221;26px&#8221; border_width_all=&#8221;1px&#8221; border_color_all=&#8221;#e6e6e6&#8243; text_orientation=&#8221;center&#8221; custom_margin=&#8221;||13%|&#8221; custom_padding=&#8221;60px||27px|&#8221; filter_hue_rotate=&#8221;235deg&#8221; custom_css_blurb_image=&#8221;margin-bottom: 37px;&#8221; locked=&#8221;off&#8221;][\/et_pb_blurb][\/et_pb_column][\/et_pb_row][\/et_pb_section]<\/p>\n","protected":false},"excerpt":{"rendered":"<p>[et_pb_section fb_built=&#8221;1&#8243; admin_label=&#8221;Header&#8221; module_class=&#8221;ddd_about_us_header&#8221; _builder_version=&#8221;3.25.4&#8243; use_background_color_gradient=&#8221;on&#8221; background_color_gradient_start=&#8221;#3239ff&#8221; background_color_gradient_end=&#8221;#00b1e8&#8243; background_color_gradient_type=&#8221;radial&#8221; custom_margin=&#8221;|||&#8221; custom_padding=&#8221;54px|0px|0px|0px&#8221; bottom_divider_color=&#8221;#ffffff&#8221; bottom_divider_height=&#8221;175px&#8221; bottom_divider_flip=&#8221;horizontal&#8221; custom_css_before=&#8221; content: %22%22;|| display: block;|| background-color: #000;|| position: absolute;|| top: 0;|| left: 0;|| width: 100%;|| height: 100%;|| opacity: 0.55;&#8221;][et_pb_row column_structure=&#8221;1_2,1_2&#8243; custom_padding=&#8221;7.4%||15.35%|&#8221; custom_margin=&#8221;|||&#8221; admin_label=&#8221;Header&#8221; _builder_version=&#8221;3.25&#8243; background_size=&#8221;initial&#8221; background_position=&#8221;top_left&#8221; background_repeat=&#8221;repeat&#8221; max_width=&#8221;1175px&#8221; use_custom_width=&#8221;on&#8221; custom_width_px=&#8221;1175px&#8221;][et_pb_column type=&#8221;1_2&#8243; _builder_version=&#8221;3.25&#8243; custom_padding=&#8221;|||&#8221; custom_padding__hover=&#8221;|||&#8221;][et_pb_text admin_label=&#8221;About Us&#8221; _builder_version=&#8221;3.0.105&#8243; text_font=&#8221;Poppins|500|||||||&#8221; text_text_color=&#8221;#ffffff&#8221; text_font_size=&#8221;60px&#8221; text_line_height=&#8221;60px&#8221; [&hellip;]<\/p>\n","protected":false},"author":4,"featured_media":0,"parent":0,"menu_order":0,"comment_status":"closed","ping_status":"closed","template":"","meta":{"_et_pb_use_builder":"on","_et_pb_old_content":"<!-- wp:divi\/placeholder \/-->","footnotes":""},"_links":{"self":[{"href":"https:\/\/edico.al\/sq\/wp-json\/wp\/v2\/pages\/238238"}],"collection":[{"href":"https:\/\/edico.al\/sq\/wp-json\/wp\/v2\/pages"}],"about":[{"href":"https:\/\/edico.al\/sq\/wp-json\/wp\/v2\/types\/page"}],"author":[{"embeddable":true,"href":"https:\/\/edico.al\/sq\/wp-json\/wp\/v2\/users\/4"}],"replies":[{"embeddable":true,"href":"https:\/\/edico.al\/sq\/wp-json\/wp\/v2\/comments?post=238238"}],"version-history":[{"count":7,"href":"https:\/\/edico.al\/sq\/wp-json\/wp\/v2\/pages\/238238\/revisions"}],"predecessor-version":[{"id":270133,"href":"https:\/\/edico.al\/sq\/wp-json\/wp\/v2\/pages\/238238\/revisions\/270133"}],"wp:attachment":[{"href":"https:\/\/edico.al\/sq\/wp-json\/wp\/v2\/media?parent=238238"}],"curies":[{"name":"wp","href":"https:\/\/api.w.org\/{rel}","templated":true}]}}