{"id":238240,"date":"2019-07-09T08:46:22","date_gmt":"2019-07-09T08:46:22","guid":{"rendered":"http:\/\/edico.al\/?page_id=238240"},"modified":"2023-02-25T12:45:35","modified_gmt":"2023-02-25T12:45:35","slug":"na-kontaktoni","status":"publish","type":"page","link":"https:\/\/edico.al\/sq\/na-kontaktoni\/","title":{"rendered":"Na Kontaktoni"},"content":{"rendered":"<p>[et_pb_section fb_built=&#8221;1&#8243; admin_label=&#8221;Header&#8221; module_class=&#8221;ddd_contact_us_header&#8221; _builder_version=&#8221;3.25.4&#8243; background_image=&#8221;https:\/\/edico.al\/wp-content\/uploads\/2019\/08\/contact-us-icon1.jpg&#8221; background_repeat=&#8221;repeat-x&#8221; height=&#8221;548px&#8221; height_last_edited=&#8221;on|phone&#8221; custom_margin=&#8221;|||&#8221; custom_padding=&#8221;54px|0px|0px|0px&#8221; bottom_divider_flip=&#8221;horizontal&#8221; custom_css_before=&#8221;    content: %22%22;||    display: block;||    background-color: #000;||    position: absolute;||    top: 0;||    left: 0;||    width: 100%;||    height: 100%;||    opacity: 0.55;&#8221;][et_pb_row column_structure=&#8221;1_2,1_2&#8243; custom_padding=&#8221;11.75%||0%|||&#8221; custom_margin=&#8221;|||&#8221; admin_label=&#8221;Header&#8221; _builder_version=&#8221;3.25.4&#8243; background_size=&#8221;initial&#8221; background_position=&#8221;top_left&#8221; background_repeat=&#8221;repeat&#8221; transform_translate=&#8221;0px|-82px&#8221; transform_translate_linked=&#8221;off&#8221; max_width=&#8221;1175px&#8221; use_custom_width=&#8221;on&#8221; custom_width_px=&#8221;1175px&#8221;][et_pb_column type=&#8221;1_2&#8243; _builder_version=&#8221;3.25&#8243; custom_padding=&#8221;|||&#8221; custom_padding__hover=&#8221;|||&#8221;][et_pb_text admin_label=&#8221;Contact Us&#8221; _builder_version=&#8221;3.25.4&#8243; text_font=&#8221;Poppins|500|||||||&#8221; text_text_color=&#8221;#ffffff&#8221; text_font_size=&#8221;60px&#8221; text_line_height=&#8221;60px&#8221; background_layout=&#8221;dark&#8221; custom_margin=&#8221;|||-1px&#8221; animation_style=&#8221;slide&#8221; animation_direction=&#8221;left&#8221; animation_duration=&#8221;700ms&#8221; text_font_size_tablet=&#8221;40&#8243; text_font_size_phone=&#8221;30&#8243; text_font_size_last_edited=&#8221;on|tablet&#8221;]<\/p>\n<p>Kontakt<\/p>\n<p>[\/et_pb_text][et_pb_divider color=&#8221;#0c71c3&#8243; divider_position=&#8221;center&#8221; divider_weight=&#8221;3&#8243; admin_label=&#8221;Colored Divider&#8221; _builder_version=&#8221;3.2&#8243; max_width=&#8221;50px&#8221; height=&#8221;0px&#8221; custom_margin=&#8221;9px||23px|&#8221;][\/et_pb_divider][et_pb_text admin_label=&#8221;Sed pharetra nunc ultrices&#8221; _builder_version=&#8221;3.25.4&#8243; text_font=&#8221;Lato||||||||&#8221; text_text_color=&#8221;rgba(255,255,255,0.7)&#8221; text_letter_spacing=&#8221;0.001px&#8221; text_line_height=&#8221;28px&#8221; header_font=&#8221;||||||||&#8221; max_width=&#8221;355px&#8221; animation_style=&#8221;slide&#8221; animation_direction=&#8221;left&#8221; animation_duration=&#8221;700ms&#8221;]<\/p>\n<p>Na kontaktoni p\u00ebr \u00e7do problem apo paqart\u00ebsi<\/p>\n<p>[\/et_pb_text][\/et_pb_column][et_pb_column type=&#8221;1_2&#8243; _builder_version=&#8221;3.25&#8243; custom_padding=&#8221;|||&#8221; custom_padding__hover=&#8221;|||&#8221;][\/et_pb_column][\/et_pb_row][et_pb_row column_structure=&#8221;1_3,1_3,1_3&#8243; use_custom_gutter=&#8221;on&#8221; gutter_width=&#8221;2&#8243; custom_padding=&#8221;0px||0px|&#8221; custom_margin=&#8221;|||&#8221; admin_label=&#8221;Contact Info&#8221; _builder_version=&#8221;3.25.4&#8243; background_size=&#8221;initial&#8221; background_position=&#8221;top_left&#8221; background_repeat=&#8221;repeat&#8221; transform_translate=&#8221;0px|-42px&#8221; transform_translate_linked=&#8221;off&#8221; max_width=&#8221;1175px&#8221; use_custom_width=&#8221;on&#8221; custom_width_px=&#8221;1175px&#8221;][et_pb_column type=&#8221;1_3&#8243; _builder_version=&#8221;3.25.4&#8243; background_color=&#8221;rgba(0,0,0,0)&#8221; custom_padding=&#8221;|||&#8221; custom_css_main_element=&#8221;border-right: 1px solid rgba(255,255,255,0.2);&#8221; custom_padding__hover=&#8221;|||&#8221;][et_pb_blurb title=&#8221;Addresa: &#8221; use_icon=&#8221;on&#8221; font_icon=&#8221;%%102%%&#8221; icon_color=&#8221;#ffffff&#8221; use_circle=&#8221;on&#8221; circle_color=&#8221;#0c71c3&#8243; icon_placement=&#8221;left&#8221; use_icon_font_size=&#8221;on&#8221; icon_font_size=&#8221;36px&#8221; admin_label=&#8221;Address:&#8221; _builder_version=&#8221;3.25.4&#8243; header_font=&#8221;Poppins|||on|||||&#8221; header_text_align=&#8221;left&#8221; header_text_color=&#8221;#ffffff&#8221; header_font_size=&#8221;16px&#8221; header_letter_spacing=&#8221;0.001px&#8221; header_line_height=&#8221;24px&#8221; body_font=&#8221;Poppins|||on|||||&#8221; body_text_align=&#8221;left&#8221; body_text_color=&#8221;#ffffff&#8221; body_font_size=&#8221;16px&#8221; body_letter_spacing=&#8221;0.001px&#8221; body_line_height=&#8221;24px&#8221; custom_padding=&#8221;50px||49px|&#8221; animation_style=&#8221;flip&#8221; custom_css_blurb_title=&#8221;font-weight: 400;||padding-top: 11px;||margin-bottom: -10px;||&#8221; custom_css_blurb_content=&#8221;font-weight: 400;&#8221;]<\/p>\n<p><span>Rr.Kastriot\u00ebt, 1000 Tirana, Albania<\/span><\/p>\n<p>[\/et_pb_blurb][\/et_pb_column][et_pb_column type=&#8221;1_3&#8243; _builder_version=&#8221;3.25&#8243; custom_padding=&#8221;|||&#8221; custom_css_main_element=&#8221;border-right: 1px solid rgba(255,255,255,0.2);&#8221; custom_padding__hover=&#8221;|||&#8221;][et_pb_blurb title=&#8221;Phone:&#8221; use_icon=&#8221;on&#8221; font_icon=&#8221;%%264%%&#8221; icon_color=&#8221;#ffffff&#8221; use_circle=&#8221;on&#8221; circle_color=&#8221;#0c71c3&#8243; icon_placement=&#8221;left&#8221; use_icon_font_size=&#8221;on&#8221; icon_font_size=&#8221;36px&#8221; admin_label=&#8221;Phone:&#8221; _builder_version=&#8221;3.25.4&#8243; header_font=&#8221;Poppins|||on|||||&#8221; header_text_align=&#8221;left&#8221; header_text_color=&#8221;#ffffff&#8221; header_font_size=&#8221;16px&#8221; header_letter_spacing=&#8221;0.001px&#8221; header_line_height=&#8221;24px&#8221; body_font=&#8221;Poppins|||on|||||&#8221; body_text_align=&#8221;left&#8221; body_text_color=&#8221;#ffffff&#8221; body_font_size=&#8221;16px&#8221; body_letter_spacing=&#8221;0.001px&#8221; body_line_height=&#8221;24px&#8221; custom_padding=&#8221;50px||49px|&#8221; animation_style=&#8221;flip&#8221; hover_transition_duration=&#8221;0ms&#8221; custom_css_blurb_title=&#8221;font-weight: 400;||padding-top: 11px;||margin-bottom: -10px;||&#8221; custom_css_blurb_content=&#8221;font-weight: 400;&#8221; locked=&#8221;off&#8221;]<\/p>\n<p>+355 68 20 100 44<\/p>\n<p>[\/et_pb_blurb][\/et_pb_column][et_pb_column type=&#8221;1_3&#8243; _builder_version=&#8221;3.25&#8243; custom_padding=&#8221;|||&#8221; custom_css_main_element=&#8221;border-right: 1px solid rgba(255,255,255,0.2);&#8221; custom_padding__hover=&#8221;|||&#8221;][et_pb_blurb title=&#8221;Email:&#8221; use_icon=&#8221;on&#8221; font_icon=&#8221;%%109%%&#8221; icon_color=&#8221;#ffffff&#8221; use_circle=&#8221;on&#8221; circle_color=&#8221;#0c71c3&#8243; icon_placement=&#8221;left&#8221; use_icon_font_size=&#8221;on&#8221; icon_font_size=&#8221;36px&#8221; admin_label=&#8221;Email:&#8221; _builder_version=&#8221;3.25.4&#8243; header_font=&#8221;Poppins|||on|||||&#8221; header_text_align=&#8221;left&#8221; header_text_color=&#8221;#ffffff&#8221; header_font_size=&#8221;16px&#8221; header_letter_spacing=&#8221;0.001px&#8221; header_line_height=&#8221;24px&#8221; body_font=&#8221;Poppins|||on|||||&#8221; body_text_align=&#8221;left&#8221; body_text_color=&#8221;#ffffff&#8221; body_font_size=&#8221;16px&#8221; body_letter_spacing=&#8221;0.001px&#8221; body_line_height=&#8221;24px&#8221; width=&#8221;79.3%&#8221; custom_margin=&#8221;|228px||||&#8221; custom_padding=&#8221;50px||49px|&#8221; animation_style=&#8221;flip&#8221; custom_css_blurb_title=&#8221;font-weight: 400;||padding-top: 11px;||margin-bottom: -10px;||&#8221; custom_css_blurb_content=&#8221;font-weight: 400;&#8221; locked=&#8221;off&#8221;]<\/p>\n<p>info@edico.al<\/p>\n<p>[\/et_pb_blurb][\/et_pb_column][\/et_pb_row][\/et_pb_section][et_pb_section fb_built=&#8221;1&#8243; module_class=&#8221;ddd_contact_us_form&#8221; _builder_version=&#8221;3.22.3&#8243;][et_pb_row use_custom_gutter=&#8221;on&#8221; gutter_width=&#8221;2&#8243; custom_padding=&#8221;38px|0px|44px|0px&#8221; _builder_version=&#8221;3.25.4&#8243; max_width=&#8221;1175px&#8221; use_custom_width=&#8221;on&#8221; custom_width_px=&#8221;1175px&#8221;][et_pb_column type=&#8221;4_4&#8243; _builder_version=&#8221;3.25&#8243; custom_padding=&#8221;|||&#8221; custom_padding__hover=&#8221;|||&#8221;][et_pb_text admin_label=&#8221;Get in Touch&#8221; _builder_version=&#8221;3.0.105&#8243; text_font=&#8221;Poppins|500|||||||&#8221; text_text_color=&#8221;#525975&#8243; text_font_size=&#8221;24px&#8221; text_letter_spacing=&#8221;0.001px&#8221; text_line_height=&#8221;60px&#8221; custom_margin=&#8221;||0px|&#8221; custom_padding=&#8221;|||0px||&#8221;]<\/p>\n<p>Na kontaktoni<\/p>\n<p>[\/et_pb_text][et_pb_divider color=&#8221;#0c71c3&#8243; divider_position=&#8221;center&#8221; divider_weight=&#8221;3&#8243; admin_label=&#8221;Colored Divider&#8221; _builder_version=&#8221;3.25.4&#8243; max_width=&#8221;50px&#8221; height=&#8221;0px&#8221; custom_margin=&#8221;9px||28px|&#8221;][\/et_pb_divider][et_pb_text admin_label=&#8221;Sed dignissim mollis augue&#8221; _builder_version=&#8221;3.0.105&#8243; text_font=&#8221;Lato||||||||&#8221; text_text_color=&#8221;#989bac&#8221; text_letter_spacing=&#8221;0.35px&#8221; text_line_height=&#8221;28px&#8221; max_width=&#8221;381px&#8221; custom_margin=&#8221;||35px|&#8221; custom_padding=&#8221;||0px|||&#8221;][\/et_pb_text][et_pb_social_media_follow url_new_window=&#8221;off&#8221; icon_color=&#8221;#ffffff&#8221; _builder_version=&#8221;3.25.4&#8243; border_color_all=&#8221;#000000&#8243; text_orientation=&#8221;left&#8221; background_layout=&#8221;dark&#8221; custom_margin=&#8221;||27px|2px&#8221; custom_css_social_icon=&#8221;color: #989bac !important;|| margin-right: 16px;&#8221;][et_pb_social_media_follow_network social_network=&#8221;instagram&#8221; url=&#8221;https:\/\/www.instagram.com\/edico_group\/&#8221; icon_color=&#8221;#ffffff&#8221; _builder_version=&#8221;3.25.4&#8243; background_color=&#8221;#0c71c3&#8243; border_radii=&#8221;on|50px|50px|50px|50px&#8221; follow_button=&#8221;off&#8221; url_new_window=&#8221;off&#8221;]instagram[\/et_pb_social_media_follow_network][et_pb_social_media_follow_network social_network=&#8221;facebook&#8221; url=&#8221;https:\/\/www.facebook.com\/edicoshpk\/&#8221; _builder_version=&#8221;3.25.4&#8243; background_color=&#8221;#0c71c3&#8243; border_radii=&#8221;on|50px|50px|50px|50px&#8221; follow_button=&#8221;off&#8221; url_new_window=&#8221;off&#8221;] facebook [\/et_pb_social_media_follow_network][\/et_pb_social_media_follow][dvppl_cf7_styler form_bg=&#8221;#ffffff&#8221; button_alignment=&#8221;right&#8221; cf7=&#8221;262811&#8243; form_background_color=&#8221;rgba(0,0,0,0)&#8221; form_field_active_color=&#8221;#b3b3b3&#8243; _builder_version=&#8221;3.25.4&#8243; form_field_font_font=&#8221;||||||||&#8221; form_field_font_text_color=&#8221;#000000&#8243; labels_font=&#8221;||||||||&#8221; placeholder_font=&#8221;||||||||&#8221; border_radii_field=&#8221;on|2px|2px|2px|2px&#8221; custom_submit_button=&#8221;on&#8221; submit_button_text_color=&#8221;#0c71c3&#8243; submit_button_bg_color=&#8221;#ffffff&#8221; submit_button_font=&#8221;||||||||&#8221; animation_style=&#8221;flip&#8221;][\/dvppl_cf7_styler][\/et_pb_column][\/et_pb_row][\/et_pb_section]<\/p>\n","protected":false},"excerpt":{"rendered":"<p>[et_pb_section fb_built=&#8221;1&#8243; admin_label=&#8221;Header&#8221; module_class=&#8221;ddd_contact_us_header&#8221; _builder_version=&#8221;3.25.4&#8243; background_image=&#8221;https:\/\/edico.al\/wp-content\/uploads\/2019\/08\/contact-us-icon1.jpg&#8221; background_repeat=&#8221;repeat-x&#8221; height=&#8221;548px&#8221; height_last_edited=&#8221;on|phone&#8221; custom_margin=&#8221;|||&#8221; custom_padding=&#8221;54px|0px|0px|0px&#8221; bottom_divider_flip=&#8221;horizontal&#8221; custom_css_before=&#8221; content: %22%22;|| display: block;|| background-color: #000;|| position: absolute;|| top: 0;|| left: 0;|| width: 100%;|| height: 100%;|| opacity: 0.55;&#8221;][et_pb_row column_structure=&#8221;1_2,1_2&#8243; custom_padding=&#8221;11.75%||0%|||&#8221; custom_margin=&#8221;|||&#8221; admin_label=&#8221;Header&#8221; _builder_version=&#8221;3.25.4&#8243; background_size=&#8221;initial&#8221; background_position=&#8221;top_left&#8221; background_repeat=&#8221;repeat&#8221; transform_translate=&#8221;0px|-82px&#8221; transform_translate_linked=&#8221;off&#8221; max_width=&#8221;1175px&#8221; use_custom_width=&#8221;on&#8221; custom_width_px=&#8221;1175px&#8221;][et_pb_column type=&#8221;1_2&#8243; _builder_version=&#8221;3.25&#8243; custom_padding=&#8221;|||&#8221; custom_padding__hover=&#8221;|||&#8221;][et_pb_text admin_label=&#8221;Contact Us&#8221; _builder_version=&#8221;3.25.4&#8243; text_font=&#8221;Poppins|500|||||||&#8221; text_text_color=&#8221;#ffffff&#8221; text_font_size=&#8221;60px&#8221; text_line_height=&#8221;60px&#8221; [&hellip;]<\/p>\n","protected":false},"author":4,"featured_media":0,"parent":0,"menu_order":0,"comment_status":"closed","ping_status":"closed","template":"","meta":{"_et_pb_use_builder":"on","_et_pb_old_content":"<!-- wp:divi\/placeholder \/-->","footnotes":""},"_links":{"self":[{"href":"https:\/\/edico.al\/sq\/wp-json\/wp\/v2\/pages\/238240"}],"collection":[{"href":"https:\/\/edico.al\/sq\/wp-json\/wp\/v2\/pages"}],"about":[{"href":"https:\/\/edico.al\/sq\/wp-json\/wp\/v2\/types\/page"}],"author":[{"embeddable":true,"href":"https:\/\/edico.al\/sq\/wp-json\/wp\/v2\/users\/4"}],"replies":[{"embeddable":true,"href":"https:\/\/edico.al\/sq\/wp-json\/wp\/v2\/comments?post=238240"}],"version-history":[{"count":26,"href":"https:\/\/edico.al\/sq\/wp-json\/wp\/v2\/pages\/238240\/revisions"}],"predecessor-version":[{"id":296257,"href":"https:\/\/edico.al\/sq\/wp-json\/wp\/v2\/pages\/238240\/revisions\/296257"}],"wp:attachment":[{"href":"https:\/\/edico.al\/sq\/wp-json\/wp\/v2\/media?parent=238240"}],"curies":[{"name":"wp","href":"https:\/\/api.w.org\/{rel}","templated":true}]}}