{"id":238271,"date":"2019-07-09T09:00:38","date_gmt":"2019-07-09T09:00:38","guid":{"rendered":"http:\/\/edico.al\/?page_id=238271"},"modified":"2019-07-26T13:48:08","modified_gmt":"2019-07-26T13:48:08","slug":"dhoma-kontrolli","status":"publish","type":"page","link":"https:\/\/edico.al\/sq\/dhoma-kontrolli\/","title":{"rendered":"Dhoma Kontrolli"},"content":{"rendered":"[et_pb_section fb_built=&#8221;1&#8243; admin_label=&#8221;section&#8221; _builder_version=&#8221;3.22.3&#8243;][et_pb_row admin_label=&#8221;row&#8221; _builder_version=&#8221;3.25&#8243; background_size=&#8221;initial&#8221; background_position=&#8221;top_left&#8221; background_repeat=&#8221;repeat&#8221;][et_pb_column type=&#8221;4_4&#8243; _builder_version=&#8221;3.25&#8243; custom_padding=&#8221;|||&#8221; custom_padding__hover=&#8221;|||&#8221;][et_pb_post_title meta=&#8221;off&#8221; featured_image=&#8221;off&#8221; _builder_version=&#8221;3.25.4&#8243;][\/et_pb_post_title][et_pb_text admin_label=&#8221;Text&#8221; _builder_version=&#8221;3.0.74&#8243; background_size=&#8221;initial&#8221; background_position=&#8221;top_left&#8221; background_repeat=&#8221;repeat&#8221;]\n<figure class=\"wp-block-image is-resized\"><img decoding=\"async\" src=\"http:\/\/edico.al\/wp-content\/uploads\/2019\/07\/OilandGas-Main-Banner-1024x329.jpg\" alt=\"\" class=\"wp-image-238754\" width=\"1311\" height=\"420\" srcset=\"https:\/\/edico.al\/wp-content\/uploads\/2019\/07\/OilandGas-Main-Banner-1024x329.jpg 1024w, https:\/\/edico.al\/wp-content\/uploads\/2019\/07\/OilandGas-Main-Banner-600x193.jpg 600w, https:\/\/edico.al\/wp-content\/uploads\/2019\/07\/OilandGas-Main-Banner-300x96.jpg 300w, https:\/\/edico.al\/wp-content\/uploads\/2019\/07\/OilandGas-Main-Banner-768x247.jpg 768w, https:\/\/edico.al\/wp-content\/uploads\/2019\/07\/OilandGas-Main-Banner-1080x347.jpg 1080w, https:\/\/edico.al\/wp-content\/uploads\/2019\/07\/OilandGas-Main-Banner.jpg 2000w\" sizes=\"(max-width: 1311px) 100vw, 1311px\" \/><\/figure>\n\n\n\n<p>Dhoma kontrolli 24\/7\nMobiljet ergonomike dhe qendrat e kontrollit t\u00eb projektuara posa\u00e7\u00ebrisht me operator\u00ebt kan\u00eb n\u00eb fokus t\u00eb rritin produktivitetin, cil\u00ebsin\u00eb dhe sigurin\u00eb n\u00eb nivele t\u00eb reja.\n\nOperator\u00ebt e dhomave t\u00eb kontrollit marrin qindra vendime &#8211; vendime q\u00eb kan\u00eb nj\u00eb ndikim t\u00eb madh n\u00eb produktivitetin, cil\u00ebsin\u00eb dhe sigurin\u00eb. Sa m\u00eb t\u00eb zellsh\u00ebm, t\u00eb stimuluar dhe harmonik t\u00eb jen\u00eb aq m\u00eb t\u00eb mira jan\u00eb vendimet q\u00eb ata marrin\nDizanjet tona mund t\u00eb aplikohen n\u00eb \u00e7do industri apo sh\u00ebrbim. Nga transporti, nafta dhe gazi, prodhimi i energjis\u00eb, minierat dhe procesi i kontrollit t\u00eb prodhimit tek policia, zjarri dhe sh\u00ebrbimet e ambulanc\u00ebs.<\/p>\n\n\n\n<p><\/p>\n[\/et_pb_text][\/et_pb_column][\/et_pb_row][et_pb_row _builder_version=&#8221;3.25.4&#8243;][et_pb_column type=&#8221;4_4&#8243; _builder_version=&#8221;3.25.4&#8243;][et_pb_shop type=&#8221;product_category&#8221; include_categories=&#8221;23&#8243; _builder_version=&#8221;3.25.4&#8243;][\/et_pb_shop][\/et_pb_column][\/et_pb_row][et_pb_row _builder_version=&#8221;3.25.4&#8243;][et_pb_column type=&#8221;4_4&#8243; _builder_version=&#8221;3.25.4&#8243;][\/et_pb_column][\/et_pb_row][\/et_pb_section]","protected":false},"excerpt":{"rendered":"<p>[et_pb_section fb_built=&#8221;1&#8243; admin_label=&#8221;section&#8221; _builder_version=&#8221;3.22.3&#8243;][et_pb_row admin_label=&#8221;row&#8221; _builder_version=&#8221;3.25&#8243; background_size=&#8221;initial&#8221; background_position=&#8221;top_left&#8221; background_repeat=&#8221;repeat&#8221;][et_pb_column type=&#8221;4_4&#8243; _builder_version=&#8221;3.25&#8243; custom_padding=&#8221;|||&#8221; custom_padding__hover=&#8221;|||&#8221;][et_pb_post_title meta=&#8221;off&#8221; featured_image=&#8221;off&#8221; _builder_version=&#8221;3.25.4&#8243;][\/et_pb_post_title][et_pb_text admin_label=&#8221;Text&#8221; _builder_version=&#8221;3.0.74&#8243; background_size=&#8221;initial&#8221; background_position=&#8221;top_left&#8221; background_repeat=&#8221;repeat&#8221;] Dhoma kontrolli 24\/7 Mobiljet ergonomike dhe qendrat e kontrollit t\u00eb projektuara posa\u00e7\u00ebrisht me operator\u00ebt kan\u00eb n\u00eb fokus t\u00eb rritin produktivitetin, cil\u00ebsin\u00eb dhe sigurin\u00eb n\u00eb nivele t\u00eb reja. Operator\u00ebt e dhomave t\u00eb kontrollit marrin qindra [&hellip;]<\/p>\n","protected":false},"author":4,"featured_media":0,"parent":0,"menu_order":0,"comment_status":"closed","ping_status":"closed","template":"","meta":{"_et_pb_use_builder":"on","_et_pb_old_content":"<!-- wp:image {\"id\":238754,\"width\":1311,\"height\":420} -->\n<figure class=\"wp-block-image is-resized\"><img src=\"http:\/\/edico.al\/wp-content\/uploads\/2019\/07\/OilandGas-Main-Banner-1024x329.jpg\" alt=\"\" class=\"wp-image-238754\" width=\"1311\" height=\"420\"\/><\/figure>\n<!-- \/wp:image -->\n\n<!-- wp:paragraph -->\n<p>Dhoma kontrolli 24\/7\nMobiljet ergonomike dhe qendrat e kontrollit t\u00eb projektuara posa\u00e7\u00ebrisht me operator\u00ebt kan\u00eb n\u00eb fokus t\u00eb rritin produktivitetin, cil\u00ebsin\u00eb dhe sigurin\u00eb n\u00eb nivele t\u00eb reja.\n\nOperator\u00ebt e dhomave t\u00eb kontrollit marrin qindra vendime - vendime q\u00eb kan\u00eb nj\u00eb ndikim t\u00eb madh n\u00eb produktivitetin, cil\u00ebsin\u00eb dhe sigurin\u00eb. Sa m\u00eb t\u00eb zellsh\u00ebm, t\u00eb stimuluar dhe harmonik t\u00eb jen\u00eb aq m\u00eb t\u00eb mira jan\u00eb vendimet q\u00eb ata marrin\nDizanjet tona mund t\u00eb aplikohen n\u00eb \u00e7do industri apo sh\u00ebrbim. Nga transporti, nafta dhe gazi, prodhimi i energjis\u00eb, minierat dhe procesi i kontrollit t\u00eb prodhimit tek policia, zjarri dhe sh\u00ebrbimet e ambulanc\u00ebs.<\/p>\n<!-- \/wp:paragraph -->\n\n<!-- wp:paragraph -->\n<p><\/p>\n<!-- \/wp:paragraph -->","footnotes":""},"_links":{"self":[{"href":"https:\/\/edico.al\/sq\/wp-json\/wp\/v2\/pages\/238271"}],"collection":[{"href":"https:\/\/edico.al\/sq\/wp-json\/wp\/v2\/pages"}],"about":[{"href":"https:\/\/edico.al\/sq\/wp-json\/wp\/v2\/types\/page"}],"author":[{"embeddable":true,"href":"https:\/\/edico.al\/sq\/wp-json\/wp\/v2\/users\/4"}],"replies":[{"embeddable":true,"href":"https:\/\/edico.al\/sq\/wp-json\/wp\/v2\/comments?post=238271"}],"version-history":[{"count":5,"href":"https:\/\/edico.al\/sq\/wp-json\/wp\/v2\/pages\/238271\/revisions"}],"predecessor-version":[{"id":238770,"href":"https:\/\/edico.al\/sq\/wp-json\/wp\/v2\/pages\/238271\/revisions\/238770"}],"wp:attachment":[{"href":"https:\/\/edico.al\/sq\/wp-json\/wp\/v2\/media?parent=238271"}],"curies":[{"name":"wp","href":"https:\/\/api.w.org\/{rel}","templated":true}]}}