{"id":238273,"date":"2019-07-09T09:00:57","date_gmt":"2019-07-09T09:00:57","guid":{"rendered":"http:\/\/edico.al\/?page_id=238273"},"modified":"2019-08-30T13:28:35","modified_gmt":"2019-08-30T13:28:35","slug":"rrjete-komunikimi","status":"publish","type":"page","link":"https:\/\/edico.al\/sq\/rrjete-komunikimi\/","title":{"rendered":"Rrjete Komunikimi"},"content":{"rendered":"[et_pb_section fb_built=&#8221;1&#8243; admin_label=&#8221;section&#8221; _builder_version=&#8221;3.22.3&#8243;][et_pb_row admin_label=&#8221;row&#8221; _builder_version=&#8221;3.25&#8243; background_size=&#8221;initial&#8221; background_position=&#8221;top_left&#8221; background_repeat=&#8221;repeat&#8221;][et_pb_column type=&#8221;4_4&#8243; _builder_version=&#8221;3.25&#8243; custom_padding=&#8221;|||&#8221; custom_padding__hover=&#8221;|||&#8221;][et_pb_post_title meta=&#8221;off&#8221; featured_image=&#8221;off&#8221; _builder_version=&#8221;3.25.4&#8243;][\/et_pb_post_title][et_pb_text admin_label=&#8221;Text&#8221; _builder_version=&#8221;3.0.74&#8243; background_size=&#8221;initial&#8221; background_position=&#8221;top_left&#8221; background_repeat=&#8221;repeat&#8221;]<p><\/p>\n<figure class=\"wp-block-image is-resized\"><img decoding=\"async\" src=\"http:\/\/edico.al\/wp-content\/uploads\/2019\/07\/Netework-1024x724.jpg\" alt=\"\" class=\"wp-image-238767\" width=\"1314\" height=\"929\" srcset=\"https:\/\/edico.al\/wp-content\/uploads\/2019\/07\/Netework-1024x724.jpg 1024w, https:\/\/edico.al\/wp-content\/uploads\/2019\/07\/Netework-600x424.jpg 600w, https:\/\/edico.al\/wp-content\/uploads\/2019\/07\/Netework-300x212.jpg 300w, https:\/\/edico.al\/wp-content\/uploads\/2019\/07\/Netework-768x543.jpg 768w, https:\/\/edico.al\/wp-content\/uploads\/2019\/07\/Netework-400x284.jpg 400w, https:\/\/edico.al\/wp-content\/uploads\/2019\/07\/Netework-1080x764.jpg 1080w\" sizes=\"(max-width: 1314px) 100vw, 1314px\" \/><\/figure>\n<p><\/p>\n<p><\/p>\n<p>Teknologjia e komunikimit me tel dhe wireless q\u00eb p\u00ebrdor Edico Group u sh\u00ebrben konsumator\u00ebve n\u00eb fusha t\u00eb shumta duke p\u00ebrfshir\u00eb prodhimin e energjis\u00eb, transmetimin dhe shp\u00ebrndarjen e energjis\u00eb si dhe konsumator\u00ebt n\u00eb miniera, naft\u00eb dhe gaz, transport dhe infrastruktur\u00eb publike.<br \/> Edico Group ofron nj\u00eb gam\u00eb t\u00eb plot\u00eb t\u00eb zgjidhjeve t\u00eb komunikimit. K\u00ebto zgjidhje plot\u00ebsojn\u00eb k\u00ebrkesat m\u00eb t\u00eb larta n\u00eb lidhje me sigurin\u00eb, besueshm\u00ebrin\u00eb dhe p\u00ebrgjigjen n\u00eb koh\u00eb reale. Ne kemi ekspertiz\u00ebn p\u00ebr t\u00eb mb\u00ebshtetur klient\u00ebt q\u00eb d\u00ebshirojn\u00eb t\u00eb zgjerojn\u00eb rrjetin e tyre t\u00eb telekomunikacionit p\u00ebr aplikacione komerciale dhe t\u00eb ndermarrjeve, duke p\u00ebrdorur teknologjin\u00eb m\u00eb t\u00eb avancuar n\u00eb komunikimin me brez t\u00eb gjer\u00eb duke shfryt\u00ebzuar si rrjetet private ashtu edhe ato publike.<\/p>\n<p><\/p>[\/et_pb_text][\/et_pb_column][\/et_pb_row][et_pb_row _builder_version=&#8221;3.25.4&#8243;][et_pb_column type=&#8221;4_4&#8243; _builder_version=&#8221;3.25.4&#8243;][et_pb_shop type=&#8221;product_category&#8221; include_categories=&#8221;22&#8243; _builder_version=&#8221;3.25.4&#8243;][\/et_pb_shop][\/et_pb_column][\/et_pb_row][et_pb_row _builder_version=&#8221;3.25.4&#8243;][et_pb_column type=&#8221;4_4&#8243; _builder_version=&#8221;3.25.4&#8243;][\/et_pb_column][\/et_pb_row][\/et_pb_section]","protected":false},"excerpt":{"rendered":"<p>[et_pb_section fb_built=&#8221;1&#8243; admin_label=&#8221;section&#8221; _builder_version=&#8221;3.22.3&#8243;][et_pb_row admin_label=&#8221;row&#8221; _builder_version=&#8221;3.25&#8243; background_size=&#8221;initial&#8221; background_position=&#8221;top_left&#8221; background_repeat=&#8221;repeat&#8221;][et_pb_column type=&#8221;4_4&#8243; _builder_version=&#8221;3.25&#8243; custom_padding=&#8221;|||&#8221; custom_padding__hover=&#8221;|||&#8221;][et_pb_post_title meta=&#8221;off&#8221; featured_image=&#8221;off&#8221; _builder_version=&#8221;3.25.4&#8243;][\/et_pb_post_title][et_pb_text admin_label=&#8221;Text&#8221; _builder_version=&#8221;3.0.74&#8243; background_size=&#8221;initial&#8221; background_position=&#8221;top_left&#8221; background_repeat=&#8221;repeat&#8221;] Teknologjia e komunikimit me tel dhe wireless q\u00eb p\u00ebrdor Edico Group u sh\u00ebrben konsumator\u00ebve n\u00eb fusha t\u00eb shumta duke p\u00ebrfshir\u00eb prodhimin e energjis\u00eb, transmetimin dhe shp\u00ebrndarjen e energjis\u00eb si dhe konsumator\u00ebt n\u00eb miniera, naft\u00eb [&hellip;]<\/p>\n","protected":false},"author":4,"featured_media":0,"parent":0,"menu_order":0,"comment_status":"closed","ping_status":"closed","template":"","meta":{"_et_pb_use_builder":"on","_et_pb_old_content":"<!-- wp:image {\"id\":238767,\"width\":1314,\"height\":929} -->\n<figure class=\"wp-block-image is-resized\"><img src=\"http:\/\/edico.al\/wp-content\/uploads\/2019\/07\/Netework-1024x724.jpg\" alt=\"\" class=\"wp-image-238767\" width=\"1314\" height=\"929\"\/><\/figure>\n<!-- \/wp:image -->\n\n<!-- wp:paragraph -->\n<p>Teknologjia e komunikimit me tel dhe wireless q\u00eb p\u00ebrdor Edico Group u sh\u00ebrben konsumator\u00ebve n\u00eb fusha t\u00eb shumta duke p\u00ebrfshir\u00eb prodhimin e energjis\u00eb, transmetimin dhe shp\u00ebrndarjen e energjis\u00eb si dhe konsumator\u00ebt n\u00eb miniera, naft\u00eb dhe gaz, transport dhe infrastruktur\u00eb publike. \n Edico Group ofron nj\u00eb gam\u00eb t\u00eb plot\u00eb t\u00eb zgjidhjeve t\u00eb komunikimit. K\u00ebto zgjidhje plot\u00ebsojn\u00eb k\u00ebrkesat m\u00eb t\u00eb larta n\u00eb lidhje me sigurin\u00eb, besueshm\u00ebrin\u00eb dhe p\u00ebrgjigjen n\u00eb koh\u00eb reale. ne kemi ekspertiz\u00ebn p\u00ebr t\u00eb mb\u00ebshtetur klient\u00ebt q\u00eb d\u00ebshirojn\u00eb t\u00eb zgjerojn\u00eb rrjetin e tyre t\u00eb telekomunikacionit p\u00ebr aplikacione komerciale dhe t\u00eb ndermarrjeve, duke p\u00ebrdorur teknologjin\u00eb m\u00eb t\u00eb avancuar n\u00eb komunikimin me brez t\u00eb gjer\u00eb duke shfryt\u00ebzuar si rrjetet private ashtu edhe ato publike.<\/p>\n<!-- \/wp:paragraph -->","footnotes":""},"_links":{"self":[{"href":"https:\/\/edico.al\/sq\/wp-json\/wp\/v2\/pages\/238273"}],"collection":[{"href":"https:\/\/edico.al\/sq\/wp-json\/wp\/v2\/pages"}],"about":[{"href":"https:\/\/edico.al\/sq\/wp-json\/wp\/v2\/types\/page"}],"author":[{"embeddable":true,"href":"https:\/\/edico.al\/sq\/wp-json\/wp\/v2\/users\/4"}],"replies":[{"embeddable":true,"href":"https:\/\/edico.al\/sq\/wp-json\/wp\/v2\/comments?post=238273"}],"version-history":[{"count":7,"href":"https:\/\/edico.al\/sq\/wp-json\/wp\/v2\/pages\/238273\/revisions"}],"predecessor-version":[{"id":241981,"href":"https:\/\/edico.al\/sq\/wp-json\/wp\/v2\/pages\/238273\/revisions\/241981"}],"wp:attachment":[{"href":"https:\/\/edico.al\/sq\/wp-json\/wp\/v2\/media?parent=238273"}],"curies":[{"name":"wp","href":"https:\/\/api.w.org\/{rel}","templated":true}]}}