{"id":238279,"date":"2019-07-09T09:01:36","date_gmt":"2019-07-09T09:01:36","guid":{"rendered":"http:\/\/edico.al\/?page_id=238279"},"modified":"2019-09-09T10:13:17","modified_gmt":"2019-09-09T10:13:17","slug":"produkte-te-tensionit-te-ulet-tu","status":"publish","type":"page","link":"https:\/\/edico.al\/sq\/produkte-te-tensionit-te-ulet-tu\/","title":{"rendered":"Produkte t\u00eb Tensionit t\u00eb Ul\u00ebt TU"},"content":{"rendered":"[et_pb_section fb_built=&#8221;1&#8243; admin_label=&#8221;section&#8221; _builder_version=&#8221;3.22.3&#8243;][et_pb_row admin_label=&#8221;row&#8221; _builder_version=&#8221;3.25.4&#8243; background_size=&#8221;initial&#8221; background_position=&#8221;top_left&#8221; background_repeat=&#8221;repeat&#8221;][et_pb_column type=&#8221;4_4&#8243; _builder_version=&#8221;3.25&#8243; custom_padding=&#8221;|||&#8221; custom_padding__hover=&#8221;|||&#8221;][et_pb_post_title meta=&#8221;off&#8221; featured_image=&#8221;off&#8221; _builder_version=&#8221;3.25.4&#8243;][\/et_pb_post_title][et_pb_text admin_label=&#8221;Text&#8221; _builder_version=&#8221;3.0.74&#8243; background_size=&#8221;initial&#8221; background_position=&#8221;top_left&#8221; background_repeat=&#8221;repeat&#8221;]\n<figure class=\"wp-block-image is-resized\"><img decoding=\"async\" src=\"http:\/\/edico.al\/wp-content\/uploads\/2019\/07\/7555-04-alpha-3200-170420-1-highres-srgb-1024x576.jpeg\" alt=\"\" class=\"wp-image-238775\" width=\"1310\" height=\"736\" srcset=\"https:\/\/edico.al\/wp-content\/uploads\/2019\/07\/7555-04-alpha-3200-170420-1-highres-srgb-1024x576.jpeg 1024w, https:\/\/edico.al\/wp-content\/uploads\/2019\/07\/7555-04-alpha-3200-170420-1-highres-srgb-600x338.jpeg 600w, https:\/\/edico.al\/wp-content\/uploads\/2019\/07\/7555-04-alpha-3200-170420-1-highres-srgb-300x169.jpeg 300w, https:\/\/edico.al\/wp-content\/uploads\/2019\/07\/7555-04-alpha-3200-170420-1-highres-srgb-768x432.jpeg 768w, https:\/\/edico.al\/wp-content\/uploads\/2019\/07\/7555-04-alpha-3200-170420-1-highres-srgb-1080x608.jpeg 1080w, https:\/\/edico.al\/wp-content\/uploads\/2019\/07\/7555-04-alpha-3200-170420-1-highres-srgb.jpeg 1125w\" sizes=\"(max-width: 1310px) 100vw, 1310px\" \/><\/figure>\n\n\n\n<p>Edico Group ofron nj\u00eb gam\u00eb t\u00eb plot\u00eb t\u00eb zgjidhjeve t\u00eb tensionit t\u00eb ul\u00ebt p\u00ebr t\u00eb lidhur, mbrojtur, kontrolluar dhe matur nj\u00eb gam\u00eb t\u00eb gjer\u00eb t\u00eb instalimeve elektrike, mbylljeve, centraleve, elektronik\u00ebs dhe pajisjeve elektromekanike. Biznesi p\u00ebrmir\u00ebson besueshm\u00ebrin\u00eb dhe efikasitetin e aktiviteteve t\u00eb klient\u00ebve t\u00eb saj n\u00eb t\u00eb gjitha industrit\u00eb kryesore duke p\u00ebrfshir\u00eb sektorin e banimit<\/p>\n[\/et_pb_text][\/et_pb_column][\/et_pb_row][et_pb_row _builder_version=&#8221;3.25.4&#8243;][et_pb_column type=&#8221;4_4&#8243; _builder_version=&#8221;3.25.4&#8243;][\/et_pb_column][\/et_pb_row][et_pb_row _builder_version=&#8221;3.25.4&#8243;][et_pb_column type=&#8221;4_4&#8243; _builder_version=&#8221;3.25.4&#8243;][et_pb_shop type=&#8221;product_category&#8221; include_categories=&#8221;44&#8243; _builder_version=&#8221;3.25.4&#8243;][\/et_pb_shop][\/et_pb_column][\/et_pb_row][\/et_pb_section]","protected":false},"excerpt":{"rendered":"<p>[et_pb_section fb_built=&#8221;1&#8243; admin_label=&#8221;section&#8221; _builder_version=&#8221;3.22.3&#8243;][et_pb_row admin_label=&#8221;row&#8221; _builder_version=&#8221;3.25.4&#8243; background_size=&#8221;initial&#8221; background_position=&#8221;top_left&#8221; background_repeat=&#8221;repeat&#8221;][et_pb_column type=&#8221;4_4&#8243; _builder_version=&#8221;3.25&#8243; custom_padding=&#8221;|||&#8221; custom_padding__hover=&#8221;|||&#8221;][et_pb_post_title meta=&#8221;off&#8221; featured_image=&#8221;off&#8221; _builder_version=&#8221;3.25.4&#8243;][\/et_pb_post_title][et_pb_text admin_label=&#8221;Text&#8221; _builder_version=&#8221;3.0.74&#8243; background_size=&#8221;initial&#8221; background_position=&#8221;top_left&#8221; background_repeat=&#8221;repeat&#8221;] Edico Group ofron nj\u00eb gam\u00eb t\u00eb plot\u00eb t\u00eb zgjidhjeve t\u00eb tensionit t\u00eb ul\u00ebt p\u00ebr t\u00eb lidhur, mbrojtur, kontrolluar dhe matur nj\u00eb gam\u00eb t\u00eb gjer\u00eb t\u00eb instalimeve elektrike, mbylljeve, centraleve, elektronik\u00ebs dhe pajisjeve elektromekanike. Biznesi [&hellip;]<\/p>\n","protected":false},"author":4,"featured_media":0,"parent":0,"menu_order":0,"comment_status":"closed","ping_status":"closed","template":"","meta":{"_et_pb_use_builder":"on","_et_pb_old_content":"<!-- wp:image {\"id\":238775,\"width\":1310,\"height\":736} -->\n<figure class=\"wp-block-image is-resized\"><img src=\"http:\/\/edico.al\/wp-content\/uploads\/2019\/07\/7555-04-alpha-3200-170420-1-highres-srgb-1024x576.jpeg\" alt=\"\" class=\"wp-image-238775\" width=\"1310\" height=\"736\"\/><\/figure>\n<!-- \/wp:image -->\n\n<!-- wp:paragraph -->\n<p>Edico Group ofron nj\u00eb gam\u00eb t\u00eb plot\u00eb t\u00eb zgjidhjeve t\u00eb tensionit t\u00eb ul\u00ebt p\u00ebr t\u00eb lidhur, mbrojtur, kontrolluar dhe matur nj\u00eb gam\u00eb t\u00eb gjer\u00eb t\u00eb instalimeve elektrike, mbylljeve, centraleve, elektronik\u00ebs dhe pajisjeve elektromekanike. Biznesi p\u00ebrmir\u00ebson besueshm\u00ebrin\u00eb dhe efikasitetin e aktiviteteve t\u00eb klient\u00ebve t\u00eb saj n\u00eb t\u00eb gjitha industrit\u00eb kryesore duke p\u00ebrfshir\u00eb sektorin e banimit<\/p>\n<!-- \/wp:paragraph -->","footnotes":""},"_links":{"self":[{"href":"https:\/\/edico.al\/sq\/wp-json\/wp\/v2\/pages\/238279"}],"collection":[{"href":"https:\/\/edico.al\/sq\/wp-json\/wp\/v2\/pages"}],"about":[{"href":"https:\/\/edico.al\/sq\/wp-json\/wp\/v2\/types\/page"}],"author":[{"embeddable":true,"href":"https:\/\/edico.al\/sq\/wp-json\/wp\/v2\/users\/4"}],"replies":[{"embeddable":true,"href":"https:\/\/edico.al\/sq\/wp-json\/wp\/v2\/comments?post=238279"}],"version-history":[{"count":6,"href":"https:\/\/edico.al\/sq\/wp-json\/wp\/v2\/pages\/238279\/revisions"}],"predecessor-version":[{"id":241889,"href":"https:\/\/edico.al\/sq\/wp-json\/wp\/v2\/pages\/238279\/revisions\/241889"}],"wp:attachment":[{"href":"https:\/\/edico.al\/sq\/wp-json\/wp\/v2\/media?parent=238279"}],"curies":[{"name":"wp","href":"https:\/\/api.w.org\/{rel}","templated":true}]}}