{"id":238285,"date":"2019-07-09T09:02:35","date_gmt":"2019-07-09T09:02:35","guid":{"rendered":"http:\/\/edico.al\/?page_id=238285"},"modified":"2019-09-09T10:16:20","modified_gmt":"2019-09-09T10:16:20","slug":"produkte-te-tensionit-te-mesem-tm","status":"publish","type":"page","link":"https:\/\/edico.al\/sq\/produkte-te-tensionit-te-mesem-tm\/","title":{"rendered":"Produkte t\u00eb Tensionit t\u00eb Mes\u00ebm TM"},"content":{"rendered":"[et_pb_section fb_built=&#8221;1&#8243; admin_label=&#8221;section&#8221; _builder_version=&#8221;3.22.3&#8243;][et_pb_row admin_label=&#8221;row&#8221; _builder_version=&#8221;3.25&#8243; background_size=&#8221;initial&#8221; background_position=&#8221;top_left&#8221; background_repeat=&#8221;repeat&#8221;][et_pb_column type=&#8221;4_4&#8243; _builder_version=&#8221;3.25&#8243; custom_padding=&#8221;|||&#8221; custom_padding__hover=&#8221;|||&#8221;][et_pb_post_title meta=&#8221;off&#8221; featured_image=&#8221;off&#8221; _builder_version=&#8221;3.25.4&#8243;][\/et_pb_post_title][et_pb_text admin_label=&#8221;Text&#8221; _builder_version=&#8221;3.0.74&#8243; background_size=&#8221;initial&#8221; background_position=&#8221;top_left&#8221; background_repeat=&#8221;repeat&#8221;]\n<figure class=\"wp-block-image is-resized\"><img decoding=\"async\" src=\"http:\/\/edico.al\/wp-content\/uploads\/2019\/07\/medium-voltage-switchgear-nxair-1024x576.jpeg\" alt=\"\" class=\"wp-image-238782\" width=\"1308\" height=\"735\" srcset=\"https:\/\/edico.al\/wp-content\/uploads\/2019\/07\/medium-voltage-switchgear-nxair-1024x576.jpeg 1024w, https:\/\/edico.al\/wp-content\/uploads\/2019\/07\/medium-voltage-switchgear-nxair-600x338.jpeg 600w, https:\/\/edico.al\/wp-content\/uploads\/2019\/07\/medium-voltage-switchgear-nxair-300x169.jpeg 300w, https:\/\/edico.al\/wp-content\/uploads\/2019\/07\/medium-voltage-switchgear-nxair-768x432.jpeg 768w, https:\/\/edico.al\/wp-content\/uploads\/2019\/07\/medium-voltage-switchgear-nxair-1080x608.jpeg 1080w, https:\/\/edico.al\/wp-content\/uploads\/2019\/07\/medium-voltage-switchgear-nxair.jpeg 1125w\" sizes=\"(max-width: 1308px) 100vw, 1308px\" \/><\/figure>\n\n\n\n<p>Edico Group ofron nj\u00eb gam\u00eb t\u00eb plot\u00eb t\u00eb zgjidhjeve t\u00eb tensionit t\u00eb mes\u00ebm p\u00ebr konsumator\u00ebt e sh\u00ebrbimeve, industrive dhe komerciale me teknologji t\u00eb sigurt, t\u00eb besueshme dhe t\u00eb zgjuar p\u00ebr shp\u00ebrndarjen e energjis\u00eb elektrike. <\/p>\n\n\n[\/et_pb_text][\/et_pb_column][\/et_pb_row][et_pb_row column_structure=&#8221;1_2,1_2&#8243; _builder_version=&#8221;3.25.4&#8243; locked=&#8221;off&#8221;][et_pb_column type=&#8221;1_2&#8243; _builder_version=&#8221;3.25.4&#8243;][et_pb_image src=&#8221;http:\/\/edico.al\/wp-content\/uploads\/2019\/09\/high.png&#8221; show_in_lightbox=&#8221;on&#8221; use_overlay=&#8221;on&#8221; overlay_icon_color=&#8221;#ffffff&#8221; hover_overlay_color=&#8221;rgba(39,108,242,0.78)&#8221; show_bottom_space=&#8221;off&#8221; align=&#8221;center&#8221; force_fullwidth=&#8221;on&#8221; align_tablet=&#8221;center&#8221; align_last_edited=&#8221;on|desktop&#8221; admin_label=&#8221;Image&#8221; _builder_version=&#8221;3.25.4&#8243; custom_padding=&#8221;||0px|||&#8221; use_border_color=&#8221;off&#8221; border_color=&#8221;#ffffff&#8221; border_style=&#8221;solid&#8221; animation=&#8221;off&#8221; sticky=&#8221;on&#8221; always_center_on_mobile=&#8221;on&#8221;] [\/et_pb_image][\/et_pb_column][et_pb_column type=&#8221;1_2&#8243; _builder_version=&#8221;3.25.4&#8243;][et_pb_image src=&#8221;http:\/\/edico.al\/wp-content\/uploads\/2019\/09\/high2.jpg&#8221; show_in_lightbox=&#8221;on&#8221; use_overlay=&#8221;on&#8221; overlay_icon_color=&#8221;#ffffff&#8221; hover_overlay_color=&#8221;rgba(39,108,242,0.78)&#8221; show_bottom_space=&#8221;off&#8221; align=&#8221;center&#8221; force_fullwidth=&#8221;on&#8221; align_tablet=&#8221;center&#8221; align_last_edited=&#8221;on|desktop&#8221; admin_label=&#8221;Image&#8221; _builder_version=&#8221;3.25.4&#8243; transform_scale=&#8221;118%|118%&#8221; transform_translate=&#8221;0px|22px&#8221; transform_translate_linked=&#8221;off&#8221; custom_margin=&#8221;|2px|71px|||&#8221; use_border_color=&#8221;off&#8221; border_color=&#8221;#ffffff&#8221; border_style=&#8221;solid&#8221; animation=&#8221;off&#8221; sticky=&#8221;on&#8221; always_center_on_mobile=&#8221;on&#8221;] [\/et_pb_image][\/et_pb_column][\/et_pb_row][et_pb_row _builder_version=&#8221;3.25.4&#8243;][et_pb_column type=&#8221;4_4&#8243; _builder_version=&#8221;3.25.4&#8243;][et_pb_shop type=&#8221;product_category&#8221; include_categories=&#8221;26&#8243; _builder_version=&#8221;3.25.4&#8243;][\/et_pb_shop][\/et_pb_column][\/et_pb_row][\/et_pb_section]","protected":false},"excerpt":{"rendered":"<p>[et_pb_section fb_built=&#8221;1&#8243; admin_label=&#8221;section&#8221; _builder_version=&#8221;3.22.3&#8243;][et_pb_row admin_label=&#8221;row&#8221; _builder_version=&#8221;3.25&#8243; background_size=&#8221;initial&#8221; background_position=&#8221;top_left&#8221; background_repeat=&#8221;repeat&#8221;][et_pb_column type=&#8221;4_4&#8243; _builder_version=&#8221;3.25&#8243; custom_padding=&#8221;|||&#8221; custom_padding__hover=&#8221;|||&#8221;][et_pb_post_title meta=&#8221;off&#8221; featured_image=&#8221;off&#8221; _builder_version=&#8221;3.25.4&#8243;][\/et_pb_post_title][et_pb_text admin_label=&#8221;Text&#8221; _builder_version=&#8221;3.0.74&#8243; background_size=&#8221;initial&#8221; background_position=&#8221;top_left&#8221; background_repeat=&#8221;repeat&#8221;] Edico Group ofron nj\u00eb gam\u00eb t\u00eb plot\u00eb t\u00eb zgjidhjeve t\u00eb tensionit t\u00eb mes\u00ebm p\u00ebr konsumator\u00ebt e sh\u00ebrbimeve, industrive dhe komerciale me teknologji t\u00eb sigurt, t\u00eb besueshme dhe t\u00eb zgjuar p\u00ebr shp\u00ebrndarjen e energjis\u00eb elektrike. [&hellip;]<\/p>\n","protected":false},"author":4,"featured_media":0,"parent":0,"menu_order":0,"comment_status":"closed","ping_status":"closed","template":"","meta":{"_et_pb_use_builder":"on","_et_pb_old_content":"<!-- wp:image {\"id\":238782,\"width\":1308,\"height\":735} -->\n<figure class=\"wp-block-image is-resized\"><img src=\"http:\/\/edico.al\/wp-content\/uploads\/2019\/07\/medium-voltage-switchgear-nxair-1024x576.jpeg\" alt=\"\" class=\"wp-image-238782\" width=\"1308\" height=\"735\"\/><\/figure>\n<!-- \/wp:image -->\n\n<!-- wp:paragraph -->\n<p>Edico Group ofron nj\u00eb gam\u00eb t\u00eb plot\u00eb t\u00eb zgjidhjeve t\u00eb tensionit t\u00eb mes\u00ebm p\u00ebr konsumator\u00ebt e sh\u00ebrbimeve, industrive dhe komerciale me teknologji t\u00eb sigurt, t\u00eb besueshme dhe t\u00eb zgjuar p\u00ebr shp\u00ebrndarjen e energjis\u00eb elektrike. <\/p>\n<!-- \/wp:paragraph -->\n\n<!-- wp:woocommerce\/product-category {\"categories\":[26],\"editMode\":false} -->\n<div class=\"wp-block-woocommerce-product-category\">[products limit=\"3\" columns=\"3\" category=\"26\" orderby=\"date\" order=\"DESC\"]<\/div>\n<!-- \/wp:woocommerce\/product-category -->","footnotes":""},"_links":{"self":[{"href":"https:\/\/edico.al\/sq\/wp-json\/wp\/v2\/pages\/238285"}],"collection":[{"href":"https:\/\/edico.al\/sq\/wp-json\/wp\/v2\/pages"}],"about":[{"href":"https:\/\/edico.al\/sq\/wp-json\/wp\/v2\/types\/page"}],"author":[{"embeddable":true,"href":"https:\/\/edico.al\/sq\/wp-json\/wp\/v2\/users\/4"}],"replies":[{"embeddable":true,"href":"https:\/\/edico.al\/sq\/wp-json\/wp\/v2\/comments?post=238285"}],"version-history":[{"count":5,"href":"https:\/\/edico.al\/sq\/wp-json\/wp\/v2\/pages\/238285\/revisions"}],"predecessor-version":[{"id":241895,"href":"https:\/\/edico.al\/sq\/wp-json\/wp\/v2\/pages\/238285\/revisions\/241895"}],"wp:attachment":[{"href":"https:\/\/edico.al\/sq\/wp-json\/wp\/v2\/media?parent=238285"}],"curies":[{"name":"wp","href":"https:\/\/api.w.org\/{rel}","templated":true}]}}