{"id":238287,"date":"2019-07-09T09:03:10","date_gmt":"2019-07-09T09:03:10","guid":{"rendered":"http:\/\/edico.al\/?page_id=238287"},"modified":"2019-08-16T12:23:07","modified_gmt":"2019-08-16T12:23:07","slug":"matje-dhe-analiza-2","status":"publish","type":"page","link":"https:\/\/edico.al\/sq\/matje-dhe-analiza-2\/","title":{"rendered":"Matje dhe Analiza"},"content":{"rendered":"[et_pb_section fb_built=&#8221;1&#8243; admin_label=&#8221;section&#8221; _builder_version=&#8221;3.22.3&#8243;][et_pb_row _builder_version=&#8221;3.25.4&#8243;][et_pb_column type=&#8221;4_4&#8243; _builder_version=&#8221;3.25.4&#8243;][et_pb_post_title meta=&#8221;off&#8221; featured_image=&#8221;off&#8221; _builder_version=&#8221;3.25.4&#8243;][\/et_pb_post_title][\/et_pb_column][\/et_pb_row][et_pb_row admin_label=&#8221;row&#8221; _builder_version=&#8221;3.25&#8243; background_size=&#8221;initial&#8221; background_position=&#8221;top_left&#8221; background_repeat=&#8221;repeat&#8221;][et_pb_column type=&#8221;4_4&#8243; _builder_version=&#8221;3.25&#8243; custom_padding=&#8221;|||&#8221; custom_padding__hover=&#8221;|||&#8221;][et_pb_text admin_label=&#8221;Text&#8221; _builder_version=&#8221;3.0.74&#8243; background_size=&#8221;initial&#8221; background_position=&#8221;top_left&#8221; background_repeat=&#8221;repeat&#8221;]<p><\/p>\n<p>Matjet jan\u00eb b\u00ebr\u00eb t\u00eb lehta<\/p>\n<p><\/p>\n<p><\/p>\n<figure class=\"wp-block-image is-resized\"><img decoding=\"async\" src=\"http:\/\/edico.al\/wp-content\/uploads\/2019\/07\/blog_execvoices_8-steps_analytics.jpg\" alt=\"\" class=\"wp-image-238785\" width=\"1310\" height=\"713\" srcset=\"https:\/\/edico.al\/wp-content\/uploads\/2019\/07\/blog_execvoices_8-steps_analytics.jpg 735w, https:\/\/edico.al\/wp-content\/uploads\/2019\/07\/blog_execvoices_8-steps_analytics-600x327.jpg 600w, https:\/\/edico.al\/wp-content\/uploads\/2019\/07\/blog_execvoices_8-steps_analytics-300x163.jpg 300w\" sizes=\"(max-width: 1310px) 100vw, 1310px\" \/><\/figure>\n<p><\/p>\n<p><\/p>\n<p>Ne sjellim matje dhe analiza digjitale. Q\u00ebllimi yn\u00eb \u00ebsht\u00eb q\u00eb t\u00eb b\u00ebjm\u00eb p\u00ebrzgjedhjen dhe pron\u00ebsin\u00eb t\u00eb leht\u00eb &#8211; k\u00ebshtu q\u00eb ju mund t\u00eb p\u00ebrq\u00ebndroheni n\u00eb biznesin tuaj.<\/p>\n<p><\/p>[\/et_pb_text][\/et_pb_column][\/et_pb_row][et_pb_row column_structure=&#8221;1_4,1_4,1_4,1_4&#8243; _builder_version=&#8221;3.25.4&#8243;][et_pb_column type=&#8221;1_4&#8243; _builder_version=&#8221;3.25.4&#8243;][et_pb_blurb title=&#8221;Peshore Elektronike&#8221; url=&#8221;\/peshore-elektronike\/&#8221; image=&#8221;http:\/\/edico.al\/wp-content\/uploads\/2019\/08\/panel-peshore-antivibrant.jpg&#8221; admin_label=&#8221;Multipurpose Homepage &#8211; Blurb &#8221; _builder_version=&#8221;3.25.4&#8243; header_font=&#8221;Playfair Display|700|||||||&#8221; header_text_align=&#8221;center&#8221; header_text_color=&#8221;#000000&#8243; header_font_size=&#8221;22&#8243; body_text_align=&#8221;center&#8221; body_text_color=&#8221;#3b3b3b&#8221; body_font_size=&#8221;16&#8243; background_size=&#8221;initial&#8221; background_position=&#8221;top_left&#8221; background_repeat=&#8221;repeat&#8221; max_width_tablet=&#8221;50px&#8221; custom_margin=&#8221;||0px|&#8221; animation=&#8221;off&#8221; header_font_size_tablet=&#8221;20&#8243; header_font_size_last_edited=&#8221;on|tablet&#8221; custom_css_after=&#8221;content: %22%22;|| display: block;|| width: 87px;|| height: 1px;|| background-color: #a7a7a7;|| margin: 24px auto 13px;&#8221; custom_css_blurb_image=&#8221;background-color:#2b2b33 !important;||max-width:160px !important; ||max-height:160px !important;|| margin-bottom: 44px;|| padding: 7%;&#8221; custom_css_blurb_content=&#8221; line-height: 170%;&#8221; locked=&#8221;off&#8221; transform_styles__hover_enabled=&#8221;on&#8221; transform_scale__hover_enabled=&#8221;on&#8221; transform_translate__hover_enabled=&#8221;on&#8221; transform_rotate__hover_enabled=&#8221;on&#8221; transform_skew__hover_enabled=&#8221;on&#8221; transform_origin__hover_enabled=&#8221;on&#8221; transform_scale__hover=&#8221;110%|110%&#8221;][\/et_pb_blurb][\/et_pb_column][et_pb_column type=&#8221;1_4&#8243; _builder_version=&#8221;3.25.4&#8243;][et_pb_blurb title=&#8221;Mat\u00ebs Niveli&#8221; url=&#8221;\/mates-niveli\/&#8221; image=&#8221;http:\/\/edico.al\/wp-content\/uploads\/2019\/08\/ds3_z.jpg&#8221; admin_label=&#8221;Multipurpose Homepage &#8211; Blurb &#8221; _builder_version=&#8221;3.25.4&#8243; header_font=&#8221;Playfair Display|700|||||||&#8221; header_text_align=&#8221;center&#8221; header_text_color=&#8221;#000000&#8243; header_font_size=&#8221;22&#8243; body_text_align=&#8221;center&#8221; body_text_color=&#8221;#3b3b3b&#8221; body_font_size=&#8221;16&#8243; background_size=&#8221;initial&#8221; background_position=&#8221;top_left&#8221; background_repeat=&#8221;repeat&#8221; max_width_tablet=&#8221;50px&#8221; custom_margin=&#8221;||0px|&#8221; animation=&#8221;off&#8221; header_font_size_tablet=&#8221;20&#8243; header_font_size_last_edited=&#8221;on|tablet&#8221; custom_css_after=&#8221;content: %22%22;|| display: block;|| width: 87px;|| height: 1px;|| background-color: #a7a7a7;|| margin: 24px auto 13px;&#8221; custom_css_blurb_image=&#8221;background-color:#2b2b33 !important;||max-width:160px !important; ||max-height:160px !important;|| margin-bottom: 44px;|| padding: 7%;&#8221; custom_css_blurb_content=&#8221; line-height: 170%;&#8221; locked=&#8221;off&#8221; transform_styles__hover_enabled=&#8221;on&#8221; transform_scale__hover_enabled=&#8221;on&#8221; transform_translate__hover_enabled=&#8221;on&#8221; transform_rotate__hover_enabled=&#8221;on&#8221; transform_skew__hover_enabled=&#8221;on&#8221; transform_origin__hover_enabled=&#8221;on&#8221; transform_scale__hover=&#8221;110%|110%&#8221;][\/et_pb_blurb][\/et_pb_column][et_pb_column type=&#8221;1_4&#8243; _builder_version=&#8221;3.25.4&#8243;][et_pb_blurb title=&#8221;Flow Meter&#8221; url=&#8221;\/wordpress\/motore-dhe-gjeneratore\/&#8221; admin_label=&#8221;Multipurpose Homepage &#8211; Blurb &#8221; _builder_version=&#8221;3.25.4&#8243; header_font=&#8221;Playfair Display|700|||||||&#8221; header_text_align=&#8221;center&#8221; header_text_color=&#8221;#000000&#8243; header_font_size=&#8221;22&#8243; body_text_align=&#8221;center&#8221; body_text_color=&#8221;#3b3b3b&#8221; body_font_size=&#8221;16&#8243; background_size=&#8221;initial&#8221; background_position=&#8221;top_left&#8221; background_repeat=&#8221;repeat&#8221; max_width_tablet=&#8221;50px&#8221; custom_margin=&#8221;||0px|&#8221; animation=&#8221;off&#8221; header_font_size_tablet=&#8221;20&#8243; header_font_size_last_edited=&#8221;on|tablet&#8221; custom_css_after=&#8221;content: %22%22;|| display: block;|| width: 87px;|| height: 1px;|| background-color: #a7a7a7;|| margin: 24px auto 13px;&#8221; custom_css_blurb_image=&#8221;background-color:#2b2b33 !important;||max-width:160px !important; ||max-height:160px !important;|| margin-bottom: 44px;|| padding: 7%;&#8221; custom_css_blurb_content=&#8221; line-height: 170%;&#8221; locked=&#8221;off&#8221; transform_styles__hover_enabled=&#8221;on&#8221; transform_scale__hover_enabled=&#8221;on&#8221; transform_translate__hover_enabled=&#8221;on&#8221; transform_rotate__hover_enabled=&#8221;on&#8221; transform_skew__hover_enabled=&#8221;on&#8221; transform_origin__hover_enabled=&#8221;on&#8221; transform_scale__hover=&#8221;110%|110%&#8221;][\/et_pb_blurb][\/et_pb_column][et_pb_column type=&#8221;1_4&#8243; _builder_version=&#8221;3.25.4&#8243;][et_pb_blurb title=&#8221;T\u00eb tjera&#8221; url=&#8221;\/wordpress\/motore-dhe-gjeneratore\/&#8221; admin_label=&#8221;Multipurpose Homepage &#8211; Blurb &#8221; _builder_version=&#8221;3.25.4&#8243; header_font=&#8221;Playfair Display|700|||||||&#8221; header_text_align=&#8221;center&#8221; header_text_color=&#8221;#000000&#8243; header_font_size=&#8221;22&#8243; body_text_align=&#8221;center&#8221; body_text_color=&#8221;#3b3b3b&#8221; body_font_size=&#8221;16&#8243; background_size=&#8221;initial&#8221; background_position=&#8221;top_left&#8221; background_repeat=&#8221;repeat&#8221; max_width_tablet=&#8221;50px&#8221; custom_margin=&#8221;||0px|&#8221; animation=&#8221;off&#8221; header_font_size_tablet=&#8221;20&#8243; header_font_size_last_edited=&#8221;on|tablet&#8221; custom_css_after=&#8221;content: %22%22;|| display: block;|| width: 87px;|| height: 1px;|| background-color: #a7a7a7;|| margin: 24px auto 13px;&#8221; custom_css_blurb_image=&#8221;background-color:#2b2b33 !important;||max-width:160px !important; ||max-height:160px !important;|| margin-bottom: 44px;|| padding: 7%;&#8221; custom_css_blurb_content=&#8221; line-height: 170%;&#8221; locked=&#8221;off&#8221; transform_styles__hover_enabled=&#8221;on&#8221; transform_scale__hover_enabled=&#8221;on&#8221; transform_translate__hover_enabled=&#8221;on&#8221; transform_rotate__hover_enabled=&#8221;on&#8221; transform_skew__hover_enabled=&#8221;on&#8221; transform_origin__hover_enabled=&#8221;on&#8221; transform_scale__hover=&#8221;110%|110%&#8221;][\/et_pb_blurb][\/et_pb_column][\/et_pb_row][\/et_pb_section]","protected":false},"excerpt":{"rendered":"<p>[et_pb_section fb_built=&#8221;1&#8243; admin_label=&#8221;section&#8221; _builder_version=&#8221;3.22.3&#8243;][et_pb_row _builder_version=&#8221;3.25.4&#8243;][et_pb_column type=&#8221;4_4&#8243; _builder_version=&#8221;3.25.4&#8243;][et_pb_post_title meta=&#8221;off&#8221; featured_image=&#8221;off&#8221; _builder_version=&#8221;3.25.4&#8243;][\/et_pb_post_title][\/et_pb_column][\/et_pb_row][et_pb_row admin_label=&#8221;row&#8221; _builder_version=&#8221;3.25&#8243; background_size=&#8221;initial&#8221; background_position=&#8221;top_left&#8221; background_repeat=&#8221;repeat&#8221;][et_pb_column type=&#8221;4_4&#8243; _builder_version=&#8221;3.25&#8243; custom_padding=&#8221;|||&#8221; custom_padding__hover=&#8221;|||&#8221;][et_pb_text admin_label=&#8221;Text&#8221; _builder_version=&#8221;3.0.74&#8243; background_size=&#8221;initial&#8221; background_position=&#8221;top_left&#8221; background_repeat=&#8221;repeat&#8221;] Matjet jan\u00eb b\u00ebr\u00eb t\u00eb lehta Ne sjellim matje dhe analiza digjitale. Q\u00ebllimi yn\u00eb \u00ebsht\u00eb q\u00eb t\u00eb b\u00ebjm\u00eb p\u00ebrzgjedhjen dhe pron\u00ebsin\u00eb t\u00eb leht\u00eb &#8211; k\u00ebshtu q\u00eb ju mund t\u00eb p\u00ebrq\u00ebndroheni n\u00eb biznesin [&hellip;]<\/p>\n","protected":false},"author":4,"featured_media":0,"parent":0,"menu_order":0,"comment_status":"closed","ping_status":"closed","template":"","meta":{"_et_pb_use_builder":"on","_et_pb_old_content":"<!-- wp:paragraph -->\n<p>Matja \u00ebsht\u00eb b\u00ebr\u00eb e leht\u00eb<\/p>\n<!-- \/wp:paragraph -->\n\n<!-- wp:image {\"id\":238785,\"width\":1310,\"height\":713} -->\n<figure class=\"wp-block-image is-resized\"><img src=\"http:\/\/edico.al\/wp-content\/uploads\/2019\/07\/blog_execvoices_8-steps_analytics.jpg\" alt=\"\" class=\"wp-image-238785\" width=\"1310\" height=\"713\"\/><\/figure>\n<!-- \/wp:image -->\n\n<!-- wp:paragraph -->\n<p>Ne sjellim matje dhe analiza digjitale. Q\u00ebllimi yn\u00eb \u00ebsht\u00eb q\u00eb t\u00eb b\u00ebjm\u00eb p\u00ebrzgjedhjen dhe pron\u00ebsin\u00eb t\u00eb leht\u00eb - k\u00ebshtu q\u00eb ju mund t\u00eb p\u00ebrq\u00ebndroheni n\u00eb biznesin tuaj.<\/p>\n<!-- \/wp:paragraph -->","footnotes":""},"_links":{"self":[{"href":"https:\/\/edico.al\/sq\/wp-json\/wp\/v2\/pages\/238287"}],"collection":[{"href":"https:\/\/edico.al\/sq\/wp-json\/wp\/v2\/pages"}],"about":[{"href":"https:\/\/edico.al\/sq\/wp-json\/wp\/v2\/types\/page"}],"author":[{"embeddable":true,"href":"https:\/\/edico.al\/sq\/wp-json\/wp\/v2\/users\/4"}],"replies":[{"embeddable":true,"href":"https:\/\/edico.al\/sq\/wp-json\/wp\/v2\/comments?post=238287"}],"version-history":[{"count":3,"href":"https:\/\/edico.al\/sq\/wp-json\/wp\/v2\/pages\/238287\/revisions"}],"predecessor-version":[{"id":238786,"href":"https:\/\/edico.al\/sq\/wp-json\/wp\/v2\/pages\/238287\/revisions\/238786"}],"wp:attachment":[{"href":"https:\/\/edico.al\/sq\/wp-json\/wp\/v2\/media?parent=238287"}],"curies":[{"name":"wp","href":"https:\/\/api.w.org\/{rel}","templated":true}]}}