{"id":238292,"date":"2019-07-09T09:04:04","date_gmt":"2019-07-09T09:04:04","guid":{"rendered":"http:\/\/edico.al\/?page_id=238292"},"modified":"2019-08-30T14:05:46","modified_gmt":"2019-08-30T14:05:46","slug":"produkte-metalurgjie","status":"publish","type":"page","link":"https:\/\/edico.al\/sq\/produkte-metalurgjie\/","title":{"rendered":"Produkte Metalurgjie"},"content":{"rendered":"[et_pb_section fb_built=&#8221;1&#8243; admin_label=&#8221;section&#8221; _builder_version=&#8221;3.22.3&#8243;][et_pb_row _builder_version=&#8221;3.25.4&#8243;][et_pb_column type=&#8221;4_4&#8243; _builder_version=&#8221;3.25.4&#8243;][et_pb_post_title meta=&#8221;off&#8221; featured_image=&#8221;off&#8221; _builder_version=&#8221;3.25.4&#8243;][\/et_pb_post_title][\/et_pb_column][\/et_pb_row][et_pb_row admin_label=&#8221;row&#8221; _builder_version=&#8221;3.25&#8243; background_size=&#8221;initial&#8221; background_position=&#8221;top_left&#8221; background_repeat=&#8221;repeat&#8221;][et_pb_column type=&#8221;4_4&#8243; _builder_version=&#8221;3.25&#8243; custom_padding=&#8221;|||&#8221; custom_padding__hover=&#8221;|||&#8221;][et_pb_text admin_label=&#8221;Text&#8221; _builder_version=&#8221;3.0.74&#8243; background_size=&#8221;initial&#8221; background_position=&#8221;top_left&#8221; background_repeat=&#8221;repeat&#8221;]<p><\/p>\n<p>P\u00ebrziers\u00eb elektromagnetik\u00eb p\u00ebr metal dhe alumin.<\/p>\n<p><\/p>\n<p><\/p>\n<figure class=\"wp-block-image is-resized\"><img decoding=\"async\" src=\"http:\/\/edico.al\/wp-content\/uploads\/2019\/07\/mittal.png\" alt=\"\" class=\"wp-image-238790\" width=\"1312\" height=\"1312\" srcset=\"https:\/\/edico.al\/wp-content\/uploads\/2019\/07\/mittal.png 590w, https:\/\/edico.al\/wp-content\/uploads\/2019\/07\/mittal-300x300.png 300w, https:\/\/edico.al\/wp-content\/uploads\/2019\/07\/mittal-450x450.png 450w, https:\/\/edico.al\/wp-content\/uploads\/2019\/07\/mittal-150x150.png 150w, https:\/\/edico.al\/wp-content\/uploads\/2019\/07\/mittal-100x100.png 100w\" sizes=\"(max-width: 1312px) 100vw, 1312px\" \/><\/figure>\n<p><\/p>\n<p><\/p>\n<p><\/p>\n<p><\/p>\n<p>Zgjidhjet elektromagnetike t\u00eb p\u00ebrzerjes q\u00eb ne p\u00ebrdorim ofrojn\u00eb p\u00ebrmir\u00ebsime metalurgjike q\u00eb rrisin produktivitetin, cil\u00ebsin\u00eb e produktit p\u00ebrfundimtar dhe ulin kostot operative p\u00ebr furrat e harkut elektrik dhe furrat e derdhjeve, hedhjes s\u00eb materialit t\u00eb shkrir\u00eb p\u00ebr pllaka t\u00eb holla dhe t\u00eb trasha, si dhe furrat e aluminit.<\/p>\n<p><\/p>\n<p><\/p>\n<p>Stabilizuesi Elektromagnetik q\u00eb ne p\u00ebrdorim kontribuon n\u00eb p\u00ebrmir\u00ebsimin e cil\u00ebsis\u00eb dhe efikasitetit t\u00eb kostos p\u00ebr linjat e galvanizimit. Ne ofrojm\u00eb teknologjin\u00eb m\u00eb t\u00eb fundit t\u00eb matjes s\u00eb temperatur\u00ebs me fib\u00ebr optike, duke rritur kuptimin dhe kontrollin. Me ndihm\u00ebn e ekipit ton\u00eb t\u00eb p\u00ebrkushtuar t\u00eb sh\u00ebrbimit dhe mir\u00ebmbajtjes, mund t\u00eb siguroheni q\u00eb t\u00eb p\u00ebrfitoni sa m\u00eb shum\u00eb nga investimi juaj, p\u00ebr aq koh\u00eb sa t\u00eb jet\u00eb e mundur.<\/p>\n<p><\/p>\n<p><\/p>\n<p>Edico Group ofron nj\u00eb gam\u00eb t\u00eb plot\u00eb t\u00eb EMS n\u00eb p\u00ebr \u00e7elik dhe alumin. Ne ofrojm\u00eb cil\u00ebsi t\u00eb lart\u00eb, performanc\u00eb t\u00eb lart\u00eb, produkte elektromagnetike q\u00eb ju ndihmojn\u00eb p\u00ebr t\u00eb kap\u00ebrcyer sfidat me t\u00eb cilat p\u00ebrballet biznesi juaj.<\/p>\n<p><\/p>\n<p><\/p>[\/et_pb_text][\/et_pb_column][\/et_pb_row][et_pb_row _builder_version=&#8221;3.25.4&#8243;][et_pb_column type=&#8221;4_4&#8243; _builder_version=&#8221;3.25.4&#8243;][et_pb_shop type=&#8221;product_category&#8221; include_categories=&#8221;27&#8243; _builder_version=&#8221;3.25.4&#8243;][\/et_pb_shop][\/et_pb_column][\/et_pb_row][\/et_pb_section]","protected":false},"excerpt":{"rendered":"<p>[et_pb_section fb_built=&#8221;1&#8243; admin_label=&#8221;section&#8221; _builder_version=&#8221;3.22.3&#8243;][et_pb_row _builder_version=&#8221;3.25.4&#8243;][et_pb_column type=&#8221;4_4&#8243; _builder_version=&#8221;3.25.4&#8243;][et_pb_post_title meta=&#8221;off&#8221; featured_image=&#8221;off&#8221; _builder_version=&#8221;3.25.4&#8243;][\/et_pb_post_title][\/et_pb_column][\/et_pb_row][et_pb_row admin_label=&#8221;row&#8221; _builder_version=&#8221;3.25&#8243; background_size=&#8221;initial&#8221; background_position=&#8221;top_left&#8221; background_repeat=&#8221;repeat&#8221;][et_pb_column type=&#8221;4_4&#8243; _builder_version=&#8221;3.25&#8243; custom_padding=&#8221;|||&#8221; custom_padding__hover=&#8221;|||&#8221;][et_pb_text admin_label=&#8221;Text&#8221; _builder_version=&#8221;3.0.74&#8243; background_size=&#8221;initial&#8221; background_position=&#8221;top_left&#8221; background_repeat=&#8221;repeat&#8221;] P\u00ebrziers\u00eb elektromagnetik\u00eb p\u00ebr metal dhe alumin. Zgjidhjet elektromagnetike t\u00eb p\u00ebrzerjes q\u00eb ne p\u00ebrdorim ofrojn\u00eb p\u00ebrmir\u00ebsime metalurgjike q\u00eb rrisin produktivitetin, cil\u00ebsin\u00eb e produktit p\u00ebrfundimtar dhe ulin kostot operative p\u00ebr furrat e harkut [&hellip;]<\/p>\n","protected":false},"author":4,"featured_media":0,"parent":0,"menu_order":0,"comment_status":"closed","ping_status":"closed","template":"","meta":{"_et_pb_use_builder":"on","_et_pb_old_content":"<!-- wp:paragraph -->\n<p>P\u00ebrziers\u00eb elektromagnetik\u00eb p\u00ebr metal dhe alumin.<\/p>\n<!-- \/wp:paragraph -->\n\n<!-- wp:image {\"id\":238790,\"width\":1312,\"height\":1312} -->\n<figure class=\"wp-block-image is-resized\"><img src=\"http:\/\/edico.al\/wp-content\/uploads\/2019\/07\/mittal.png\" alt=\"\" class=\"wp-image-238790\" width=\"1312\" height=\"1312\"\/><\/figure>\n<!-- \/wp:image -->\n\n<!-- wp:paragraph -->\n<p><\/p>\n<!-- \/wp:paragraph -->\n\n<!-- wp:paragraph -->\n<p>Zgjidhjet elektromagnetike t\u00eb p\u00ebrzerjes q\u00eb ne p\u00ebrdorim ofrojn\u00eb p\u00ebrmir\u00ebsime metalurgjike q\u00eb rrisin produktivitetin, cil\u00ebsin\u00eb e produktit p\u00ebrfundimtar dhe ulin kostot operative p\u00ebr furrat e harkut elektrik dhe furrat e derdhjeve, hedhjes s\u00eb materialit t\u00eb shkrir\u00eb p\u00ebr pllaka t\u00eb holla dhe t\u00eb trasha, si dhe furrat e aluminit.<\/p>\n<!-- \/wp:paragraph -->\n\n<!-- wp:paragraph -->\n<p>Stabilizuesi Elektromagnetik q\u00eb ne p\u00ebrdodim kontribuon n\u00eb p\u00ebrmir\u00ebsimin e cil\u00ebsis\u00eb dhe efikasitetit t\u00eb kostos p\u00ebr linjat e galvanizimit, ne ofrojm\u00eb teknologjin\u00eb m\u00eb t\u00eb fundit t\u00eb matjes s\u00eb temperatur\u00ebs me fib\u00ebr optike, duke rritur kuptimin dhe kontrollin. Me ndihm\u00ebn e ekipit ton\u00eb t\u00eb p\u00ebrkushtuar t\u00eb sh\u00ebrbimit dhe mir\u00ebmbajtjes, mund t\u00eb siguroheni q\u00eb t\u00eb p\u00ebrfitoni sa m\u00eb shum\u00eb nga investimi juaj, p\u00ebr aq koh\u00eb sa t\u00eb jet\u00eb e mundur.<\/p>\n<!-- \/wp:paragraph -->\n\n<!-- wp:paragraph -->\n<p>Edico Group ofron nj\u00eb gam\u00eb t\u00eb plot\u00eb t\u00eb EMS n\u00eb p\u00ebr \u00e7elik dhe alumin. Ne ofrojm\u00eb cil\u00ebsi t\u00eb lart\u00eb, performanc\u00eb t\u00eb lart\u00eb, produkte elektromagnetike q\u00eb ju ndihmojn\u00eb p\u00ebr t\u00eb kap\u00ebrcyer sfidat me t\u00eb cilat p\u00ebrballet biznesi juaj.<\/p>\n<!-- \/wp:paragraph -->\n\n<!-- wp:woocommerce\/product-category {\"categories\":[27],\"editMode\":false} -->\n<div class=\"wp-block-woocommerce-product-category\">[products limit=\"3\" columns=\"3\" category=\"27\" orderby=\"date\" order=\"DESC\"]<\/div>\n<!-- \/wp:woocommerce\/product-category -->","footnotes":""},"_links":{"self":[{"href":"https:\/\/edico.al\/sq\/wp-json\/wp\/v2\/pages\/238292"}],"collection":[{"href":"https:\/\/edico.al\/sq\/wp-json\/wp\/v2\/pages"}],"about":[{"href":"https:\/\/edico.al\/sq\/wp-json\/wp\/v2\/types\/page"}],"author":[{"embeddable":true,"href":"https:\/\/edico.al\/sq\/wp-json\/wp\/v2\/users\/4"}],"replies":[{"embeddable":true,"href":"https:\/\/edico.al\/sq\/wp-json\/wp\/v2\/comments?post=238292"}],"version-history":[{"count":5,"href":"https:\/\/edico.al\/sq\/wp-json\/wp\/v2\/pages\/238292\/revisions"}],"predecessor-version":[{"id":241342,"href":"https:\/\/edico.al\/sq\/wp-json\/wp\/v2\/pages\/238292\/revisions\/241342"}],"wp:attachment":[{"href":"https:\/\/edico.al\/sq\/wp-json\/wp\/v2\/media?parent=238292"}],"curies":[{"name":"wp","href":"https:\/\/api.w.org\/{rel}","templated":true}]}}