{"id":238312,"date":"2019-07-09T09:08:31","date_gmt":"2019-07-09T09:08:31","guid":{"rendered":"http:\/\/edico.al\/?page_id=238312"},"modified":"2019-07-29T08:46:20","modified_gmt":"2019-07-29T08:46:20","slug":"transformatore","status":"publish","type":"page","link":"https:\/\/edico.al\/sq\/transformatore\/","title":{"rendered":"Transformatore"},"content":{"rendered":"[et_pb_section fb_built=&#8221;1&#8243; admin_label=&#8221;section&#8221; _builder_version=&#8221;3.22.3&#8243;][et_pb_row _builder_version=&#8221;3.25.4&#8243;][et_pb_column type=&#8221;4_4&#8243; _builder_version=&#8221;3.25.4&#8243;][et_pb_post_title meta=&#8221;off&#8221; featured_image=&#8221;off&#8221; _builder_version=&#8221;3.25.4&#8243;][\/et_pb_post_title][\/et_pb_column][\/et_pb_row][et_pb_row admin_label=&#8221;row&#8221; _builder_version=&#8221;3.25&#8243; background_size=&#8221;initial&#8221; background_position=&#8221;top_left&#8221; background_repeat=&#8221;repeat&#8221; custom_margin=&#8221;|auto|-8px|auto||&#8221;][et_pb_column type=&#8221;4_4&#8243; _builder_version=&#8221;3.25&#8243; custom_padding=&#8221;|||&#8221; custom_padding__hover=&#8221;|||&#8221;][et_pb_text admin_label=&#8221;Text&#8221; _builder_version=&#8221;3.0.74&#8243; background_size=&#8221;initial&#8221; background_position=&#8221;top_left&#8221; background_repeat=&#8221;repeat&#8221;]\n<p>Edico Group ofron nj\u00eb gam\u00eb t\u00eb plot\u00eb t\u00eb transformator\u00ebve t\u00eb fuqis\u00eb dhe shp\u00ebrndarjes t\u00eb dizajnuara p\u00ebr t\u00eb dh\u00ebn\u00eb besueshm\u00ebrin\u00eb, q\u00ebndrueshm\u00ebrin\u00eb dhe efikasitetin e k\u00ebrkuar n\u00eb nd\u00ebrmarrje, industri dhe aplikime komerciale. Ne ofrojm\u00eb transformator\u00eb t\u00eb l\u00ebngsh\u00ebm dhe t\u00eb that\u00eb si dhe sh\u00ebrbime p\u00ebr mb\u00ebshtetje t\u00eb plot\u00eb t\u00eb ciklit t\u00eb jet\u00ebs, duke p\u00ebrfshir\u00eb pjes\u00ebt dhe komponent\u00ebt e z\u00ebvend\u00ebsimit.<\/p>\n\n\n\n<p><\/p>\n[\/et_pb_text][\/et_pb_column][\/et_pb_row][et_pb_row _builder_version=&#8221;3.25.4&#8243;][et_pb_column type=&#8221;4_4&#8243; _builder_version=&#8221;3.25.4&#8243;][et_pb_shop type=&#8221;product_category&#8221; _builder_version=&#8221;3.25.4&#8243; include_categories=&#8221;35&#8243;][\/et_pb_shop][\/et_pb_column][\/et_pb_row][\/et_pb_section]","protected":false},"excerpt":{"rendered":"<p>[et_pb_section fb_built=&#8221;1&#8243; admin_label=&#8221;section&#8221; _builder_version=&#8221;3.22.3&#8243;][et_pb_row _builder_version=&#8221;3.25.4&#8243;][et_pb_column type=&#8221;4_4&#8243; _builder_version=&#8221;3.25.4&#8243;][et_pb_post_title meta=&#8221;off&#8221; featured_image=&#8221;off&#8221; _builder_version=&#8221;3.25.4&#8243;][\/et_pb_post_title][\/et_pb_column][\/et_pb_row][et_pb_row admin_label=&#8221;row&#8221; _builder_version=&#8221;3.25&#8243; background_size=&#8221;initial&#8221; background_position=&#8221;top_left&#8221; background_repeat=&#8221;repeat&#8221; custom_margin=&#8221;|auto|-8px|auto||&#8221;][et_pb_column type=&#8221;4_4&#8243; _builder_version=&#8221;3.25&#8243; custom_padding=&#8221;|||&#8221; custom_padding__hover=&#8221;|||&#8221;][et_pb_text admin_label=&#8221;Text&#8221; _builder_version=&#8221;3.0.74&#8243; background_size=&#8221;initial&#8221; background_position=&#8221;top_left&#8221; background_repeat=&#8221;repeat&#8221;] Edico Group ofron nj\u00eb gam\u00eb t\u00eb plot\u00eb t\u00eb transformator\u00ebve t\u00eb fuqis\u00eb dhe shp\u00ebrndarjes t\u00eb dizajnuara p\u00ebr t\u00eb dh\u00ebn\u00eb besueshm\u00ebrin\u00eb, q\u00ebndrueshm\u00ebrin\u00eb dhe efikasitetin e k\u00ebrkuar n\u00eb nd\u00ebrmarrje, industri dhe aplikime komerciale. [&hellip;]<\/p>\n","protected":false},"author":4,"featured_media":0,"parent":0,"menu_order":0,"comment_status":"closed","ping_status":"closed","template":"","meta":{"_et_pb_use_builder":"on","_et_pb_old_content":"<!-- wp:paragraph -->\n<p>Edico Group ofron nj\u00eb gam\u00eb t\u00eb plot\u00eb t\u00eb transformator\u00ebve t\u00eb fuqis\u00eb dhe shp\u00ebrndarjes t\u00eb dizajnuara p\u00ebr t\u00eb dh\u00ebn\u00eb besueshm\u00ebrin\u00eb, q\u00ebndrueshm\u00ebrin\u00eb dhe efikasitetin e k\u00ebrkuar n\u00eb nd\u00ebrmarrje, industri dhe aplikime komerciale. Ne ofrojm\u00eb transformator\u00eb t\u00eb l\u00ebngsh\u00ebm dhe t\u00eb that\u00eb si dhe sh\u00ebrbime p\u00ebr mb\u00ebshtetje t\u00eb plot\u00eb t\u00eb ciklit t\u00eb jet\u00ebs, duke p\u00ebrfshir\u00eb pjes\u00ebt dhe komponent\u00ebt e z\u00ebvend\u00ebsimit.<\/p>\n<!-- \/wp:paragraph -->\n\n<!-- wp:paragraph -->\n<p><\/p>\n<!-- \/wp:paragraph -->","footnotes":""},"_links":{"self":[{"href":"https:\/\/edico.al\/sq\/wp-json\/wp\/v2\/pages\/238312"}],"collection":[{"href":"https:\/\/edico.al\/sq\/wp-json\/wp\/v2\/pages"}],"about":[{"href":"https:\/\/edico.al\/sq\/wp-json\/wp\/v2\/types\/page"}],"author":[{"embeddable":true,"href":"https:\/\/edico.al\/sq\/wp-json\/wp\/v2\/users\/4"}],"replies":[{"embeddable":true,"href":"https:\/\/edico.al\/sq\/wp-json\/wp\/v2\/comments?post=238312"}],"version-history":[{"count":3,"href":"https:\/\/edico.al\/sq\/wp-json\/wp\/v2\/pages\/238312\/revisions"}],"predecessor-version":[{"id":238823,"href":"https:\/\/edico.al\/sq\/wp-json\/wp\/v2\/pages\/238312\/revisions\/238823"}],"wp:attachment":[{"href":"https:\/\/edico.al\/sq\/wp-json\/wp\/v2\/media?parent=238312"}],"curies":[{"name":"wp","href":"https:\/\/api.w.org\/{rel}","templated":true}]}}