{"id":238355,"date":"2019-07-09T12:41:38","date_gmt":"2019-07-09T12:41:38","guid":{"rendered":"http:\/\/192.168.1.3:81\/wordpress\/?page_id=238355"},"modified":"2019-08-02T11:08:21","modified_gmt":"2019-08-02T11:08:21","slug":"distributed-energy-resources-and-microgrids","status":"publish","type":"page","link":"https:\/\/edico.al\/sq\/distributed-energy-resources-and-microgrids\/","title":{"rendered":"Distributed Energy Resources and Microgrids"},"content":{"rendered":"<p>[et_pb_section fb_built=&#8221;1&#8243; _builder_version=&#8221;3.22.3&#8243;][et_pb_row _builder_version=&#8221;3.25.4&#8243;][et_pb_column type=&#8221;4_4&#8243; _builder_version=&#8221;3.25.4&#8243;][et_pb_post_title meta=&#8221;off&#8221; featured_image=&#8221;off&#8221; _builder_version=&#8221;3.25.4&#8243;][\/et_pb_post_title][\/et_pb_column][\/et_pb_row][et_pb_row _builder_version=&#8221;3.25&#8243; background_size=&#8221;initial&#8221; background_position=&#8221;top_left&#8221; background_repeat=&#8221;repeat&#8221;][et_pb_column type=&#8221;4_4&#8243; _builder_version=&#8221;3.25&#8243; custom_padding=&#8221;|||&#8221; custom_padding__hover=&#8221;|||&#8221;][et_pb_text _builder_version=&#8221;3.0.74&#8243; background_size=&#8221;initial&#8221; background_position=&#8221;top_left&#8221; background_repeat=&#8221;repeat&#8221;]<!-- divi:image {\"id\":238757,\"width\":1450,\"height\":1450} --><\/p>\n<figure class=\"wp-block-image is-resized\"><img decoding=\"async\" src=\"http:\/\/edico.al\/wp-content\/uploads\/2019\/07\/local1.gif\" alt=\"\" class=\"wp-image-238757\" width=\"1450\" height=\"1450\"\/><\/figure>\n<p><!-- \/divi:image --><\/p>\n<p><!-- divi:paragraph --><\/p>\n<p>Industria e energjis\u00eb po transformohet. Energjia e riovureshme po z\u00eb vendin e saj, konsumator\u00ebt e energjis\u00eb elektrike po e gjenerojn\u00eb at\u00eb, dhe shtuar k\u00ebsaj, nj\u00eb num\u00ebr gjithnj\u00eb e m\u00eb i madh i automjeteve elektrike po shtohet.<\/p>\n<p>Rrjeti ka evoluar, me energji elektrike tani q\u00eb rrjedhin n\u00eb t\u00eb dy m\u00ebnyrat &#8211; p\u00ebr konsumator\u00ebt dhe nga konsumator\u00ebt.<\/p>\n<p>Edico Group mund t\u00eb udh\u00ebheq\u00eb nd\u00ebrmarrjet n\u00eb transformimin e tyre digjital, duke ofruar konsultime, ekspertiz\u00eb n\u00eb burimet e shp\u00ebrndara t\u00eb energjis\u00eb (DER), microgrids, ruajtjen e energjis\u00eb n\u00eb bateri dhe zgjidhje t\u00eb kompletuara t\u00eb automatizimit.\n<\/p>\n<p><!-- \/divi:paragraph -->[\/et_pb_text][\/et_pb_column][\/et_pb_row][et_pb_row _builder_version=&#8221;3.25.4&#8243;][et_pb_column type=&#8221;4_4&#8243; _builder_version=&#8221;3.25.4&#8243;][et_pb_shop type=&#8221;product_category&#8221; include_categories=&#8221;43,41&#8243; _builder_version=&#8221;3.25.4&#8243;][\/et_pb_shop][\/et_pb_column][\/et_pb_row][\/et_pb_section]<\/p>\n","protected":false},"excerpt":{"rendered":"<p>[et_pb_section fb_built=&#8221;1&#8243; _builder_version=&#8221;3.22.3&#8243;][et_pb_row _builder_version=&#8221;3.25.4&#8243;][et_pb_column type=&#8221;4_4&#8243; _builder_version=&#8221;3.25.4&#8243;][et_pb_post_title meta=&#8221;off&#8221; featured_image=&#8221;off&#8221; _builder_version=&#8221;3.25.4&#8243;][\/et_pb_post_title][\/et_pb_column][\/et_pb_row][et_pb_row _builder_version=&#8221;3.25&#8243; background_size=&#8221;initial&#8221; background_position=&#8221;top_left&#8221; background_repeat=&#8221;repeat&#8221;][et_pb_column type=&#8221;4_4&#8243; _builder_version=&#8221;3.25&#8243; custom_padding=&#8221;|||&#8221; custom_padding__hover=&#8221;|||&#8221;][et_pb_text _builder_version=&#8221;3.0.74&#8243; background_size=&#8221;initial&#8221; background_position=&#8221;top_left&#8221; background_repeat=&#8221;repeat&#8221;] Industria e energjis\u00eb po transformohet. Energjia e riovureshme po z\u00eb vendin e saj, konsumator\u00ebt e energjis\u00eb elektrike po e gjenerojn\u00eb at\u00eb, dhe shtuar k\u00ebsaj, nj\u00eb num\u00ebr gjithnj\u00eb e m\u00eb i madh i automjeteve elektrike [&hellip;]<\/p>\n","protected":false},"author":4,"featured_media":0,"parent":0,"menu_order":0,"comment_status":"closed","ping_status":"closed","template":"","meta":{"_et_pb_use_builder":"on","_et_pb_old_content":"<!-- wp:image {\"id\":238757,\"width\":1450,\"height\":1450} -->\n<figure class=\"wp-block-image is-resized\"><img src=\"http:\/\/edico.al\/wp-content\/uploads\/2019\/07\/local1.gif\" alt=\"\" class=\"wp-image-238757\" width=\"1450\" height=\"1450\"\/><\/figure>\n<!-- \/wp:image -->\n\n<!-- wp:paragraph -->\n<p>Industria e energjis\u00eb po transformohet. Energjia e riovureshme po z\u00eb vendin e saj, konsumator\u00ebt e energjis\u00eb elektrike po e gjenerojn\u00eb at\u00eb, dhe shtuar k\u00ebsaj, nj\u00eb num\u00ebr gjithnj\u00eb e m\u00eb i madh i automjeteve elektrike po shtohet.\n\nRrjeti ka evoluar, me energji elektrike tani q\u00eb rrjedhin n\u00eb t\u00eb dy m\u00ebnyrat - p\u00ebr konsumator\u00ebt dhe nga konsumator\u00ebt.\n\nEdico Group mund t\u00eb udh\u00ebheq\u00eb nd\u00ebrmarrjet n\u00eb transformimin e tyre digjital, duke ofruar konsultime, ekspertiz\u00eb n\u00eb burimet e shp\u00ebrndara t\u00eb energjis\u00eb (DER), microgrids, ruajtjen e energjis\u00eb n\u00eb bateri dhe zgjidhje t\u00eb kompletuara t\u00eb automatizimit.\n<\/p>\n<!-- \/wp:paragraph -->","footnotes":""},"_links":{"self":[{"href":"https:\/\/edico.al\/sq\/wp-json\/wp\/v2\/pages\/238355"}],"collection":[{"href":"https:\/\/edico.al\/sq\/wp-json\/wp\/v2\/pages"}],"about":[{"href":"https:\/\/edico.al\/sq\/wp-json\/wp\/v2\/types\/page"}],"author":[{"embeddable":true,"href":"https:\/\/edico.al\/sq\/wp-json\/wp\/v2\/users\/4"}],"replies":[{"embeddable":true,"href":"https:\/\/edico.al\/sq\/wp-json\/wp\/v2\/comments?post=238355"}],"version-history":[{"count":2,"href":"https:\/\/edico.al\/sq\/wp-json\/wp\/v2\/pages\/238355\/revisions"}],"predecessor-version":[{"id":238758,"href":"https:\/\/edico.al\/sq\/wp-json\/wp\/v2\/pages\/238355\/revisions\/238758"}],"wp:attachment":[{"href":"https:\/\/edico.al\/sq\/wp-json\/wp\/v2\/media?parent=238355"}],"curies":[{"name":"wp","href":"https:\/\/api.w.org\/{rel}","templated":true}]}}