{"id":238368,"date":"2019-07-09T12:44:29","date_gmt":"2019-07-09T12:44:29","guid":{"rendered":"http:\/\/192.168.1.3:81\/wordpress\/?page_id=238368"},"modified":"2019-07-29T08:53:03","modified_gmt":"2019-07-29T08:53:03","slug":"menaxhim-rrjeti","status":"publish","type":"page","link":"https:\/\/edico.al\/sq\/menaxhim-rrjeti\/","title":{"rendered":"Menaxhim Rrjeti"},"content":{"rendered":"[et_pb_section fb_built=&#8221;1&#8243; admin_label=&#8221;section&#8221; _builder_version=&#8221;3.22.3&#8243;][et_pb_row _builder_version=&#8221;3.25.4&#8243;][et_pb_column type=&#8221;4_4&#8243; _builder_version=&#8221;3.25.4&#8243;][et_pb_post_title meta=&#8221;off&#8221; featured_image=&#8221;off&#8221; _builder_version=&#8221;3.25.4&#8243;][\/et_pb_post_title][\/et_pb_column][\/et_pb_row][et_pb_row admin_label=&#8221;row&#8221; _builder_version=&#8221;3.25&#8243; background_size=&#8221;initial&#8221; background_position=&#8221;top_left&#8221; background_repeat=&#8221;repeat&#8221;][et_pb_column type=&#8221;4_4&#8243; _builder_version=&#8221;3.25&#8243; custom_padding=&#8221;|||&#8221; custom_padding__hover=&#8221;|||&#8221;][et_pb_text admin_label=&#8221;Text&#8221; _builder_version=&#8221;3.0.74&#8243; background_size=&#8221;initial&#8221; background_position=&#8221;top_left&#8221; background_repeat=&#8221;repeat&#8221;]\n<figure class=\"wp-block-image\"><img decoding=\"async\" width=\"680\" height=\"400\" src=\"http:\/\/edico.al\/wp-content\/uploads\/2019\/07\/Network-management-system-4.0.jpg\" alt=\"\" class=\"wp-image-238857\" srcset=\"https:\/\/edico.al\/wp-content\/uploads\/2019\/07\/Network-management-system-4.0.jpg 680w, https:\/\/edico.al\/wp-content\/uploads\/2019\/07\/Network-management-system-4.0-600x353.jpg 600w, https:\/\/edico.al\/wp-content\/uploads\/2019\/07\/Network-management-system-4.0-300x176.jpg 300w\" sizes=\"(max-width: 680px) 100vw, 680px\" \/><\/figure>\n\n\n\n<p>Menaxhimi i avancuar i energjis\u00eb, automatizimi dhe zgjidhjet e komunikimit p\u00ebrmir\u00ebsojn\u00eb besueshm\u00ebrin\u00eb dhe efikasitetin e sistemeve t\u00eb energjis\u00eb elektrike. Sistemet dhe sh\u00ebrbimet tona t\u00eb produkteve ndihmojn\u00eb industrin\u00eb dhe nd\u00ebrmarrjet p\u00ebr t\u00eb rritur kapacitetin, sigurin\u00eb dhe p\u00ebr t\u00eb p\u00ebrmir\u00ebsuar produktivitetin.<\/p>\n\n\n\n<p>Shoq\u00ebruar me softuerin e nd\u00ebrmarrjeve p\u00ebr menaxhimin e aseteve dhe aplikacionet e biznesit, ne lidhim hendekun midis teknologjis\u00eb s\u00eb operacioneve dhe IT-s\u00eb, duke ofruar zgjidhje t\u00eb plota p\u00ebr industrit\u00eb intensive.<\/p>\n[\/et_pb_text][\/et_pb_column][\/et_pb_row][\/et_pb_section]","protected":false},"excerpt":{"rendered":"<p>[et_pb_section fb_built=&#8221;1&#8243; admin_label=&#8221;section&#8221; _builder_version=&#8221;3.22.3&#8243;][et_pb_row _builder_version=&#8221;3.25.4&#8243;][et_pb_column type=&#8221;4_4&#8243; _builder_version=&#8221;3.25.4&#8243;][et_pb_post_title meta=&#8221;off&#8221; featured_image=&#8221;off&#8221; _builder_version=&#8221;3.25.4&#8243;][\/et_pb_post_title][\/et_pb_column][\/et_pb_row][et_pb_row admin_label=&#8221;row&#8221; _builder_version=&#8221;3.25&#8243; background_size=&#8221;initial&#8221; background_position=&#8221;top_left&#8221; background_repeat=&#8221;repeat&#8221;][et_pb_column type=&#8221;4_4&#8243; _builder_version=&#8221;3.25&#8243; custom_padding=&#8221;|||&#8221; custom_padding__hover=&#8221;|||&#8221;][et_pb_text admin_label=&#8221;Text&#8221; _builder_version=&#8221;3.0.74&#8243; background_size=&#8221;initial&#8221; background_position=&#8221;top_left&#8221; background_repeat=&#8221;repeat&#8221;] Menaxhimi i avancuar i energjis\u00eb, automatizimi dhe zgjidhjet e komunikimit p\u00ebrmir\u00ebsojn\u00eb besueshm\u00ebrin\u00eb dhe efikasitetin e sistemeve t\u00eb energjis\u00eb elektrike. Sistemet dhe sh\u00ebrbimet tona t\u00eb produkteve ndihmojn\u00eb industrin\u00eb dhe nd\u00ebrmarrjet p\u00ebr t\u00eb [&hellip;]<\/p>\n","protected":false},"author":4,"featured_media":0,"parent":0,"menu_order":0,"comment_status":"closed","ping_status":"closed","template":"","meta":{"_et_pb_use_builder":"on","_et_pb_old_content":"<!-- wp:image {\"id\":238857} -->\n<figure class=\"wp-block-image\"><img src=\"http:\/\/edico.al\/wp-content\/uploads\/2019\/07\/Network-management-system-4.0.jpg\" alt=\"\" class=\"wp-image-238857\"\/><\/figure>\n<!-- \/wp:image -->\n\n<!-- wp:paragraph -->\n<p>Menaxhimi i avancuar i energjis\u00eb, automatizimi dhe zgjidhjet e komunikimit p\u00ebrmir\u00ebsojn\u00eb besueshm\u00ebrin\u00eb dhe efikasitetin e sistemeve t\u00eb energjis\u00eb elektrike. Sistemet dhe sh\u00ebrbimet tona t\u00eb produkteve ndihmojn\u00eb industrin\u00eb dhe nd\u00ebrmarrjet p\u00ebr t\u00eb rritur kapacitetin, sigurin\u00eb dhe p\u00ebr t\u00eb p\u00ebrmir\u00ebsuar produktivitetin.<\/p>\n<!-- \/wp:paragraph -->\n\n<!-- wp:paragraph -->\n<p>Shoq\u00ebruar me softuerin e nd\u00ebrmarrjeve p\u00ebr menaxhimin e aseteve dhe aplikacionet e biznesit, ne lidhim hendekun midis teknologjis\u00eb s\u00eb operacioneve dhe IT-s\u00eb, duke ofruar zgjidhje t\u00eb plota p\u00ebr industrit\u00eb intensive.<\/p>\n<!-- \/wp:paragraph -->","footnotes":""},"_links":{"self":[{"href":"https:\/\/edico.al\/sq\/wp-json\/wp\/v2\/pages\/238368"}],"collection":[{"href":"https:\/\/edico.al\/sq\/wp-json\/wp\/v2\/pages"}],"about":[{"href":"https:\/\/edico.al\/sq\/wp-json\/wp\/v2\/types\/page"}],"author":[{"embeddable":true,"href":"https:\/\/edico.al\/sq\/wp-json\/wp\/v2\/users\/4"}],"replies":[{"embeddable":true,"href":"https:\/\/edico.al\/sq\/wp-json\/wp\/v2\/comments?post=238368"}],"version-history":[{"count":2,"href":"https:\/\/edico.al\/sq\/wp-json\/wp\/v2\/pages\/238368\/revisions"}],"predecessor-version":[{"id":238631,"href":"https:\/\/edico.al\/sq\/wp-json\/wp\/v2\/pages\/238368\/revisions\/238631"}],"wp:attachment":[{"href":"https:\/\/edico.al\/sq\/wp-json\/wp\/v2\/media?parent=238368"}],"curies":[{"name":"wp","href":"https:\/\/api.w.org\/{rel}","templated":true}]}}