{"id":238372,"date":"2019-07-09T12:45:18","date_gmt":"2019-07-09T12:45:18","guid":{"rendered":"http:\/\/192.168.1.3:81\/wordpress\/?page_id=238372"},"modified":"2019-07-22T10:59:07","modified_gmt":"2019-07-22T10:59:07","slug":"power-consulting","status":"publish","type":"page","link":"https:\/\/edico.al\/sq\/power-consulting\/","title":{"rendered":"Power Consulting"},"content":{"rendered":"\n<figure class=\"wp-block-image is-resized\"><img decoding=\"async\" src=\"http:\/\/edico.al\/wp-content\/uploads\/2019\/07\/Consultant-1-1024x683.jpg\" alt=\"\" class=\"wp-image-238847\" width=\"1136\" height=\"758\" srcset=\"https:\/\/edico.al\/wp-content\/uploads\/2019\/07\/Consultant-1-1024x683.jpg 1024w, https:\/\/edico.al\/wp-content\/uploads\/2019\/07\/Consultant-1-600x400.jpg 600w, https:\/\/edico.al\/wp-content\/uploads\/2019\/07\/Consultant-1-300x200.jpg 300w, https:\/\/edico.al\/wp-content\/uploads\/2019\/07\/Consultant-1-768x513.jpg 768w, https:\/\/edico.al\/wp-content\/uploads\/2019\/07\/Consultant-1-1080x721.jpg 1080w\" sizes=\"(max-width: 1136px) 100vw, 1136px\" \/><figcaption>Consulting Expert Advice Support Service Business concept.<\/figcaption><\/figure>\n\n\n\n<p>Ne mund t\u00eb ndihmojm\u00eb n\u00eb identifikimin e sfidave dhe n\u00eb rekomandimin e zgjidhjeve p\u00ebr nevojat tuaja specifike.<\/p>\n\n\n\n<p>Ne kemi njohuri t\u00eb thell\u00eb t\u00eb teknologjive, standardeve dhe kodeve lokale t\u00eb rrjetit.<\/p>\n","protected":false},"excerpt":{"rendered":"<p>Ne mund t\u00eb ndihmojm\u00eb n\u00eb identifikimin e sfidave dhe n\u00eb rekomandimin e zgjidhjeve p\u00ebr nevojat tuaja specifike. Ne kemi njohuri t\u00eb thell\u00eb t\u00eb teknologjive, standardeve dhe kodeve lokale t\u00eb rrjetit.<\/p>\n","protected":false},"author":4,"featured_media":0,"parent":0,"menu_order":0,"comment_status":"closed","ping_status":"closed","template":"","meta":{"_et_pb_use_builder":"off","_et_pb_old_content":"","footnotes":""},"_links":{"self":[{"href":"https:\/\/edico.al\/sq\/wp-json\/wp\/v2\/pages\/238372"}],"collection":[{"href":"https:\/\/edico.al\/sq\/wp-json\/wp\/v2\/pages"}],"about":[{"href":"https:\/\/edico.al\/sq\/wp-json\/wp\/v2\/types\/page"}],"author":[{"embeddable":true,"href":"https:\/\/edico.al\/sq\/wp-json\/wp\/v2\/users\/4"}],"replies":[{"embeddable":true,"href":"https:\/\/edico.al\/sq\/wp-json\/wp\/v2\/comments?post=238372"}],"version-history":[{"count":1,"href":"https:\/\/edico.al\/sq\/wp-json\/wp\/v2\/pages\/238372\/revisions"}],"predecessor-version":[{"id":238373,"href":"https:\/\/edico.al\/sq\/wp-json\/wp\/v2\/pages\/238372\/revisions\/238373"}],"wp:attachment":[{"href":"https:\/\/edico.al\/sq\/wp-json\/wp\/v2\/media?parent=238372"}],"curies":[{"name":"wp","href":"https:\/\/api.w.org\/{rel}","templated":true}]}}