{"id":238374,"date":"2019-07-09T12:46:59","date_gmt":"2019-07-09T12:46:59","guid":{"rendered":"http:\/\/192.168.1.3:81\/wordpress\/?page_id=238374"},"modified":"2019-07-29T08:50:53","modified_gmt":"2019-07-29T08:50:53","slug":"power-electronics","status":"publish","type":"page","link":"https:\/\/edico.al\/sq\/power-electronics\/","title":{"rendered":"Power Electronics"},"content":{"rendered":"[et_pb_section fb_built=&#8221;1&#8243; admin_label=&#8221;section&#8221; _builder_version=&#8221;3.22.3&#8243;][et_pb_row _builder_version=&#8221;3.25.4&#8243;][et_pb_column type=&#8221;4_4&#8243; _builder_version=&#8221;3.25.4&#8243;][et_pb_post_title meta=&#8221;off&#8221; featured_image=&#8221;off&#8221; _builder_version=&#8221;3.25.4&#8243;][\/et_pb_post_title][\/et_pb_column][\/et_pb_row][et_pb_row admin_label=&#8221;row&#8221; _builder_version=&#8221;3.25&#8243; background_size=&#8221;initial&#8221; background_position=&#8221;top_left&#8221; background_repeat=&#8221;repeat&#8221;][et_pb_column type=&#8221;4_4&#8243; _builder_version=&#8221;3.25&#8243; custom_padding=&#8221;|||&#8221; custom_padding__hover=&#8221;|||&#8221;][et_pb_text admin_label=&#8221;Text&#8221; _builder_version=&#8221;3.0.74&#8243; background_size=&#8221;initial&#8221; background_position=&#8221;top_left&#8221; background_repeat=&#8221;repeat&#8221;]\n<figure class=\"wp-block-image is-resized\"><img decoding=\"async\" src=\"http:\/\/edico.al\/wp-content\/uploads\/2019\/07\/Electronics-1024x439.png\" alt=\"\" class=\"wp-image-238843\" width=\"1033\" height=\"443\" srcset=\"https:\/\/edico.al\/wp-content\/uploads\/2019\/07\/Electronics-1024x439.png 1024w, https:\/\/edico.al\/wp-content\/uploads\/2019\/07\/Electronics-600x257.png 600w, https:\/\/edico.al\/wp-content\/uploads\/2019\/07\/Electronics-300x129.png 300w, https:\/\/edico.al\/wp-content\/uploads\/2019\/07\/Electronics-768x329.png 768w, https:\/\/edico.al\/wp-content\/uploads\/2019\/07\/Electronics-1080x463.png 1080w, https:\/\/edico.al\/wp-content\/uploads\/2019\/07\/Electronics.png 1540w\" sizes=\"(max-width: 1033px) 100vw, 1033px\" \/><\/figure>\n\n\n\n<p>Nj\u00eb lojtar i suksessh\u00ebm n\u00eb treg k\u00ebrkon p\u00ebrmir\u00ebsim t\u00eb vazhduesh\u00ebm t\u00eb produktivitetit, efikasitetit t\u00eb energjis\u00eb dhe p\u00ebrfitimit. Ne i ndihmojm\u00eb klient\u00ebt tan\u00eb t\u00eb ruajn\u00eb avantazhin e tyre konkurrues me teknologjit\u00eb m\u00eb t\u00eb fundit.<\/p>\n[\/et_pb_text][\/et_pb_column][\/et_pb_row][et_pb_row _builder_version=&#8221;3.25.4&#8243;][et_pb_column type=&#8221;4_4&#8243; _builder_version=&#8221;3.25.4&#8243;][et_pb_shop type=&#8221;product_category&#8221; _builder_version=&#8221;3.25.4&#8243; include_categories=&#8221;39&#8243;][\/et_pb_shop][\/et_pb_column][\/et_pb_row][\/et_pb_section]","protected":false},"excerpt":{"rendered":"<p>[et_pb_section fb_built=&#8221;1&#8243; admin_label=&#8221;section&#8221; _builder_version=&#8221;3.22.3&#8243;][et_pb_row _builder_version=&#8221;3.25.4&#8243;][et_pb_column type=&#8221;4_4&#8243; _builder_version=&#8221;3.25.4&#8243;][et_pb_post_title meta=&#8221;off&#8221; featured_image=&#8221;off&#8221; _builder_version=&#8221;3.25.4&#8243;][\/et_pb_post_title][\/et_pb_column][\/et_pb_row][et_pb_row admin_label=&#8221;row&#8221; _builder_version=&#8221;3.25&#8243; background_size=&#8221;initial&#8221; background_position=&#8221;top_left&#8221; background_repeat=&#8221;repeat&#8221;][et_pb_column type=&#8221;4_4&#8243; _builder_version=&#8221;3.25&#8243; custom_padding=&#8221;|||&#8221; custom_padding__hover=&#8221;|||&#8221;][et_pb_text admin_label=&#8221;Text&#8221; _builder_version=&#8221;3.0.74&#8243; background_size=&#8221;initial&#8221; background_position=&#8221;top_left&#8221; background_repeat=&#8221;repeat&#8221;] Nj\u00eb lojtar i suksessh\u00ebm n\u00eb treg k\u00ebrkon p\u00ebrmir\u00ebsim t\u00eb vazhduesh\u00ebm t\u00eb produktivitetit, efikasitetit t\u00eb energjis\u00eb dhe p\u00ebrfitimit. Ne i ndihmojm\u00eb klient\u00ebt tan\u00eb t\u00eb ruajn\u00eb avantazhin e tyre konkurrues me teknologjit\u00eb m\u00eb [&hellip;]<\/p>\n","protected":false},"author":4,"featured_media":0,"parent":0,"menu_order":0,"comment_status":"closed","ping_status":"closed","template":"","meta":{"_et_pb_use_builder":"on","_et_pb_old_content":"<!-- wp:image {\"id\":238843,\"width\":1033,\"height\":443} -->\n<figure class=\"wp-block-image is-resized\"><img src=\"http:\/\/edico.al\/wp-content\/uploads\/2019\/07\/Electronics-1024x439.png\" alt=\"\" class=\"wp-image-238843\" width=\"1033\" height=\"443\"\/><\/figure>\n<!-- \/wp:image -->\n\n<!-- wp:paragraph -->\n<p>Nj\u00eb lojtar i suksessh\u00ebm n\u00eb treg k\u00ebrkon p\u00ebrmir\u00ebsim t\u00eb vazhduesh\u00ebm t\u00eb produktivitetit, efikasitetit t\u00eb energjis\u00eb dhe p\u00ebrfitimit. Ne i ndihmojm\u00eb klient\u00ebt tan\u00eb t\u00eb ruajn\u00eb avantazhin e tyre konkurrues me teknologjit\u00eb m\u00eb t\u00eb fundit.<\/p>\n<!-- \/wp:paragraph -->","footnotes":""},"_links":{"self":[{"href":"https:\/\/edico.al\/sq\/wp-json\/wp\/v2\/pages\/238374"}],"collection":[{"href":"https:\/\/edico.al\/sq\/wp-json\/wp\/v2\/pages"}],"about":[{"href":"https:\/\/edico.al\/sq\/wp-json\/wp\/v2\/types\/page"}],"author":[{"embeddable":true,"href":"https:\/\/edico.al\/sq\/wp-json\/wp\/v2\/users\/4"}],"replies":[{"embeddable":true,"href":"https:\/\/edico.al\/sq\/wp-json\/wp\/v2\/comments?post=238374"}],"version-history":[{"count":1,"href":"https:\/\/edico.al\/sq\/wp-json\/wp\/v2\/pages\/238374\/revisions"}],"predecessor-version":[{"id":238375,"href":"https:\/\/edico.al\/sq\/wp-json\/wp\/v2\/pages\/238374\/revisions\/238375"}],"wp:attachment":[{"href":"https:\/\/edico.al\/sq\/wp-json\/wp\/v2\/media?parent=238374"}],"curies":[{"name":"wp","href":"https:\/\/api.w.org\/{rel}","templated":true}]}}