{"id":238376,"date":"2019-07-09T12:47:13","date_gmt":"2019-07-09T12:47:13","guid":{"rendered":"http:\/\/192.168.1.3:81\/wordpress\/?page_id=238376"},"modified":"2019-07-29T08:58:05","modified_gmt":"2019-07-29T08:58:05","slug":"siguri","status":"publish","type":"page","link":"https:\/\/edico.al\/sq\/siguri\/","title":{"rendered":"Siguri"},"content":{"rendered":"[et_pb_section fb_built=&#8221;1&#8243; admin_label=&#8221;section&#8221; _builder_version=&#8221;3.22.3&#8243;][et_pb_row _builder_version=&#8221;3.25.4&#8243;][et_pb_column type=&#8221;4_4&#8243; _builder_version=&#8221;3.25.4&#8243;][et_pb_post_title meta=&#8221;off&#8221; featured_image=&#8221;off&#8221; _builder_version=&#8221;3.25.4&#8243;][\/et_pb_post_title][\/et_pb_column][\/et_pb_row][et_pb_row admin_label=&#8221;row&#8221; _builder_version=&#8221;3.25&#8243; background_size=&#8221;initial&#8221; background_position=&#8221;top_left&#8221; background_repeat=&#8221;repeat&#8221;][et_pb_column type=&#8221;4_4&#8243; _builder_version=&#8221;3.25&#8243; custom_padding=&#8221;|||&#8221; custom_padding__hover=&#8221;|||&#8221;][et_pb_text admin_label=&#8221;Text&#8221; _builder_version=&#8221;3.0.74&#8243; background_size=&#8221;initial&#8221; background_position=&#8221;top_left&#8221; background_repeat=&#8221;repeat&#8221;]<p><\/p>\n<p>Edico Group \u00ebsht\u00eb partneri juaj ekspert n\u00eb siguri. Oferta jon\u00eb mbulon nj\u00eb gam\u00eb t\u00eb gjer\u00eb t\u00eb zgjidhjeve t\u00eb siguris\u00eb, duke p\u00ebrfshir\u00eb sigurin\u00eb e makinerive dhe siguri t\u00eb procesit.<\/p>\n<p><\/p>\n<p><\/p>\n<p>Ne ofrojm\u00eb siguri dhe ulim shpenzimet. Oferta jon\u00eb p\u00ebrmban nj\u00eb gam\u00eb t\u00eb gjer\u00eb pajisjesh sigurie, mjete inxhinierike, kontrolle dhe ekspertiz\u00eb t\u00eb siguris\u00eb. P\u00ebrdorni ofert\u00ebn ton\u00eb dhe ekspertiz\u00ebn p\u00ebr zgjidhje dhe kontrolle sigurie q\u00eb do t\u00eb parandalojn\u00eb n\u00eb m\u00ebnyr\u00eb efektive aksidentet industriale dhe s\u00ebmundjet profesionale.<\/p>\n<p><\/p>[\/et_pb_text][\/et_pb_column][\/et_pb_row][et_pb_row _builder_version=&#8221;3.25.4&#8243;][et_pb_column type=&#8221;4_4&#8243; _builder_version=&#8221;3.25.4&#8243;][et_pb_shop type=&#8221;product_category&#8221; _builder_version=&#8221;3.25.4&#8243; include_categories=&#8221;46&#8243;][\/et_pb_shop][\/et_pb_column][\/et_pb_row][\/et_pb_section]","protected":false},"excerpt":{"rendered":"<p>[et_pb_section fb_built=&#8221;1&#8243; admin_label=&#8221;section&#8221; _builder_version=&#8221;3.22.3&#8243;][et_pb_row _builder_version=&#8221;3.25.4&#8243;][et_pb_column type=&#8221;4_4&#8243; _builder_version=&#8221;3.25.4&#8243;][et_pb_post_title meta=&#8221;off&#8221; featured_image=&#8221;off&#8221; _builder_version=&#8221;3.25.4&#8243;][\/et_pb_post_title][\/et_pb_column][\/et_pb_row][et_pb_row admin_label=&#8221;row&#8221; _builder_version=&#8221;3.25&#8243; background_size=&#8221;initial&#8221; background_position=&#8221;top_left&#8221; background_repeat=&#8221;repeat&#8221;][et_pb_column type=&#8221;4_4&#8243; _builder_version=&#8221;3.25&#8243; custom_padding=&#8221;|||&#8221; custom_padding__hover=&#8221;|||&#8221;][et_pb_text admin_label=&#8221;Text&#8221; _builder_version=&#8221;3.0.74&#8243; background_size=&#8221;initial&#8221; background_position=&#8221;top_left&#8221; background_repeat=&#8221;repeat&#8221;] Edico Group \u00ebsht\u00eb partneri juaj ekspert n\u00eb siguri. Oferta jon\u00eb mbulon nj\u00eb gam\u00eb t\u00eb gjer\u00eb t\u00eb zgjidhjeve t\u00eb siguris\u00eb, duke p\u00ebrfshir\u00eb sigurin\u00eb e makinerive dhe siguri t\u00eb procesit. Ne ofrojm\u00eb siguri [&hellip;]<\/p>\n","protected":false},"author":4,"featured_media":0,"parent":0,"menu_order":0,"comment_status":"closed","ping_status":"closed","template":"","meta":{"_et_pb_use_builder":"on","_et_pb_old_content":"<!-- wp:paragraph -->\n<p>Edico Group \u00ebsht\u00eb partneri juaj ekspert n\u00eb siguri. Oferta jon\u00eb mbulon nj\u00eb gam\u00eb t\u00eb gjer\u00eb t\u00eb zgjidhjeve t\u00eb siguris\u00eb, duke p\u00ebrfshir\u00eb sigurin\u00eb e makinerive dhe siguri t\u00eb procesit. <\/p>\n<!-- \/wp:paragraph -->\n\n<!-- wp:paragraph -->\n<p>Ne ofrojm\u00eb siguri dhe ulim shpenzimet. Oferta jon\u00eb p\u00ebrmbannga nj\u00eb gam\u00eb t\u00eb gjer\u00eb pajisjesh sigurie, mjete inxhinierike, kontrolle dhe ekspertiz\u00eb t\u00eb siguris\u00eb. P\u00ebrdorni ofert\u00ebn ton\u00eb dhe ekspertiz\u00ebn p\u00ebr zgjidhje dhe kontrolle sigurie q\u00eb do t\u00eb parandalojn\u00eb n\u00eb m\u00ebnyr\u00eb efektive aksidentet industriale dhe s\u00ebmundjet profesionale.<\/p>\n<!-- \/wp:paragraph -->","footnotes":""},"_links":{"self":[{"href":"https:\/\/edico.al\/sq\/wp-json\/wp\/v2\/pages\/238376"}],"collection":[{"href":"https:\/\/edico.al\/sq\/wp-json\/wp\/v2\/pages"}],"about":[{"href":"https:\/\/edico.al\/sq\/wp-json\/wp\/v2\/types\/page"}],"author":[{"embeddable":true,"href":"https:\/\/edico.al\/sq\/wp-json\/wp\/v2\/users\/4"}],"replies":[{"embeddable":true,"href":"https:\/\/edico.al\/sq\/wp-json\/wp\/v2\/comments?post=238376"}],"version-history":[{"count":2,"href":"https:\/\/edico.al\/sq\/wp-json\/wp\/v2\/pages\/238376\/revisions"}],"predecessor-version":[{"id":238640,"href":"https:\/\/edico.al\/sq\/wp-json\/wp\/v2\/pages\/238376\/revisions\/238640"}],"wp:attachment":[{"href":"https:\/\/edico.al\/sq\/wp-json\/wp\/v2\/media?parent=238376"}],"curies":[{"name":"wp","href":"https:\/\/api.w.org\/{rel}","templated":true}]}}