{"id":238384,"date":"2019-07-09T12:48:21","date_gmt":"2019-07-09T12:48:21","guid":{"rendered":"http:\/\/192.168.1.3:81\/wordpress\/?page_id=238384"},"modified":"2020-01-04T16:42:40","modified_gmt":"2020-01-04T16:42:40","slug":"ups-and-power-conditioning","status":"publish","type":"page","link":"https:\/\/edico.al\/sq\/ups-and-power-conditioning\/","title":{"rendered":"UPS and Power Conditioning"},"content":{"rendered":"<p>[et_pb_section fb_built=&#8221;1&#8243; admin_label=&#8221;section&#8221; _builder_version=&#8221;3.22.3&#8243;][et_pb_row admin_label=&#8221;row&#8221; _builder_version=&#8221;3.25&#8243; background_size=&#8221;initial&#8221; background_position=&#8221;top_left&#8221; background_repeat=&#8221;repeat&#8221;][et_pb_column type=&#8221;4_4&#8243; _builder_version=&#8221;3.25&#8243; custom_padding=&#8221;|||&#8221; custom_padding__hover=&#8221;|||&#8221;][et_pb_post_title meta=&#8221;off&#8221; featured_image=&#8221;off&#8221; _builder_version=&#8221;3.25.4&#8243;][\/et_pb_post_title][et_pb_text admin_label=&#8221;Text&#8221; _builder_version=&#8221;3.0.74&#8243; background_size=&#8221;initial&#8221; background_position=&#8221;top_left&#8221; background_repeat=&#8221;repeat&#8221;]<\/p>\n<p><img decoding=\"async\" src=\"http:\/\/edico.al\/wp-content\/uploads\/2019\/07\/ups_fullrange.gif\" alt=\"\" class=\"wp-image-238828\" width=\"619\" height=\"310\" style=\"font-size: 14px;\" \/><\/p>\n<p><span style=\"font-size: 14px;\">Ne ofrojm\u00eb nj\u00eb linj\u00eb unike t\u00eb UPS, kondicionimit t\u00eb fuqis\u00eb dhe produkteve t\u00eb kalimit t\u00eb energjis\u00eb, t\u00eb dizajnuara p\u00ebr t\u00eb zgjidhur pproblemet e cil\u00ebsis\u00eb s\u00eb energjis\u00eb p\u00ebr aplikimet komerciale dhe industriale<\/span><\/p>\n<p>Ne mbulojm\u00eb aplikimet nga dhomat kompjuterike deri te qendrat e m\u00ebdha t\u00eb t\u00eb dh\u00ebnave dhe ofrojm\u00eb mbrojtje t\u00eb plot\u00eb t\u00eb fabrikave industriale.<\/p>\n<p>&nbsp;<\/p>\n<p>&nbsp;<\/p>\n<p>&nbsp;<\/p>\n<p><!-- \/wp:paragraph --><\/p>\n<p>&nbsp;<\/p>\n<p>&nbsp;<\/p>\n<p>&nbsp;<\/p>\n<p>[\/et_pb_text][\/et_pb_column][\/et_pb_row][\/et_pb_section]<\/p>\n","protected":false},"excerpt":{"rendered":"<p>[et_pb_section fb_built=&#8221;1&#8243; admin_label=&#8221;section&#8221; _builder_version=&#8221;3.22.3&#8243;][et_pb_row admin_label=&#8221;row&#8221; _builder_version=&#8221;3.25&#8243; background_size=&#8221;initial&#8221; background_position=&#8221;top_left&#8221; background_repeat=&#8221;repeat&#8221;][et_pb_column type=&#8221;4_4&#8243; _builder_version=&#8221;3.25&#8243; custom_padding=&#8221;|||&#8221; custom_padding__hover=&#8221;|||&#8221;][et_pb_post_title meta=&#8221;off&#8221; featured_image=&#8221;off&#8221; _builder_version=&#8221;3.25.4&#8243;][\/et_pb_post_title][et_pb_text admin_label=&#8221;Text&#8221; _builder_version=&#8221;3.0.74&#8243; background_size=&#8221;initial&#8221; background_position=&#8221;top_left&#8221; background_repeat=&#8221;repeat&#8221;] Ne ofrojm\u00eb nj\u00eb linj\u00eb unike t\u00eb UPS, kondicionimit t\u00eb fuqis\u00eb dhe produkteve t\u00eb kalimit t\u00eb energjis\u00eb, t\u00eb dizajnuara p\u00ebr t\u00eb zgjidhur pproblemet e cil\u00ebsis\u00eb s\u00eb energjis\u00eb p\u00ebr aplikimet komerciale dhe industriale Ne mbulojm\u00eb aplikimet [&hellip;]<\/p>\n","protected":false},"author":4,"featured_media":0,"parent":0,"menu_order":0,"comment_status":"closed","ping_status":"closed","template":"","meta":{"_et_pb_use_builder":"on","_et_pb_old_content":"<!-- wp:image {\"id\":238828,\"width\":619,\"height\":310} -->\n<figure class=\"wp-block-image is-resized\"><img src=\"http:\/\/edico.al\/wp-content\/uploads\/2019\/07\/ups_fullrange.gif\" alt=\"\" class=\"wp-image-238828\" width=\"619\" height=\"310\"\/><\/figure>\n<!-- \/wp:image -->\n\n<!-- wp:paragraph -->\n<p>Ne ofrojm\u00eb nj\u00eb linj\u00eb unike t\u00eb UPS, kondicionimit t\u00eb fuqis\u00eb dhe produkteve t\u00eb kalimit t\u00eb energjis\u00eb, t\u00eb dizajnuara p\u00ebr t\u00eb zgjidhur pproblemet e cil\u00ebsis\u00eb s\u00eb energjis\u00eb p\u00ebr aplikimet komerciale dhe industriale<br>Ne mbuolojm\u00eb aplikimet nga dhomat kompjuterike deri te qendrat e m\u00ebdha t\u00eb t\u00eb dh\u00ebnave dhe mbrojtja e plot\u00eb industriale e bim\u00ebve.<\/p>\n<!-- \/wp:paragraph -->","footnotes":""},"_links":{"self":[{"href":"https:\/\/edico.al\/sq\/wp-json\/wp\/v2\/pages\/238384"}],"collection":[{"href":"https:\/\/edico.al\/sq\/wp-json\/wp\/v2\/pages"}],"about":[{"href":"https:\/\/edico.al\/sq\/wp-json\/wp\/v2\/types\/page"}],"author":[{"embeddable":true,"href":"https:\/\/edico.al\/sq\/wp-json\/wp\/v2\/users\/4"}],"replies":[{"embeddable":true,"href":"https:\/\/edico.al\/sq\/wp-json\/wp\/v2\/comments?post=238384"}],"version-history":[{"count":6,"href":"https:\/\/edico.al\/sq\/wp-json\/wp\/v2\/pages\/238384\/revisions"}],"predecessor-version":[{"id":246625,"href":"https:\/\/edico.al\/sq\/wp-json\/wp\/v2\/pages\/238384\/revisions\/246625"}],"wp:attachment":[{"href":"https:\/\/edico.al\/sq\/wp-json\/wp\/v2\/media?parent=238384"}],"curies":[{"name":"wp","href":"https:\/\/api.w.org\/{rel}","templated":true}]}}