{"id":238409,"date":"2019-07-09T12:59:51","date_gmt":"2019-07-09T12:59:51","guid":{"rendered":"http:\/\/192.168.1.3:81\/wordpress\/?page_id=238409"},"modified":"2019-07-19T11:15:18","modified_gmt":"2019-07-19T11:15:18","slug":"automobilistike","status":"publish","type":"page","link":"https:\/\/edico.al\/sq\/automobilistike\/","title":{"rendered":"Automobilistike"},"content":{"rendered":"\n<figure class=\"wp-block-image is-resized\"><img decoding=\"async\" src=\"http:\/\/edico.al\/wp-content\/uploads\/2019\/07\/CLB53-Kuka-robots-in-automotive-factory.jpg\" alt=\"\" class=\"wp-image-238725\" width=\"1309\" height=\"921\" srcset=\"https:\/\/edico.al\/wp-content\/uploads\/2019\/07\/CLB53-Kuka-robots-in-automotive-factory.jpg 764w, https:\/\/edico.al\/wp-content\/uploads\/2019\/07\/CLB53-Kuka-robots-in-automotive-factory-600x423.jpg 600w, https:\/\/edico.al\/wp-content\/uploads\/2019\/07\/CLB53-Kuka-robots-in-automotive-factory-300x211.jpg 300w\" sizes=\"(max-width: 1309px) 100vw, 1309px\" \/><\/figure>\n\n\n\n<p>Edico Group ofron robot\u00eb industrial\u00eb, sisteme prodhuese modulare dhe sh\u00ebrbim.<br> Ne ofrojm\u00eb nj\u00eb gam\u00eb t\u00eb plot\u00eb t\u00eb zgjidhjeve p\u00ebr prodhuesit e automobilave. K\u00ebto zgjidhje i ndihmojn\u00eb prodhuesit t\u00eb p\u00ebrmir\u00ebsojn\u00eb produktivitetin, cil\u00ebsin\u00eb e produktit dhe sigurin\u00eb e pun\u00ebtor\u00ebve.<\/p>\n","protected":false},"excerpt":{"rendered":"<p>Edico Group ofron robot\u00eb industrial\u00eb, sisteme prodhuese modulare dhe sh\u00ebrbim. Ne ofrojm\u00eb nj\u00eb gam\u00eb t\u00eb plot\u00eb t\u00eb zgjidhjeve p\u00ebr prodhuesit e automobilave. K\u00ebto zgjidhje i ndihmojn\u00eb prodhuesit t\u00eb p\u00ebrmir\u00ebsojn\u00eb produktivitetin, cil\u00ebsin\u00eb e produktit dhe sigurin\u00eb e pun\u00ebtor\u00ebve.<\/p>\n","protected":false},"author":4,"featured_media":0,"parent":0,"menu_order":0,"comment_status":"closed","ping_status":"closed","template":"","meta":{"_et_pb_use_builder":"off","_et_pb_old_content":"","footnotes":""},"_links":{"self":[{"href":"https:\/\/edico.al\/sq\/wp-json\/wp\/v2\/pages\/238409"}],"collection":[{"href":"https:\/\/edico.al\/sq\/wp-json\/wp\/v2\/pages"}],"about":[{"href":"https:\/\/edico.al\/sq\/wp-json\/wp\/v2\/types\/page"}],"author":[{"embeddable":true,"href":"https:\/\/edico.al\/sq\/wp-json\/wp\/v2\/users\/4"}],"replies":[{"embeddable":true,"href":"https:\/\/edico.al\/sq\/wp-json\/wp\/v2\/comments?post=238409"}],"version-history":[{"count":4,"href":"https:\/\/edico.al\/sq\/wp-json\/wp\/v2\/pages\/238409\/revisions"}],"predecessor-version":[{"id":238727,"href":"https:\/\/edico.al\/sq\/wp-json\/wp\/v2\/pages\/238409\/revisions\/238727"}],"wp:attachment":[{"href":"https:\/\/edico.al\/sq\/wp-json\/wp\/v2\/media?parent=238409"}],"curies":[{"name":"wp","href":"https:\/\/api.w.org\/{rel}","templated":true}]}}