{"id":238411,"date":"2019-07-09T13:00:09","date_gmt":"2019-07-09T13:00:09","guid":{"rendered":"http:\/\/192.168.1.3:81\/wordpress\/?page_id=238411"},"modified":"2019-07-19T11:27:57","modified_gmt":"2019-07-19T11:27:57","slug":"cement","status":"publish","type":"page","link":"https:\/\/edico.al\/sq\/cement\/","title":{"rendered":"Cement"},"content":{"rendered":"\n<figure class=\"wp-block-image is-resized\"><img decoding=\"async\" src=\"http:\/\/edico.al\/wp-content\/uploads\/2019\/07\/00757864_2-1024x702.jpg\" alt=\"\" class=\"wp-image-238730\" width=\"1306\" height=\"895\" srcset=\"https:\/\/edico.al\/wp-content\/uploads\/2019\/07\/00757864_2-1024x702.jpg 1024w, https:\/\/edico.al\/wp-content\/uploads\/2019\/07\/00757864_2-600x411.jpg 600w, https:\/\/edico.al\/wp-content\/uploads\/2019\/07\/00757864_2-300x206.jpg 300w, https:\/\/edico.al\/wp-content\/uploads\/2019\/07\/00757864_2-768x527.jpg 768w, https:\/\/edico.al\/wp-content\/uploads\/2019\/07\/00757864_2-1080x741.jpg 1080w, https:\/\/edico.al\/wp-content\/uploads\/2019\/07\/00757864_2.jpg 1311w\" sizes=\"(max-width: 1306px) 100vw, 1306px\" \/><\/figure>\n\n\n\n<p>Ekipi yn\u00eb ofron produkte, sh\u00ebrbime dhe zgjidhje t\u00eb integruara p\u00ebr t\u00eb ndihmuar klient\u00ebt n\u00eb industrin\u00eb e \u00e7imentos q\u00eb t\u00eb optimizojn\u00eb fuqin\u00eb dhe produktivitetin e tyre, duke rezultuar n\u00eb nj\u00eb rritje t\u00eb disponueshm\u00ebris\u00eb dhe shpenzime m\u00eb t\u00eb ul\u00ebta t\u00eb investimit gjat\u00eb jet\u00ebs.<\/p>\n","protected":false},"excerpt":{"rendered":"<p>Ekipi yn\u00eb ofron produkte, sh\u00ebrbime dhe zgjidhje t\u00eb integruara p\u00ebr t\u00eb ndihmuar klient\u00ebt n\u00eb industrin\u00eb e \u00e7imentos q\u00eb t\u00eb optimizojn\u00eb fuqin\u00eb dhe produktivitetin e tyre, duke rezultuar n\u00eb nj\u00eb rritje t\u00eb disponueshm\u00ebris\u00eb dhe shpenzime m\u00eb t\u00eb ul\u00ebta t\u00eb investimit gjat\u00eb jet\u00ebs.<\/p>\n","protected":false},"author":4,"featured_media":0,"parent":0,"menu_order":0,"comment_status":"closed","ping_status":"closed","template":"","meta":{"_et_pb_use_builder":"off","_et_pb_old_content":"","footnotes":""},"_links":{"self":[{"href":"https:\/\/edico.al\/sq\/wp-json\/wp\/v2\/pages\/238411"}],"collection":[{"href":"https:\/\/edico.al\/sq\/wp-json\/wp\/v2\/pages"}],"about":[{"href":"https:\/\/edico.al\/sq\/wp-json\/wp\/v2\/types\/page"}],"author":[{"embeddable":true,"href":"https:\/\/edico.al\/sq\/wp-json\/wp\/v2\/users\/4"}],"replies":[{"embeddable":true,"href":"https:\/\/edico.al\/sq\/wp-json\/wp\/v2\/comments?post=238411"}],"version-history":[{"count":2,"href":"https:\/\/edico.al\/sq\/wp-json\/wp\/v2\/pages\/238411\/revisions"}],"predecessor-version":[{"id":238731,"href":"https:\/\/edico.al\/sq\/wp-json\/wp\/v2\/pages\/238411\/revisions\/238731"}],"wp:attachment":[{"href":"https:\/\/edico.al\/sq\/wp-json\/wp\/v2\/media?parent=238411"}],"curies":[{"name":"wp","href":"https:\/\/api.w.org\/{rel}","templated":true}]}}