{"id":238415,"date":"2019-07-09T13:01:08","date_gmt":"2019-07-09T13:01:08","guid":{"rendered":"http:\/\/192.168.1.3:81\/wordpress\/?page_id=238415"},"modified":"2019-07-26T10:50:14","modified_gmt":"2019-07-26T10:50:14","slug":"kimikate","status":"publish","type":"page","link":"https:\/\/edico.al\/sq\/kimikate\/","title":{"rendered":"Kimikate"},"content":{"rendered":"\n<p>Ne ofrojm\u00eb produkte, zgjidhje dhe sh\u00ebrbime q\u00eb rrisin produktivitetin dhe efi\u00e7ienc\u00ebn e energjis\u00eb p\u00ebr nj\u00eb gam\u00eb t\u00eb gjer\u00eb procesesh kimike, nga fabrika grumbulli t\u00eb vogla deri n\u00eb petrokimik\u00ebn m\u00eb t\u00eb madhe t\u00eb vazhdueshme komplekse. N\u00ebse keni nevoj\u00eb p\u00ebr konsulent\u00ebt e proceseve kimike, kontrollin e seris\u00eb, sistemet modulare, automatizimin ose ekspert\u00ebt elektrik\u00eb, ne do t&#8217;ju mb\u00ebshtesim dhe do t\u00eb adresojm\u00eb nevojat tuaja. Zgjidhjet tona t\u00eb integruara ofrojn\u00eb disponueshm\u00ebrin\u00eb m\u00eb t\u00eb mir\u00eb t\u00eb industris\u00eb, kualitetin, uljen e rrezikut dhe rrjedh\u00ebn e informacionit.<\/p>\n","protected":false},"excerpt":{"rendered":"<p>Ne ofrojm\u00eb produkte, zgjidhje dhe sh\u00ebrbime q\u00eb rrisin produktivitetin dhe efi\u00e7ienc\u00ebn e energjis\u00eb p\u00ebr nj\u00eb gam\u00eb t\u00eb gjer\u00eb procesesh kimike, nga fabrika grumbulli t\u00eb vogla deri n\u00eb petrokimik\u00ebn m\u00eb t\u00eb madhe t\u00eb vazhdueshme komplekse. N\u00ebse keni nevoj\u00eb p\u00ebr konsulent\u00ebt e proceseve kimike, kontrollin e seris\u00eb, sistemet modulare, automatizimin ose ekspert\u00ebt elektrik\u00eb, ne do t&#8217;ju mb\u00ebshtesim [&hellip;]<\/p>\n","protected":false},"author":4,"featured_media":0,"parent":0,"menu_order":0,"comment_status":"closed","ping_status":"closed","template":"","meta":{"_et_pb_use_builder":"off","_et_pb_old_content":"","footnotes":""},"_links":{"self":[{"href":"https:\/\/edico.al\/sq\/wp-json\/wp\/v2\/pages\/238415"}],"collection":[{"href":"https:\/\/edico.al\/sq\/wp-json\/wp\/v2\/pages"}],"about":[{"href":"https:\/\/edico.al\/sq\/wp-json\/wp\/v2\/types\/page"}],"author":[{"embeddable":true,"href":"https:\/\/edico.al\/sq\/wp-json\/wp\/v2\/users\/4"}],"replies":[{"embeddable":true,"href":"https:\/\/edico.al\/sq\/wp-json\/wp\/v2\/comments?post=238415"}],"version-history":[{"count":2,"href":"https:\/\/edico.al\/sq\/wp-json\/wp\/v2\/pages\/238415\/revisions"}],"predecessor-version":[{"id":238606,"href":"https:\/\/edico.al\/sq\/wp-json\/wp\/v2\/pages\/238415\/revisions\/238606"}],"wp:attachment":[{"href":"https:\/\/edico.al\/sq\/wp-json\/wp\/v2\/media?parent=238415"}],"curies":[{"name":"wp","href":"https:\/\/api.w.org\/{rel}","templated":true}]}}