{"id":238417,"date":"2019-07-09T13:01:21","date_gmt":"2019-07-09T13:01:21","guid":{"rendered":"http:\/\/192.168.1.3:81\/wordpress\/?page_id=238417"},"modified":"2019-09-12T22:04:29","modified_gmt":"2019-09-12T22:04:29","slug":"data-centers","status":"publish","type":"page","link":"https:\/\/edico.al\/sq\/data-centers\/","title":{"rendered":"Data Centers"},"content":{"rendered":"[et_pb_section fb_built=&#8221;1&#8243; admin_label=&#8221;section&#8221; _builder_version=&#8221;3.22.3&#8243;][et_pb_row admin_label=&#8221;row&#8221; _builder_version=&#8221;3.25&#8243; background_size=&#8221;initial&#8221; background_position=&#8221;top_left&#8221; background_repeat=&#8221;repeat&#8221;][et_pb_column type=&#8221;4_4&#8243; _builder_version=&#8221;3.25&#8243; custom_padding=&#8221;|||&#8221; custom_padding__hover=&#8221;|||&#8221;][et_pb_text admin_label=&#8221;Text&#8221; _builder_version=&#8221;3.0.74&#8243; background_size=&#8221;initial&#8221; background_position=&#8221;top_left&#8221; background_repeat=&#8221;repeat&#8221;]<p><\/p>\n<figure class=\"wp-block-image is-resized\"><img decoding=\"async\" src=\"http:\/\/edico.al\/wp-content\/uploads\/2019\/07\/colocation-data-center-1024x681.jpg\" alt=\"\" class=\"wp-image-238751\" width=\"1318\" height=\"876\" srcset=\"https:\/\/edico.al\/wp-content\/uploads\/2019\/07\/colocation-data-center-1024x681.jpg 1024w, https:\/\/edico.al\/wp-content\/uploads\/2019\/07\/colocation-data-center-600x399.jpg 600w, https:\/\/edico.al\/wp-content\/uploads\/2019\/07\/colocation-data-center-300x200.jpg 300w, https:\/\/edico.al\/wp-content\/uploads\/2019\/07\/colocation-data-center-768x511.jpg 768w, https:\/\/edico.al\/wp-content\/uploads\/2019\/07\/colocation-data-center-1080x718.jpg 1080w, https:\/\/edico.al\/wp-content\/uploads\/2019\/07\/colocation-data-center.jpg 2048w\" sizes=\"(max-width: 1318px) 100vw, 1318px\" \/><\/figure>\n<p><\/p>\n<p><\/p>\n<p>T\u00eb dh\u00ebnat inteligjente kan\u00eb nevoj\u00eb p\u00ebr fuqi inteligjente. Ne e dim\u00eb se keni nevoj\u00eb p\u00ebr energji t\u00eb sigurt p\u00ebr t\u00eb mbajtur t\u00eb dh\u00ebnat tuaja 24 or\u00eb n\u00eb dit\u00eb.<\/p>\n<p><\/p>\n<p><\/p>\n<p>Zgjidhjet tona t\u00eb qendr\u00ebs s\u00eb t\u00eb dh\u00ebnave dhe sistemet e integruara q\u00eb ne p\u00ebrdorim jan\u00eb t\u00eb dizenjuara p\u00ebr aplikime sfiduese dhe\u00a0 k\u00ebrkesa gjithnj\u00eb n\u00eb rritje t\u00eb t\u00eb dh\u00ebnave. Avantazhi \u00ebsht\u00eb i qart\u00eb:<\/p>\n<p><\/p>\n<p><\/p>\n<ul>\n<li>Infrastruktura fleksibel q\u00eb mund t\u00eb rritet ose t\u00eb zvog\u00eblohet sipas k\u00ebrkes\u00ebs tuaj.<\/li>\n<\/ul>\n<p><\/p>\n<p><\/p>\n<ul>\n<li>Studim i thell\u00eb e i detajuar i infrastruktur\u00ebs tuaj p\u00ebr t\u00eb b\u00ebr\u00eb m\u00eb t\u00eb leht\u00eb automatizimin.<\/li>\n<\/ul>\n<p><\/p>\n<p><\/p>\n<ul>\n<li>Lidhje inteligjente t\u00eb rrjeteve p\u00ebr t&#8217;ju dh\u00ebn\u00eb m\u00eb shum\u00eb zgjedhje se si t\u00eb menaxhoni energjin\u00eb tuaj.<\/li>\n<\/ul>\n<p><\/p>\n<p><\/p>\n<p>\u00c7far\u00ebdo sfide q\u00eb mund t\u00eb hasni, hap\u00ebsir\u00ebn, modularitetin dhe fleksibilitetin, efikasitetin e energjis\u00eb, funksionimin e vazhduesh\u00ebm ose sigurin\u00eb, ne kemi zgjidhjet q\u00eb ju nevojiten p\u00ebr t&#8217;i kap\u00ebrcyer ato.<\/p>\n<p><\/p>[\/et_pb_text][\/et_pb_column][\/et_pb_row][\/et_pb_section]","protected":false},"excerpt":{"rendered":"<p>[et_pb_section fb_built=&#8221;1&#8243; admin_label=&#8221;section&#8221; _builder_version=&#8221;3.22.3&#8243;][et_pb_row admin_label=&#8221;row&#8221; _builder_version=&#8221;3.25&#8243; background_size=&#8221;initial&#8221; background_position=&#8221;top_left&#8221; background_repeat=&#8221;repeat&#8221;][et_pb_column type=&#8221;4_4&#8243; _builder_version=&#8221;3.25&#8243; custom_padding=&#8221;|||&#8221; custom_padding__hover=&#8221;|||&#8221;][et_pb_text admin_label=&#8221;Text&#8221; _builder_version=&#8221;3.0.74&#8243; background_size=&#8221;initial&#8221; background_position=&#8221;top_left&#8221; background_repeat=&#8221;repeat&#8221;] T\u00eb dh\u00ebnat inteligjente kan\u00eb nevoj\u00eb p\u00ebr fuqi inteligjente. Ne e dim\u00eb se keni nevoj\u00eb p\u00ebr energji t\u00eb sigurt p\u00ebr t\u00eb mbajtur t\u00eb dh\u00ebnat tuaja 24 or\u00eb n\u00eb dit\u00eb. Zgjidhjet tona t\u00eb qendr\u00ebs s\u00eb t\u00eb dh\u00ebnave dhe sistemet [&hellip;]<\/p>\n","protected":false},"author":4,"featured_media":0,"parent":0,"menu_order":0,"comment_status":"closed","ping_status":"closed","template":"","meta":{"_et_pb_use_builder":"on","_et_pb_old_content":"<!-- wp:image {\"id\":238751,\"width\":1318,\"height\":876} -->\n<figure class=\"wp-block-image is-resized\"><img src=\"http:\/\/edico.al\/wp-content\/uploads\/2019\/07\/colocation-data-center-1024x681.jpg\" alt=\"\" class=\"wp-image-238751\" width=\"1318\" height=\"876\"\/><\/figure>\n<!-- \/wp:image -->\n\n<!-- wp:paragraph -->\n<p>T\u00eb dh\u00ebnat inteligjente kan\u00eb nevoj\u00eb p\u00ebr fuqi inteligjente, ky \u00ebsht\u00eb premtimi yn\u00eb. Ne e dim\u00eb se keni nevoj\u00eb p\u00ebr energji t\u00eb sigurt p\u00ebr t\u00eb mbajtur t\u00eb dh\u00ebnat tuaja 24 or\u00eb n\u00eb dit\u00eb.<\/p>\n<!-- \/wp:paragraph -->\n\n<!-- wp:paragraph -->\n<p>Zgjidhjet tona t\u00eb qendr\u00ebs s\u00eb t\u00eb dh\u00ebnave dhe sistemet e integruara q\u00eb ne p\u00ebrdorim jan\u00eb t\u00eb dizenjuara p\u00ebr aplikime t\u00eb r\u00ebnda dhe k\u00ebrkesat gjithnj\u00eb n\u00eb rritje t\u00eb t\u00eb dh\u00ebnave.  Avantazhi \u00ebsht\u00eb i qart\u00eb:<\/p>\n<!-- \/wp:paragraph -->\n\n<!-- wp:list -->\n<ul><li>Infrastruktura fleksibel q\u00eb mund t\u00eb rritet ose t\u00eb zvog\u00eblohet sipas k\u00ebrkes\u00ebs tuaj.<\/li><\/ul>\n<!-- \/wp:list -->\n\n<!-- wp:list -->\n<ul><li>Studim i thell\u00eb e i detajuar i infrastruktur\u00ebs tuaj p\u00ebr t\u00eb b\u00ebr\u00eb m\u00eb t\u00eb leht\u00eb automatizimin.<\/li><\/ul>\n<!-- \/wp:list -->\n\n<!-- wp:list -->\n<ul><li>Lidhje inteligjente t\u00eb rrjeteve p\u00ebr t'ju dh\u00ebn\u00eb m\u00eb shum\u00eb zgjedhje se si e menaxhoni energjin\u00eb tuaj.<\/li><\/ul>\n<!-- \/wp:list -->\n\n<!-- wp:paragraph -->\n<p>\u00c7far\u00ebdo sfide q\u00eb mund t\u00eb hasni, hap\u00ebsir\u00ebn, modularitetin dhe fleksibilitetin, efikasitetin e energjis\u00eb, funksionimin e vazhduesh\u00ebm ose sigurin\u00eb, ne kemi zgjidhjet q\u00eb ju nevojiten p\u00ebr t'i kap\u00ebrcyer ato.<\/p>\n<!-- \/wp:paragraph -->","footnotes":""},"_links":{"self":[{"href":"https:\/\/edico.al\/sq\/wp-json\/wp\/v2\/pages\/238417"}],"collection":[{"href":"https:\/\/edico.al\/sq\/wp-json\/wp\/v2\/pages"}],"about":[{"href":"https:\/\/edico.al\/sq\/wp-json\/wp\/v2\/types\/page"}],"author":[{"embeddable":true,"href":"https:\/\/edico.al\/sq\/wp-json\/wp\/v2\/users\/4"}],"replies":[{"embeddable":true,"href":"https:\/\/edico.al\/sq\/wp-json\/wp\/v2\/comments?post=238417"}],"version-history":[{"count":8,"href":"https:\/\/edico.al\/sq\/wp-json\/wp\/v2\/pages\/238417\/revisions"}],"predecessor-version":[{"id":242100,"href":"https:\/\/edico.al\/sq\/wp-json\/wp\/v2\/pages\/238417\/revisions\/242100"}],"wp:attachment":[{"href":"https:\/\/edico.al\/sq\/wp-json\/wp\/v2\/media?parent=238417"}],"curies":[{"name":"wp","href":"https:\/\/api.w.org\/{rel}","templated":true}]}}