{"id":238423,"date":"2019-07-09T13:02:15","date_gmt":"2019-07-09T13:02:15","guid":{"rendered":"http:\/\/192.168.1.3:81\/wordpress\/?page_id=238423"},"modified":"2019-09-12T22:08:42","modified_gmt":"2019-09-12T22:08:42","slug":"life-sciences","status":"publish","type":"page","link":"https:\/\/edico.al\/sq\/life-sciences\/","title":{"rendered":"Life Sciences"},"content":{"rendered":"[et_pb_section fb_built=&#8221;1&#8243; admin_label=&#8221;section&#8221; _builder_version=&#8221;3.22.3&#8243;][et_pb_row admin_label=&#8221;row&#8221; _builder_version=&#8221;3.25&#8243; background_size=&#8221;initial&#8221; background_position=&#8221;top_left&#8221; background_repeat=&#8221;repeat&#8221;][et_pb_column type=&#8221;4_4&#8243; _builder_version=&#8221;3.25&#8243; custom_padding=&#8221;|||&#8221; custom_padding__hover=&#8221;|||&#8221;][et_pb_text admin_label=&#8221;Text&#8221; _builder_version=&#8221;3.0.74&#8243; background_size=&#8221;initial&#8221; background_position=&#8221;top_left&#8221; background_repeat=&#8221;repeat&#8221;]<p><\/p>\n<p>Ne ofrojm\u00eb sisteme q\u00eb ndihmojn\u00eb kompanit\u00eb farmaceutike dhe bioteknologjike p\u00ebr t\u00eb arritur p\u00ebrsosm\u00ebrin\u00eb operacionale, p\u00ebr t\u00eb zvog\u00ebluar koh\u00ebn n\u00eb treg dhe p\u00ebr t\u00eb p\u00ebrmbushur t\u00eb gjitha standardet dhe rregulloret e industris\u00eb.<\/p>\n<p><\/p>[\/et_pb_text][\/et_pb_column][\/et_pb_row][\/et_pb_section]","protected":false},"excerpt":{"rendered":"<p>[et_pb_section fb_built=&#8221;1&#8243; admin_label=&#8221;section&#8221; _builder_version=&#8221;3.22.3&#8243;][et_pb_row admin_label=&#8221;row&#8221; _builder_version=&#8221;3.25&#8243; background_size=&#8221;initial&#8221; background_position=&#8221;top_left&#8221; background_repeat=&#8221;repeat&#8221;][et_pb_column type=&#8221;4_4&#8243; _builder_version=&#8221;3.25&#8243; custom_padding=&#8221;|||&#8221; custom_padding__hover=&#8221;|||&#8221;][et_pb_text admin_label=&#8221;Text&#8221; _builder_version=&#8221;3.0.74&#8243; background_size=&#8221;initial&#8221; background_position=&#8221;top_left&#8221; background_repeat=&#8221;repeat&#8221;] Ne ofrojm\u00eb sisteme q\u00eb ndihmojn\u00eb kompanit\u00eb farmaceutike dhe bioteknologjike p\u00ebr t\u00eb arritur p\u00ebrsosm\u00ebrin\u00eb operacionale, p\u00ebr t\u00eb zvog\u00ebluar koh\u00ebn n\u00eb treg dhe p\u00ebr t\u00eb p\u00ebrmbushur t\u00eb gjitha standardet dhe rregulloret e industris\u00eb. [\/et_pb_text][\/et_pb_column][\/et_pb_row][\/et_pb_section]<\/p>\n","protected":false},"author":4,"featured_media":0,"parent":0,"menu_order":0,"comment_status":"closed","ping_status":"closed","template":"","meta":{"_et_pb_use_builder":"on","_et_pb_old_content":"<!-- wp:paragraph -->\n<p>Ne ofrojm\u00eb sisteme q\u00eb ndihmojn\u00eb kompanit\u00eb farmaceutike dhe bioteknologjike p\u00ebr t\u00eb arritur p\u00ebrsosm\u00ebrin\u00eb operacionale, zvog\u00eblojn\u00eb koh\u00ebn n\u00eb treg dhe p\u00ebrmbushin t\u00eb gjitha standardet dhe rregulloret e industris\u00eb.<\/p>\n<!-- \/wp:paragraph -->","footnotes":""},"_links":{"self":[{"href":"https:\/\/edico.al\/sq\/wp-json\/wp\/v2\/pages\/238423"}],"collection":[{"href":"https:\/\/edico.al\/sq\/wp-json\/wp\/v2\/pages"}],"about":[{"href":"https:\/\/edico.al\/sq\/wp-json\/wp\/v2\/types\/page"}],"author":[{"embeddable":true,"href":"https:\/\/edico.al\/sq\/wp-json\/wp\/v2\/users\/4"}],"replies":[{"embeddable":true,"href":"https:\/\/edico.al\/sq\/wp-json\/wp\/v2\/comments?post=238423"}],"version-history":[{"count":3,"href":"https:\/\/edico.al\/sq\/wp-json\/wp\/v2\/pages\/238423\/revisions"}],"predecessor-version":[{"id":242103,"href":"https:\/\/edico.al\/sq\/wp-json\/wp\/v2\/pages\/238423\/revisions\/242103"}],"wp:attachment":[{"href":"https:\/\/edico.al\/sq\/wp-json\/wp\/v2\/media?parent=238423"}],"curies":[{"name":"wp","href":"https:\/\/api.w.org\/{rel}","templated":true}]}}