{"id":238427,"date":"2019-07-09T13:02:39","date_gmt":"2019-07-09T13:02:39","guid":{"rendered":"http:\/\/192.168.1.3:81\/wordpress\/?page_id=238427"},"modified":"2019-09-04T15:39:57","modified_gmt":"2019-09-04T15:39:57","slug":"metale","status":"publish","type":"page","link":"https:\/\/edico.al\/sq\/metale\/","title":{"rendered":"Metale"},"content":{"rendered":"[et_pb_section admin_label=&#8221;section&#8221;]\n\t\t[et_pb_row admin_label=&#8221;row&#8221;]\n\t\t\t[et_pb_column type=&#8221;4_4&#8243;][et_pb_text admin_label=&#8221;Text&#8221;]\n<p>Produktet, zgjidhjet dhe sh\u00ebrbimet tona sigurojn\u00eb operacione t\u00eb sigurta, t\u00eb besueshme dhe efikase n\u00eb t\u00eb gjith\u00eb industrin\u00eb e metaleve.<\/p>\n[\/et_pb_text][\/et_pb_column]\n\t\t[\/et_pb_row]\n\t[\/et_pb_section]","protected":false},"excerpt":{"rendered":"<p>[et_pb_section admin_label=&#8221;section&#8221;] [et_pb_row admin_label=&#8221;row&#8221;] [et_pb_column type=&#8221;4_4&#8243;][et_pb_text admin_label=&#8221;Text&#8221;] Produktet, zgjidhjet dhe sh\u00ebrbimet tona sigurojn\u00eb operacione t\u00eb sigurta, t\u00eb besueshme dhe efikase n\u00eb t\u00eb gjith\u00eb industrin\u00eb e metaleve. [\/et_pb_text][\/et_pb_column] [\/et_pb_row] [\/et_pb_section]<\/p>\n","protected":false},"author":4,"featured_media":0,"parent":0,"menu_order":0,"comment_status":"closed","ping_status":"closed","template":"","meta":{"_et_pb_use_builder":"on","_et_pb_old_content":"<!-- wp:paragraph -->\n<p>Produktet, zgjidhjet dhe sh\u00ebrbimet tona sigurojn\u00eb operacione t\u00eb sigurta, t\u00eb besueshme dhe efikase n\u00eb t\u00eb gjith\u00eb industrin\u00eb e metaleve.<\/p>\n<!-- \/wp:paragraph -->","footnotes":""},"_links":{"self":[{"href":"https:\/\/edico.al\/sq\/wp-json\/wp\/v2\/pages\/238427"}],"collection":[{"href":"https:\/\/edico.al\/sq\/wp-json\/wp\/v2\/pages"}],"about":[{"href":"https:\/\/edico.al\/sq\/wp-json\/wp\/v2\/types\/page"}],"author":[{"embeddable":true,"href":"https:\/\/edico.al\/sq\/wp-json\/wp\/v2\/users\/4"}],"replies":[{"embeddable":true,"href":"https:\/\/edico.al\/sq\/wp-json\/wp\/v2\/comments?post=238427"}],"version-history":[{"count":3,"href":"https:\/\/edico.al\/sq\/wp-json\/wp\/v2\/pages\/238427\/revisions"}],"predecessor-version":[{"id":241593,"href":"https:\/\/edico.al\/sq\/wp-json\/wp\/v2\/pages\/238427\/revisions\/241593"}],"wp:attachment":[{"href":"https:\/\/edico.al\/sq\/wp-json\/wp\/v2\/media?parent=238427"}],"curies":[{"name":"wp","href":"https:\/\/api.w.org\/{rel}","templated":true}]}}