{"id":238431,"date":"2019-07-09T13:03:12","date_gmt":"2019-07-09T13:03:12","guid":{"rendered":"http:\/\/192.168.1.3:81\/wordpress\/?page_id=238431"},"modified":"2019-07-26T10:30:18","modified_gmt":"2019-07-26T10:30:18","slug":"mining","status":"publish","type":"page","link":"https:\/\/edico.al\/sq\/mining\/","title":{"rendered":"Mining"},"content":{"rendered":"\n<p>Ekipi yn\u00eb ofron zgjidhje dhe sh\u00ebrbime t\u00eb integruara. Ne ndihmojm\u00eb kompanit\u00eb minerare q\u00eb t\u00eb zgjedhin fuqin\u00eb dhe produktivitetin e tyre, t\u00eb rrisin disponueshm\u00ebrin\u00eb dhe t\u00eb ulin shpenzimet p\u00ebr investime gjat\u00eb jet\u00ebs. <\/p>\n","protected":false},"excerpt":{"rendered":"<p>Ekipi yn\u00eb ofron zgjidhje dhe sh\u00ebrbime t\u00eb integruara. Ne ndihmojm\u00eb kompanit\u00eb minerare q\u00eb t\u00eb zgjedhin fuqin\u00eb dhe produktivitetin e tyre, t\u00eb rrisin disponueshm\u00ebrin\u00eb dhe t\u00eb ulin shpenzimet p\u00ebr investime gjat\u00eb jet\u00ebs.<\/p>\n","protected":false},"author":4,"featured_media":0,"parent":0,"menu_order":0,"comment_status":"closed","ping_status":"closed","template":"","meta":{"_et_pb_use_builder":"off","_et_pb_old_content":"","footnotes":""},"_links":{"self":[{"href":"https:\/\/edico.al\/sq\/wp-json\/wp\/v2\/pages\/238431"}],"collection":[{"href":"https:\/\/edico.al\/sq\/wp-json\/wp\/v2\/pages"}],"about":[{"href":"https:\/\/edico.al\/sq\/wp-json\/wp\/v2\/types\/page"}],"author":[{"embeddable":true,"href":"https:\/\/edico.al\/sq\/wp-json\/wp\/v2\/users\/4"}],"replies":[{"embeddable":true,"href":"https:\/\/edico.al\/sq\/wp-json\/wp\/v2\/comments?post=238431"}],"version-history":[{"count":1,"href":"https:\/\/edico.al\/sq\/wp-json\/wp\/v2\/pages\/238431\/revisions"}],"predecessor-version":[{"id":238432,"href":"https:\/\/edico.al\/sq\/wp-json\/wp\/v2\/pages\/238431\/revisions\/238432"}],"wp:attachment":[{"href":"https:\/\/edico.al\/sq\/wp-json\/wp\/v2\/media?parent=238431"}],"curies":[{"name":"wp","href":"https:\/\/api.w.org\/{rel}","templated":true}]}}