{"id":238433,"date":"2019-07-09T13:03:40","date_gmt":"2019-07-09T13:03:40","guid":{"rendered":"http:\/\/192.168.1.3:81\/wordpress\/?page_id=238433"},"modified":"2019-09-12T22:24:39","modified_gmt":"2019-09-12T22:24:39","slug":"nafte-dhe-gaz","status":"publish","type":"page","link":"https:\/\/edico.al\/sq\/nafte-dhe-gaz\/","title":{"rendered":"Nafte dhe Gaz"},"content":{"rendered":"[et_pb_section fb_built=&#8221;1&#8243; admin_label=&#8221;section&#8221; _builder_version=&#8221;3.22.3&#8243;][et_pb_row admin_label=&#8221;row&#8221; _builder_version=&#8221;3.25&#8243; background_size=&#8221;initial&#8221; background_position=&#8221;top_left&#8221; background_repeat=&#8221;repeat&#8221;][et_pb_column type=&#8221;4_4&#8243; _builder_version=&#8221;3.25&#8243; custom_padding=&#8221;|||&#8221; custom_padding__hover=&#8221;|||&#8221;][et_pb_text admin_label=&#8221;Text&#8221; _builder_version=&#8221;3.0.74&#8243; background_size=&#8221;initial&#8221; background_position=&#8221;top_left&#8221; background_repeat=&#8221;repeat&#8221;]<p><\/p>\n<p>Zgjidhjet inteligjente dhe t\u00eb integruara tona ndihmojn\u00eb klient\u00ebt tan\u00eb t\u00eb minimizojn\u00eb koston, planin dhe rrezikun n\u00eb t\u00eb gjith\u00eb industrin\u00eb e energjis\u00eb.<\/p>\n<p><\/p>[\/et_pb_text][\/et_pb_column][\/et_pb_row][\/et_pb_section]","protected":false},"excerpt":{"rendered":"<p>[et_pb_section fb_built=&#8221;1&#8243; admin_label=&#8221;section&#8221; _builder_version=&#8221;3.22.3&#8243;][et_pb_row admin_label=&#8221;row&#8221; _builder_version=&#8221;3.25&#8243; background_size=&#8221;initial&#8221; background_position=&#8221;top_left&#8221; background_repeat=&#8221;repeat&#8221;][et_pb_column type=&#8221;4_4&#8243; _builder_version=&#8221;3.25&#8243; custom_padding=&#8221;|||&#8221; custom_padding__hover=&#8221;|||&#8221;][et_pb_text admin_label=&#8221;Text&#8221; _builder_version=&#8221;3.0.74&#8243; background_size=&#8221;initial&#8221; background_position=&#8221;top_left&#8221; background_repeat=&#8221;repeat&#8221;] Zgjidhjet inteligjente dhe t\u00eb integruara tona ndihmojn\u00eb klient\u00ebt tan\u00eb t\u00eb minimizojn\u00eb koston, planin dhe rrezikun n\u00eb t\u00eb gjith\u00eb industrin\u00eb e energjis\u00eb. [\/et_pb_text][\/et_pb_column][\/et_pb_row][\/et_pb_section]<\/p>\n","protected":false},"author":4,"featured_media":0,"parent":0,"menu_order":0,"comment_status":"closed","ping_status":"closed","template":"","meta":{"_et_pb_use_builder":"on","_et_pb_old_content":"<!-- wp:paragraph -->\n<p>Zgjidhjet inteligjente dhe t\u00eb integruara toona ndihmojn\u00eb klient\u00ebt tan\u00eb t\u00eb minimizojn\u00eb koston, planin dhe rrezikun n\u00eb t\u00eb gjith\u00eb industrin\u00eb e energjis\u00eb.<\/p>\n<!-- \/wp:paragraph -->","footnotes":""},"_links":{"self":[{"href":"https:\/\/edico.al\/sq\/wp-json\/wp\/v2\/pages\/238433"}],"collection":[{"href":"https:\/\/edico.al\/sq\/wp-json\/wp\/v2\/pages"}],"about":[{"href":"https:\/\/edico.al\/sq\/wp-json\/wp\/v2\/types\/page"}],"author":[{"embeddable":true,"href":"https:\/\/edico.al\/sq\/wp-json\/wp\/v2\/users\/4"}],"replies":[{"embeddable":true,"href":"https:\/\/edico.al\/sq\/wp-json\/wp\/v2\/comments?post=238433"}],"version-history":[{"count":4,"href":"https:\/\/edico.al\/sq\/wp-json\/wp\/v2\/pages\/238433\/revisions"}],"predecessor-version":[{"id":242114,"href":"https:\/\/edico.al\/sq\/wp-json\/wp\/v2\/pages\/238433\/revisions\/242114"}],"wp:attachment":[{"href":"https:\/\/edico.al\/sq\/wp-json\/wp\/v2\/media?parent=238433"}],"curies":[{"name":"wp","href":"https:\/\/api.w.org\/{rel}","templated":true}]}}