{"id":238435,"date":"2019-07-09T13:03:52","date_gmt":"2019-07-09T13:03:52","guid":{"rendered":"http:\/\/192.168.1.3:81\/wordpress\/?page_id=238435"},"modified":"2019-09-12T22:13:34","modified_gmt":"2019-09-12T22:13:34","slug":"porte","status":"publish","type":"page","link":"https:\/\/edico.al\/sq\/porte\/","title":{"rendered":"Porte"},"content":{"rendered":"[et_pb_section fb_built=&#8221;1&#8243; admin_label=&#8221;section&#8221; _builder_version=&#8221;3.22.3&#8243;][et_pb_row admin_label=&#8221;row&#8221; _builder_version=&#8221;3.25&#8243; background_size=&#8221;initial&#8221; background_position=&#8221;top_left&#8221; background_repeat=&#8221;repeat&#8221;][et_pb_column type=&#8221;4_4&#8243; _builder_version=&#8221;3.25&#8243; custom_padding=&#8221;|||&#8221; custom_padding__hover=&#8221;|||&#8221;][et_pb_text admin_label=&#8221;Text&#8221; _builder_version=&#8221;3.0.74&#8243; background_size=&#8221;initial&#8221; background_position=&#8221;top_left&#8221; background_repeat=&#8221;repeat&#8221;]<p><\/p>\n<p>Zgjidhje p\u00ebr portet dhe terminalet e ngarkesave<\/p>\n<p><\/p>\n<p><\/p>\n<p>Ne sigurojm\u00eb automatizimin dhe sistemet elektrike p\u00ebr kontenier\u00ebt dhe trajtimin e pjes\u00ebve t\u00eb ngarkesave nga anija n\u00eb port.<\/p>\n<p><\/p>\n<p><\/p>\n<p>Sistemet dhe sh\u00ebrbimet tona ndihmojn\u00eb operator\u00ebt e terminaleve t\u00eb p\u00ebrmbushin sfid\u00ebn e anijeve m\u00eb t\u00eb m\u00ebdha, vin\u00e7a m\u00eb t\u00eb lart\u00eb dhe v\u00ebllime m\u00eb t\u00eb m\u00ebdha p\u00ebr thirrje, dhe t\u00eb b\u00ebjn\u00eb operimet e terminalit m\u00eb t\u00eb sigurta, m\u00eb miq\u00ebsore me mjedisin dhe m\u00eb produktive.<\/p>\n<p><\/p>[\/et_pb_text][\/et_pb_column][\/et_pb_row][\/et_pb_section]","protected":false},"excerpt":{"rendered":"<p>[et_pb_section fb_built=&#8221;1&#8243; admin_label=&#8221;section&#8221; _builder_version=&#8221;3.22.3&#8243;][et_pb_row admin_label=&#8221;row&#8221; _builder_version=&#8221;3.25&#8243; background_size=&#8221;initial&#8221; background_position=&#8221;top_left&#8221; background_repeat=&#8221;repeat&#8221;][et_pb_column type=&#8221;4_4&#8243; _builder_version=&#8221;3.25&#8243; custom_padding=&#8221;|||&#8221; custom_padding__hover=&#8221;|||&#8221;][et_pb_text admin_label=&#8221;Text&#8221; _builder_version=&#8221;3.0.74&#8243; background_size=&#8221;initial&#8221; background_position=&#8221;top_left&#8221; background_repeat=&#8221;repeat&#8221;] Zgjidhje p\u00ebr portet dhe terminalet e ngarkesave Ne sigurojm\u00eb automatizimin dhe sistemet elektrike p\u00ebr kontenier\u00ebt dhe trajtimin e pjes\u00ebve t\u00eb ngarkesave nga anija n\u00eb port. Sistemet dhe sh\u00ebrbimet tona ndihmojn\u00eb operator\u00ebt e terminaleve t\u00eb p\u00ebrmbushin sfid\u00ebn e [&hellip;]<\/p>\n","protected":false},"author":4,"featured_media":0,"parent":0,"menu_order":0,"comment_status":"closed","ping_status":"closed","template":"","meta":{"_et_pb_use_builder":"on","_et_pb_old_content":"<!-- wp:paragraph -->\n<p>Zgjidhje p\u00ebr portet dhe terminalet e ngarkesave<\/p>\n<!-- \/wp:paragraph -->\n\n<!-- wp:paragraph -->\n<p>Ne sigurojm\u00eb automatizimin dhe sistemet elektrike p\u00ebr kontenier\u00ebt dhe trajtimin e pjes\u00ebve t\u00eb ngarkesave nga anija n\u00eb port\u00eb.<\/p>\n<!-- \/wp:paragraph -->\n\n<!-- wp:paragraph -->\n<p>Sistemet dhe sh\u00ebrbimet tona ndihmojn\u00eb operator\u00ebt e terminaleve t\u00eb p\u00ebrmbushin sfid\u00ebn e anijeve m\u00eb t\u00eb m\u00ebdha, vin\u00e7a m\u00eb t\u00eb larta dhe v\u00ebllime m\u00eb t\u00eb m\u00ebdha p\u00ebr thirrje, dhe t\u00eb b\u00ebjn\u00eb operimet e terminalit m\u00eb t\u00eb sigurta, m\u00eb t\u00eb gjelbra dhe m\u00eb produktive.<\/p>\n<!-- \/wp:paragraph -->","footnotes":""},"_links":{"self":[{"href":"https:\/\/edico.al\/sq\/wp-json\/wp\/v2\/pages\/238435"}],"collection":[{"href":"https:\/\/edico.al\/sq\/wp-json\/wp\/v2\/pages"}],"about":[{"href":"https:\/\/edico.al\/sq\/wp-json\/wp\/v2\/types\/page"}],"author":[{"embeddable":true,"href":"https:\/\/edico.al\/sq\/wp-json\/wp\/v2\/users\/4"}],"replies":[{"embeddable":true,"href":"https:\/\/edico.al\/sq\/wp-json\/wp\/v2\/comments?post=238435"}],"version-history":[{"count":4,"href":"https:\/\/edico.al\/sq\/wp-json\/wp\/v2\/pages\/238435\/revisions"}],"predecessor-version":[{"id":242106,"href":"https:\/\/edico.al\/sq\/wp-json\/wp\/v2\/pages\/238435\/revisions\/242106"}],"wp:attachment":[{"href":"https:\/\/edico.al\/sq\/wp-json\/wp\/v2\/media?parent=238435"}],"curies":[{"name":"wp","href":"https:\/\/api.w.org\/{rel}","templated":true}]}}