{"id":238443,"date":"2019-07-09T13:04:58","date_gmt":"2019-07-09T13:04:58","guid":{"rendered":"http:\/\/192.168.1.3:81\/wordpress\/?page_id=238443"},"modified":"2019-09-12T22:22:36","modified_gmt":"2019-09-12T22:22:36","slug":"printime","status":"publish","type":"page","link":"https:\/\/edico.al\/sq\/printime\/","title":{"rendered":"Printime"},"content":{"rendered":"[et_pb_section fb_built=&#8221;1&#8243; admin_label=&#8221;section&#8221; _builder_version=&#8221;3.22.3&#8243;][et_pb_row admin_label=&#8221;row&#8221; _builder_version=&#8221;3.25&#8243; background_size=&#8221;initial&#8221; background_position=&#8221;top_left&#8221; background_repeat=&#8221;repeat&#8221;][et_pb_column type=&#8221;4_4&#8243; _builder_version=&#8221;3.25&#8243; custom_padding=&#8221;|||&#8221; custom_padding__hover=&#8221;|||&#8221;][et_pb_text admin_label=&#8221;Text&#8221; _builder_version=&#8221;3.0.74&#8243; background_size=&#8221;initial&#8221; background_position=&#8221;top_left&#8221; background_repeat=&#8221;repeat&#8221;]<p><\/p>\n<p>&nbsp;<\/p>\n<p>Zgjidhje p\u00ebr industrin\u00eb e printimit t\u00eb gazetave<\/p>\n<p><br \/>Ne ofrojm\u00eb kontroll t\u00eb integruar, automatizim dhe zgjidhje IT p\u00ebr t\u00ebr\u00eb procesin e prodhimit t\u00eb gazetave.\u00a0<\/p>\n<p>&nbsp;<\/p>\n<p><\/p>\n<p>&nbsp;<\/p>[\/et_pb_text][\/et_pb_column][\/et_pb_row][\/et_pb_section]","protected":false},"excerpt":{"rendered":"<p>[et_pb_section fb_built=&#8221;1&#8243; admin_label=&#8221;section&#8221; _builder_version=&#8221;3.22.3&#8243;][et_pb_row admin_label=&#8221;row&#8221; _builder_version=&#8221;3.25&#8243; background_size=&#8221;initial&#8221; background_position=&#8221;top_left&#8221; background_repeat=&#8221;repeat&#8221;][et_pb_column type=&#8221;4_4&#8243; _builder_version=&#8221;3.25&#8243; custom_padding=&#8221;|||&#8221; custom_padding__hover=&#8221;|||&#8221;][et_pb_text admin_label=&#8221;Text&#8221; _builder_version=&#8221;3.0.74&#8243; background_size=&#8221;initial&#8221; background_position=&#8221;top_left&#8221; background_repeat=&#8221;repeat&#8221;] &nbsp; Zgjidhje p\u00ebr industrin\u00eb e printimit t\u00eb gazetave Ne ofrojm\u00eb kontroll t\u00eb integruar, automatizim dhe zgjidhje IT p\u00ebr t\u00ebr\u00eb procesin e prodhimit t\u00eb gazetave.\u00a0 &nbsp; &nbsp; [\/et_pb_text][\/et_pb_column][\/et_pb_row][\/et_pb_section]<\/p>\n","protected":false},"author":4,"featured_media":0,"parent":0,"menu_order":0,"comment_status":"closed","ping_status":"closed","template":"","meta":{"_et_pb_use_builder":"on","_et_pb_old_content":"<!-- wp:paragraph -->\n<p>Zgjidhje p\u00ebr industrin\u00eb e ptintimit t\u00eb gazetave<br>Ne ofrojm\u00eb kontroll t\u00eb integruar, automatizim dhe zgjidhje IT p\u00ebr t\u00ebr\u00eb procesin e prodhimit t\u00eb gazetave. Botimet dhe shtypshkronjet n\u00eb mbar\u00eb bot\u00ebn mb\u00ebshteten n\u00eb zgjidhjet e ABB p\u00ebr t\u00eb prodhuar gazetat e tyre dhe p\u00ebr t\u00eb optimizuar efikasitetin e tyre.<\/p>\n<!-- \/wp:paragraph -->","footnotes":""},"_links":{"self":[{"href":"https:\/\/edico.al\/sq\/wp-json\/wp\/v2\/pages\/238443"}],"collection":[{"href":"https:\/\/edico.al\/sq\/wp-json\/wp\/v2\/pages"}],"about":[{"href":"https:\/\/edico.al\/sq\/wp-json\/wp\/v2\/types\/page"}],"author":[{"embeddable":true,"href":"https:\/\/edico.al\/sq\/wp-json\/wp\/v2\/users\/4"}],"replies":[{"embeddable":true,"href":"https:\/\/edico.al\/sq\/wp-json\/wp\/v2\/comments?post=238443"}],"version-history":[{"count":5,"href":"https:\/\/edico.al\/sq\/wp-json\/wp\/v2\/pages\/238443\/revisions"}],"predecessor-version":[{"id":242111,"href":"https:\/\/edico.al\/sq\/wp-json\/wp\/v2\/pages\/238443\/revisions\/242111"}],"wp:attachment":[{"href":"https:\/\/edico.al\/sq\/wp-json\/wp\/v2\/media?parent=238443"}],"curies":[{"name":"wp","href":"https:\/\/api.w.org\/{rel}","templated":true}]}}