{"id":238445,"date":"2019-07-09T13:05:11","date_gmt":"2019-07-09T13:05:11","guid":{"rendered":"http:\/\/192.168.1.3:81\/wordpress\/?page_id=238445"},"modified":"2019-07-26T08:29:08","modified_gmt":"2019-07-26T08:29:08","slug":"pulp-and-paper","status":"publish","type":"page","link":"https:\/\/edico.al\/sq\/pulp-and-paper\/","title":{"rendered":"Pulp and Paper"},"content":{"rendered":"\n<p>Ne ofrojm\u00eb nj\u00eb portofol t\u00eb plot\u00eb p\u00ebr prodhimin optimal t\u00eb letr\u00ebs. Ne ofrojm\u00eb zgjidhje p\u00ebr shp\u00ebrndarjen e energjis\u00eb dhe sisteme t\u00eb avancuara t\u00eb kontrollit p\u00ebr monitorimin e efikasitetit t\u00eb procesit p\u00ebr t\u00eb mbajtur shpenzimet t\u00eb ul\u00ebta dhe produktivitetin e lart\u00eb. Produktet tona m\u00eb t\u00eb fundit p\u00ebr matjen e devijimeve n\u00eb proces ndihmojn\u00eb n\u00eb sigurimin e cil\u00ebsis\u00eb.<\/p>\n","protected":false},"excerpt":{"rendered":"<p>Ne ofrojm\u00eb nj\u00eb portofol t\u00eb plot\u00eb p\u00ebr prodhimin optimal t\u00eb letr\u00ebs. Ne ofrojm\u00eb zgjidhje p\u00ebr shp\u00ebrndarjen e energjis\u00eb dhe sisteme t\u00eb avancuara t\u00eb kontrollit p\u00ebr monitorimin e efikasitetit t\u00eb procesit p\u00ebr t\u00eb mbajtur shpenzimet t\u00eb ul\u00ebta dhe produktivitetin e lart\u00eb. Produktet tona m\u00eb t\u00eb fundit p\u00ebr matjen e devijimeve n\u00eb proces ndihmojn\u00eb n\u00eb sigurimin e [&hellip;]<\/p>\n","protected":false},"author":4,"featured_media":0,"parent":0,"menu_order":0,"comment_status":"closed","ping_status":"closed","template":"","meta":{"_et_pb_use_builder":"off","_et_pb_old_content":"","footnotes":""},"_links":{"self":[{"href":"https:\/\/edico.al\/sq\/wp-json\/wp\/v2\/pages\/238445"}],"collection":[{"href":"https:\/\/edico.al\/sq\/wp-json\/wp\/v2\/pages"}],"about":[{"href":"https:\/\/edico.al\/sq\/wp-json\/wp\/v2\/types\/page"}],"author":[{"embeddable":true,"href":"https:\/\/edico.al\/sq\/wp-json\/wp\/v2\/users\/4"}],"replies":[{"embeddable":true,"href":"https:\/\/edico.al\/sq\/wp-json\/wp\/v2\/comments?post=238445"}],"version-history":[{"count":1,"href":"https:\/\/edico.al\/sq\/wp-json\/wp\/v2\/pages\/238445\/revisions"}],"predecessor-version":[{"id":238446,"href":"https:\/\/edico.al\/sq\/wp-json\/wp\/v2\/pages\/238445\/revisions\/238446"}],"wp:attachment":[{"href":"https:\/\/edico.al\/sq\/wp-json\/wp\/v2\/media?parent=238445"}],"curies":[{"name":"wp","href":"https:\/\/api.w.org\/{rel}","templated":true}]}}