{"id":238449,"date":"2019-07-09T13:06:28","date_gmt":"2019-07-09T13:06:28","guid":{"rendered":"http:\/\/192.168.1.3:81\/wordpress\/?page_id=238449"},"modified":"2019-07-26T08:19:56","modified_gmt":"2019-07-26T08:19:56","slug":"solar-power","status":"publish","type":"page","link":"https:\/\/edico.al\/sq\/solar-power\/","title":{"rendered":"Panele Fotovoltaike"},"content":{"rendered":"\n<figure class=\"wp-block-image is-resized\"><img decoding=\"async\" src=\"http:\/\/edico.al\/wp-content\/uploads\/2019\/07\/As_solar_firmengebaude-1024x768.jpg\" alt=\"\" class=\"wp-image-238875\" width=\"743\" height=\"557\" srcset=\"https:\/\/edico.al\/wp-content\/uploads\/2019\/07\/As_solar_firmengebaude-1024x768.jpg 1024w, https:\/\/edico.al\/wp-content\/uploads\/2019\/07\/As_solar_firmengebaude-600x450.jpg 600w, https:\/\/edico.al\/wp-content\/uploads\/2019\/07\/As_solar_firmengebaude-300x225.jpg 300w, https:\/\/edico.al\/wp-content\/uploads\/2019\/07\/As_solar_firmengebaude-768x576.jpg 768w, https:\/\/edico.al\/wp-content\/uploads\/2019\/07\/As_solar_firmengebaude-510x382.jpg 510w, https:\/\/edico.al\/wp-content\/uploads\/2019\/07\/As_solar_firmengebaude-1080x810.jpg 1080w\" sizes=\"(max-width: 743px) 100vw, 743px\" \/><\/figure>\n\n\n\n<p>Ne ofrojm\u00eb nj\u00eb portofol t\u00eb plot\u00eb t\u00eb produkteve, sistemeve, zgjidhjeve dhe sh\u00ebrbimeve p\u00ebr t\u00eb optimizuar performanc\u00ebn, besueshm\u00ebrin\u00eb dhe kthimin e investimeve t\u00eb \u00e7do instalimi diellor &#8211; nga \u00e7atit\u00eb e banimit n\u00eb aplikacionet komerciale dhe industriale dhe impiantet e energjis\u00eb elektrike.<\/p>\n","protected":false},"excerpt":{"rendered":"<p>Ne ofrojm\u00eb nj\u00eb portofol t\u00eb plot\u00eb t\u00eb produkteve, sistemeve, zgjidhjeve dhe sh\u00ebrbimeve p\u00ebr t\u00eb optimizuar performanc\u00ebn, besueshm\u00ebrin\u00eb dhe kthimin e investimeve t\u00eb \u00e7do instalimi diellor &#8211; nga \u00e7atit\u00eb e banimit n\u00eb aplikacionet komerciale dhe industriale dhe impiantet e energjis\u00eb elektrike.<\/p>\n","protected":false},"author":4,"featured_media":0,"parent":0,"menu_order":0,"comment_status":"closed","ping_status":"closed","template":"","meta":{"_et_pb_use_builder":"off","_et_pb_old_content":"","footnotes":""},"_links":{"self":[{"href":"https:\/\/edico.al\/sq\/wp-json\/wp\/v2\/pages\/238449"}],"collection":[{"href":"https:\/\/edico.al\/sq\/wp-json\/wp\/v2\/pages"}],"about":[{"href":"https:\/\/edico.al\/sq\/wp-json\/wp\/v2\/types\/page"}],"author":[{"embeddable":true,"href":"https:\/\/edico.al\/sq\/wp-json\/wp\/v2\/users\/4"}],"replies":[{"embeddable":true,"href":"https:\/\/edico.al\/sq\/wp-json\/wp\/v2\/comments?post=238449"}],"version-history":[{"count":2,"href":"https:\/\/edico.al\/sq\/wp-json\/wp\/v2\/pages\/238449\/revisions"}],"predecessor-version":[{"id":238642,"href":"https:\/\/edico.al\/sq\/wp-json\/wp\/v2\/pages\/238449\/revisions\/238642"}],"wp:attachment":[{"href":"https:\/\/edico.al\/sq\/wp-json\/wp\/v2\/media?parent=238449"}],"curies":[{"name":"wp","href":"https:\/\/api.w.org\/{rel}","templated":true}]}}