{"id":238490,"date":"2019-07-09T13:31:11","date_gmt":"2019-07-09T13:31:11","guid":{"rendered":"http:\/\/192.168.1.3:81\/wordpress\/?page_id=238490"},"modified":"2019-07-30T11:11:52","modified_gmt":"2019-07-30T11:11:52","slug":"menaxhim-i-ciklit-jetesor","status":"publish","type":"page","link":"https:\/\/edico.al\/sq\/menaxhim-i-ciklit-jetesor\/","title":{"rendered":"Menaxhim i Ciklit Jet\u00ebsor"},"content":{"rendered":"<p>[et_pb_section fb_built=&#8221;1&#8243; _builder_version=&#8221;3.25.4&#8243;][et_pb_row _builder_version=&#8221;3.25.4&#8243; locked=&#8221;off&#8221;][et_pb_column type=&#8221;4_4&#8243; _builder_version=&#8221;3.25.4&#8243;][et_pb_post_title meta=&#8221;off&#8221; featured_image=&#8221;off&#8221; _builder_version=&#8221;3.25.4&#8243; title_font=&#8221;||||||||&#8221;][\/et_pb_post_title][\/et_pb_column][\/et_pb_row][et_pb_row _builder_version=&#8221;3.25.4&#8243;][et_pb_column type=&#8221;4_4&#8243; _builder_version=&#8221;3.25.4&#8243;][et_pb_text _builder_version=&#8221;3.25.4&#8243;]<\/p>\n<p><span>Ne p\u00ebrdorim mjete dhe njohuri t\u00eb fuqishme p\u00ebr t\u00eb optimizuar dhe zgjatur jet\u00ebn e pajisjeve tuaja.<\/span><\/p>\n<p><span> Kur keni nevoj\u00eb zakonisht p\u00ebr menaxhimin e ciklit jet\u00ebsor? <\/span><\/p>\n<ul>\n<li><span>Kur keni nevoj\u00eb p\u00ebr informacion mbi gjendjen e pajisjes tuaj dhe ciklin e jet\u00ebs s\u00eb komponent\u00ebve, ne ofrojm\u00eb ndihm\u00eb dhe ekspertiz\u00eb n\u00eb diagnostikimin dhe vler\u00ebsimin e ciklit t\u00eb jet\u00ebs. <\/span><\/li>\n<li><span>Kur d\u00ebshironi q\u00eb teknologjit\u00eb tuaja dhe proceset e prodhimit t\u00eb jen\u00eb t\u00eb azhurnuara dhe t\u00eb funksionojn\u00eb me efikasitet maksimal dhe me performanc\u00eb t\u00eb lart\u00eb vazhdimisht, ne kujdesemi p\u00ebr instalimin dhe komisionimin. <\/span><\/li>\n<li><span>Kur doni t\u00eb p\u00ebrmir\u00ebsoni besueshm\u00ebrin\u00eb e pajisjes tuaj, sh\u00ebrbimi yn\u00eb mir\u00ebmbajt\u00ebs proaktiv dhe parandalues \u200b\u200b\u00ebsht\u00eb atje p\u00ebr t&#8217;ju ndihmuar. <\/span><\/li>\n<li><span>Kur q\u00ebllimi juaj \u00ebsht\u00eb zgjatja e jet\u00ebs s\u00eb sh\u00ebrbimit t\u00eb pajisjeve tuaja, ne ofrojm\u00eb p\u00ebrmir\u00ebsime p\u00ebr produktet tuaja, ne ju ndihmojm\u00eb t\u00eb p\u00ebrdorni zgjidhje t\u00eb reja dhe teknologjin\u00eb m\u00eb t\u00eb fundit n\u00eb nj\u00eb m\u00ebnyr\u00eb inovative. <\/span><\/li>\n<li><span>Kur keni nevoj\u00eb p\u00ebr ndihm\u00eb n\u00eb p\u00ebrcaktimin e koh\u00ebs optimale p\u00ebr z\u00ebvend\u00ebsimin ose kryerjen e nj\u00eb z\u00ebvend\u00ebsimi n\u00eb nj\u00eb m\u00ebnyr\u00eb t\u00eb mir\u00eborganizuar, ne sigurojm\u00eb nj\u00eb tranzicion t\u00eb qet\u00eb pa ndonj\u00eb problem pajtueshm\u00ebrie, sigurie ose probleme t\u00eb tjera.<\/span><\/li>\n<li><span> Kur d\u00ebshironi t\u00eb siguroheni q\u00eb personeli i kompanis\u00eb suaj mund t&#8217;u p\u00ebrgjigjet t\u00eb gjitha situatave tani dhe n\u00eb t\u00eb ardhmen, ne ofrojm\u00eb mund\u00ebsi t\u00eb p\u00ebrshtatshme trainimi nga sfera jon\u00eb e pajisjeve dhe sh\u00ebrbimeve t\u00eb trajnimit. <\/span><\/li>\n<li><span>Kur keni nevoj\u00eb p\u00ebr pjes\u00eb rezerv\u00eb dhe t\u00eb konsumueshme dhe d\u00ebshironi t\u00eb siguroni q\u00eb t\u00eb merrni pik\u00ebrisht pjes\u00ebn e duhur rezerv\u00eb n\u00eb gjendje t\u00eb plot\u00eb pune, shpejt dhe brenda afatit kohor t\u00eb dakorduar, madje edhe 20 vjet nga tani, ne jemi partneri i duhur. <\/span><\/li>\n<li><span>Kur d\u00ebshironi q\u00eb pajisjet tuaja t\u00eb mir\u00ebmbahen n\u00eb gjendje t\u00eb plot\u00eb dhe t\u00eb azhurnohen p\u00ebr t\u00eb p\u00ebrdorur teknologjin\u00eb m\u00eb t\u00eb fundit, marr\u00ebveshjet tona t\u00eb sh\u00ebrbimit p\u00ebrfshijn\u00eb sh\u00ebrbime t\u00eb ciklit jet\u00ebsor. <\/span><\/li>\n<li><span>Kur pajisjet tuaja kan\u00eb nevoj\u00eb p\u00ebr sh\u00ebrbime n\u00eb fund t\u00eb jet\u00ebs duke ulur ndikimin n\u00eb mjedis p\u00ebrmes nd\u00ebrprerjes, rishitjes, asgj\u00ebsimit dhe riciklimit.<\/span><\/li>\n<\/ul>\n<p>[\/et_pb_text][\/et_pb_column][\/et_pb_row][\/et_pb_section]<\/p>\n","protected":false},"excerpt":{"rendered":"<p>[et_pb_section fb_built=&#8221;1&#8243; _builder_version=&#8221;3.25.4&#8243;][et_pb_row _builder_version=&#8221;3.25.4&#8243; locked=&#8221;off&#8221;][et_pb_column type=&#8221;4_4&#8243; _builder_version=&#8221;3.25.4&#8243;][et_pb_post_title meta=&#8221;off&#8221; featured_image=&#8221;off&#8221; _builder_version=&#8221;3.25.4&#8243; title_font=&#8221;||||||||&#8221;][\/et_pb_post_title][\/et_pb_column][\/et_pb_row][et_pb_row _builder_version=&#8221;3.25.4&#8243;][et_pb_column type=&#8221;4_4&#8243; _builder_version=&#8221;3.25.4&#8243;][et_pb_text _builder_version=&#8221;3.25.4&#8243;] Ne p\u00ebrdorim mjete dhe njohuri t\u00eb fuqishme p\u00ebr t\u00eb optimizuar dhe zgjatur jet\u00ebn e pajisjeve tuaja. Kur keni nevoj\u00eb zakonisht p\u00ebr menaxhimin e ciklit jet\u00ebsor? Kur keni nevoj\u00eb p\u00ebr informacion mbi gjendjen e pajisjes tuaj dhe ciklin e jet\u00ebs s\u00eb [&hellip;]<\/p>\n","protected":false},"author":4,"featured_media":0,"parent":0,"menu_order":0,"comment_status":"closed","ping_status":"closed","template":"","meta":{"_et_pb_use_builder":"on","_et_pb_old_content":"<!-- wp:divi\/placeholder \/-->","footnotes":""},"_links":{"self":[{"href":"https:\/\/edico.al\/sq\/wp-json\/wp\/v2\/pages\/238490"}],"collection":[{"href":"https:\/\/edico.al\/sq\/wp-json\/wp\/v2\/pages"}],"about":[{"href":"https:\/\/edico.al\/sq\/wp-json\/wp\/v2\/types\/page"}],"author":[{"embeddable":true,"href":"https:\/\/edico.al\/sq\/wp-json\/wp\/v2\/users\/4"}],"replies":[{"embeddable":true,"href":"https:\/\/edico.al\/sq\/wp-json\/wp\/v2\/comments?post=238490"}],"version-history":[{"count":1,"href":"https:\/\/edico.al\/sq\/wp-json\/wp\/v2\/pages\/238490\/revisions"}],"predecessor-version":[{"id":238491,"href":"https:\/\/edico.al\/sq\/wp-json\/wp\/v2\/pages\/238490\/revisions\/238491"}],"wp:attachment":[{"href":"https:\/\/edico.al\/sq\/wp-json\/wp\/v2\/media?parent=238490"}],"curies":[{"name":"wp","href":"https:\/\/api.w.org\/{rel}","templated":true}]}}