{"id":238550,"date":"2019-07-09T13:52:10","date_gmt":"2019-07-09T13:52:10","guid":{"rendered":"http:\/\/192.168.1.3:81\/wordpress\/?page_id=238550"},"modified":"2019-09-09T10:13:31","modified_gmt":"2019-09-09T10:13:31","slug":"produkte-te-tensionit-te-ulet-tu-2","status":"publish","type":"page","link":"https:\/\/edico.al\/sq\/produkte-te-tensionit-te-ulet-tu-2\/","title":{"rendered":"Produkte t\u00eb Tensionit t\u00eb Ul\u00ebt TU"},"content":{"rendered":"","protected":false},"excerpt":{"rendered":"","protected":false},"author":4,"featured_media":0,"parent":0,"menu_order":0,"comment_status":"closed","ping_status":"closed","template":"","meta":{"_et_pb_use_builder":"on","_et_pb_old_content":"","footnotes":""},"_links":{"self":[{"href":"https:\/\/edico.al\/sq\/wp-json\/wp\/v2\/pages\/238550"}],"collection":[{"href":"https:\/\/edico.al\/sq\/wp-json\/wp\/v2\/pages"}],"about":[{"href":"https:\/\/edico.al\/sq\/wp-json\/wp\/v2\/types\/page"}],"author":[{"embeddable":true,"href":"https:\/\/edico.al\/sq\/wp-json\/wp\/v2\/users\/4"}],"replies":[{"embeddable":true,"href":"https:\/\/edico.al\/sq\/wp-json\/wp\/v2\/comments?post=238550"}],"version-history":[{"count":4,"href":"https:\/\/edico.al\/sq\/wp-json\/wp\/v2\/pages\/238550\/revisions"}],"predecessor-version":[{"id":241890,"href":"https:\/\/edico.al\/sq\/wp-json\/wp\/v2\/pages\/238550\/revisions\/241890"}],"wp:attachment":[{"href":"https:\/\/edico.al\/sq\/wp-json\/wp\/v2\/media?parent=238550"}],"curies":[{"name":"wp","href":"https:\/\/api.w.org\/{rel}","templated":true}]}}