{"id":241188,"date":"2019-08-29T17:42:09","date_gmt":"2019-08-29T17:42:09","guid":{"rendered":"http:\/\/edico.al\/?page_id=241188"},"modified":"2019-09-02T10:40:33","modified_gmt":"2019-09-02T10:40:33","slug":"panele-elektrike","status":"publish","type":"page","link":"https:\/\/edico.al\/sq\/panele-elektrike\/","title":{"rendered":"Panele Elektrike"},"content":{"rendered":"<p>[et_pb_section fb_built=&#8221;1&#8243; _builder_version=&#8221;3.25.4&#8243;][et_pb_row _builder_version=&#8221;3.25.4&#8243;][et_pb_column type=&#8221;4_4&#8243; _builder_version=&#8221;3.25.4&#8243;][et_pb_text _builder_version=&#8221;3.25.4&#8243;]<\/p>\n<h2><span style=\"color: #07A1E2\"><strong>Panele Elektrike<\/strong><\/span><\/h2>\n<p>[\/et_pb_text][et_pb_image src=&#8221;http:\/\/edico.al\/wp-content\/uploads\/2019\/08\/5b3246f6a79d7.image_-1.png&#8221; _builder_version=&#8221;3.25.4&#8243;][\/et_pb_image][\/et_pb_column][\/et_pb_row][et_pb_row column_structure=&#8221;1_2,1_2&#8243; _builder_version=&#8221;3.25.4&#8243; locked=&#8221;off&#8221;][et_pb_column type=&#8221;1_2&#8243; _builder_version=&#8221;3.25.4&#8243;][et_pb_text _builder_version=&#8221;3.25.4&#8243;]<\/p>\n<h2><strong><span style=\"color: #07a1e2;\">Zgjidhje e plot\u00eb nga nj\u00eb burim i vet\u00ebm<\/span><\/strong><\/h2>\n<p><strong><span style=\"color: #07a1e2;\"><\/span><\/strong><\/p>\n<h3><strong>Fleksibilitet i lart\u00eb deri n\u00eb fund t\u00eb projektit<\/strong><\/h3>\n<p>Edico Group \u00ebsht\u00eb vendi i vet\u00ebm i nevojsh\u00ebm p\u00ebr t\u00eb gjitha sh\u00ebrbimet e automatizmit, p\u00ebrfshir\u00eb konsultimin, zhvillimin, dizenjimin dhe krijimin e software -it, prodhimin e paneleve, instalimin elektrik dhe komisionimin. Portofoli yn\u00eb mbulon prodhimin dhe montimin e nj\u00eb shum\u00ebllojshm\u00ebrie panelesh &#8211; nga panelet individual\u00eb deri tek instalimet teknike shum\u00eb komplekse q\u00eb p\u00ebrfshijn\u00eb gam\u00ebn e t\u00ebr\u00eb t\u00eb sh\u00ebrbimeve t\u00eb automatizimit dhe kontrollit.<\/p>\n<p>&nbsp;<\/p>\n<p>&nbsp;<\/p>\n<p>[\/et_pb_text][\/et_pb_column][et_pb_column type=&#8221;1_2&#8243; _builder_version=&#8221;3.25.4&#8243;][et_pb_image src=&#8221;http:\/\/edico.al\/wp-content\/uploads\/2019\/08\/20171021_193613-1-e1567087335496.jpg&#8221; _builder_version=&#8221;3.25.4&#8243; height=&#8221;400px&#8221;][\/et_pb_image][\/et_pb_column][\/et_pb_row][et_pb_row _builder_version=&#8221;3.25.4&#8243;][et_pb_column type=&#8221;4_4&#8243; _builder_version=&#8221;3.25.4&#8243;][et_pb_text _builder_version=&#8221;3.25.4&#8243;]<\/p>\n<h1 style=\"text-align: center;\"><strong>Projektet<\/strong><\/h1>\n<p>[\/et_pb_text][\/et_pb_column][\/et_pb_row][et_pb_row _builder_version=&#8221;3.25.4&#8243;][et_pb_column type=&#8221;4_4&#8243; _builder_version=&#8221;3.25.4&#8243;][et_pb_blog fullwidth=&#8221;off&#8221; include_categories=&#8221;56&#8243; use_overlay=&#8221;on&#8221; hover_icon=&#8221;%%51%%&#8221; module_class=&#8221;custom_blog&#8221; _builder_version=&#8221;3.25.4&#8243;][\/et_pb_blog][\/et_pb_column][\/et_pb_row][\/et_pb_section]<\/p>\n","protected":false},"excerpt":{"rendered":"<p>[et_pb_section fb_built=&#8221;1&#8243; _builder_version=&#8221;3.25.4&#8243;][et_pb_row _builder_version=&#8221;3.25.4&#8243;][et_pb_column type=&#8221;4_4&#8243; _builder_version=&#8221;3.25.4&#8243;][et_pb_text _builder_version=&#8221;3.25.4&#8243;] Panele Elektrike [\/et_pb_text][et_pb_image src=&#8221;http:\/\/edico.al\/wp-content\/uploads\/2019\/08\/5b3246f6a79d7.image_-1.png&#8221; _builder_version=&#8221;3.25.4&#8243;][\/et_pb_image][\/et_pb_column][\/et_pb_row][et_pb_row column_structure=&#8221;1_2,1_2&#8243; _builder_version=&#8221;3.25.4&#8243; locked=&#8221;off&#8221;][et_pb_column type=&#8221;1_2&#8243; _builder_version=&#8221;3.25.4&#8243;][et_pb_text _builder_version=&#8221;3.25.4&#8243;] Zgjidhje e plot\u00eb nga nj\u00eb burim i vet\u00ebm Fleksibilitet i lart\u00eb deri n\u00eb fund t\u00eb projektit Edico Group \u00ebsht\u00eb vendi i vet\u00ebm i nevojsh\u00ebm p\u00ebr t\u00eb gjitha sh\u00ebrbimet e automatizmit, p\u00ebrfshir\u00eb konsultimin, zhvillimin, dizenjimin dhe krijimin e [&hellip;]<\/p>\n","protected":false},"author":4,"featured_media":0,"parent":0,"menu_order":0,"comment_status":"closed","ping_status":"closed","template":"","meta":{"_et_pb_use_builder":"on","_et_pb_old_content":"","footnotes":""},"_links":{"self":[{"href":"https:\/\/edico.al\/sq\/wp-json\/wp\/v2\/pages\/241188"}],"collection":[{"href":"https:\/\/edico.al\/sq\/wp-json\/wp\/v2\/pages"}],"about":[{"href":"https:\/\/edico.al\/sq\/wp-json\/wp\/v2\/types\/page"}],"author":[{"embeddable":true,"href":"https:\/\/edico.al\/sq\/wp-json\/wp\/v2\/users\/4"}],"replies":[{"embeddable":true,"href":"https:\/\/edico.al\/sq\/wp-json\/wp\/v2\/comments?post=241188"}],"version-history":[{"count":5,"href":"https:\/\/edico.al\/sq\/wp-json\/wp\/v2\/pages\/241188\/revisions"}],"predecessor-version":[{"id":241425,"href":"https:\/\/edico.al\/sq\/wp-json\/wp\/v2\/pages\/241188\/revisions\/241425"}],"wp:attachment":[{"href":"https:\/\/edico.al\/sq\/wp-json\/wp\/v2\/media?parent=241188"}],"curies":[{"name":"wp","href":"https:\/\/api.w.org\/{rel}","templated":true}]}}