{"id":242359,"date":"2019-09-21T10:58:03","date_gmt":"2019-09-21T10:58:03","guid":{"rendered":"http:\/\/edico.al\/?page_id=242359"},"modified":"2019-09-26T14:55:27","modified_gmt":"2019-09-26T14:55:27","slug":"servis-pompash","status":"publish","type":"page","link":"https:\/\/edico.al\/sq\/servis-pompash\/","title":{"rendered":"Servis Pompash"},"content":{"rendered":"<p>[et_pb_section fb_built=&#8221;1&#8243; _builder_version=&#8221;3.25.4&#8243; background_image=&#8221;http:\/\/edico.al\/wp-content\/uploads\/2019\/09\/maxresdefault.jpg&#8221; parallax=&#8221;on&#8221; parallax_method=&#8221;off&#8221;][et_pb_row _builder_version=&#8221;3.25.4&#8243;][et_pb_column type=&#8221;4_4&#8243; _builder_version=&#8221;3.25.4&#8243;][et_pb_image src=&#8221;http:\/\/edico.al\/wp-content\/uploads\/2019\/09\/hydraulic-pump-repairing-service-500&#215;500.jpg&#8221; align=&#8221;center&#8221; _builder_version=&#8221;3.25.4&#8243; transform_scale=&#8221;146%|146%&#8221; transform_scale_linked=&#8221;off&#8221; transform_translate_linked=&#8221;off&#8221;][\/et_pb_image][\/et_pb_column][\/et_pb_row][et_pb_row custom_padding=&#8221;||8px&#8221; _builder_version=&#8221;3.25.4&#8243;][et_pb_column type=&#8221;4_4&#8243; _builder_version=&#8221;3.25.4&#8243;][et_pb_text _builder_version=&#8221;3.25.4&#8243; background_color=&#8221;rgba(255,255,255,0.79)&#8221; custom_margin=&#8221;||-14px|||&#8221;]<\/p>\n<h2><strong>Mir\u00ebmbajtje, riparim dhe rishikim<\/strong><\/h2>\n<p>Ne jemi t\u00eb gatsh\u00ebm t\u00eb nd\u00ebrhyjn\u00eb n\u00eb \u00e7do koh\u00eb p\u00ebr t\u00eb zgjidhur d\u00ebshtimet e pompave, valvulave dhe sistemeve p\u00ebrkat\u00ebse. Fillimisht do t\u00eb b\u00ebhet nj\u00eb inspektim dhe analiz\u00eb e problemit, pas s\u00eb cil\u00ebs ne kalojm\u00eb n\u00eb veprim, qoft\u00eb riparim ose rishikim.<\/p>\n<p>[\/et_pb_text][\/et_pb_column][\/et_pb_row][et_pb_row custom_padding=&#8221;||25px|||&#8221; _builder_version=&#8221;3.25.4&#8243;][et_pb_column type=&#8221;4_4&#8243; _builder_version=&#8221;3.25.4&#8243;][et_pb_text _builder_version=&#8221;3.25.4&#8243; background_color=&#8221;rgba(255,255,255,0.79)&#8221;]<\/p>\n<h2><strong>Sh\u00ebrbime Korrigjuese<\/strong><\/h2>\n<p>Ne operojn\u00eb n\u00eb pompa, valvula dhe sisteme ndihm\u00ebse, duke ofruar sh\u00ebrbime korrigjuese, k\u00ebto sh\u00ebrbime mund t\u00eb b\u00ebhen n\u00eb p\u00ebrputhje me rregulla t\u00eb caktuara dhe \/ ose vendime nga klienti.<\/p>\n<p>[\/et_pb_text][\/et_pb_column][\/et_pb_row][et_pb_row custom_padding=&#8221;18px||23px|||&#8221; _builder_version=&#8221;3.25.4&#8243;][et_pb_column type=&#8221;4_4&#8243; _builder_version=&#8221;3.25.4&#8243;][et_pb_text _builder_version=&#8221;3.25.4&#8243; background_color=&#8221;rgba(255,255,255,0.79)&#8221; custom_margin=&#8221;-23px|||||&#8221; custom_padding=&#8221;0px|||||&#8221;]<\/p>\n<h2><strong>Sh\u00ebrbime Parandaluese<\/strong><\/h2>\n<p>Ky sh\u00ebrbim kryhet n\u00eb p\u00ebrputhje n\u00eb periudha t\u00eb paracaktuara ose sipas k\u00ebrkes\u00ebs s\u00eb klientit me q\u00ebllim q\u00eb t\u00eb zvog\u00ebloj\u00eb probabilitetin e prishjes.<\/p>\n<p>[\/et_pb_text][\/et_pb_column][\/et_pb_row][et_pb_row custom_margin=&#8221;-30px|auto||auto||&#8221; _builder_version=&#8221;3.25.4&#8243; min_height=&#8221;77px&#8221;][et_pb_column type=&#8221;4_4&#8243; _builder_version=&#8221;3.25.4&#8243;][et_pb_text _builder_version=&#8221;3.25.4&#8243; background_color=&#8221;rgba(255,255,255,0.79)&#8221; custom_padding=&#8221;0px|||||&#8221;]<\/p>\n<h2><strong>Instalim dhe Komisionim<\/strong><\/h2>\n<p>[\/et_pb_text][\/et_pb_column][\/et_pb_row][\/et_pb_section][et_pb_section fb_built=&#8221;1&#8243; _builder_version=&#8221;3.25.4&#8243; min_height=&#8221;177px&#8221;][\/et_pb_section]<\/p>\n","protected":false},"excerpt":{"rendered":"<p>[et_pb_section fb_built=&#8221;1&#8243; _builder_version=&#8221;3.25.4&#8243; background_image=&#8221;http:\/\/edico.al\/wp-content\/uploads\/2019\/09\/maxresdefault.jpg&#8221; parallax=&#8221;on&#8221; parallax_method=&#8221;off&#8221;][et_pb_row _builder_version=&#8221;3.25.4&#8243;][et_pb_column type=&#8221;4_4&#8243; _builder_version=&#8221;3.25.4&#8243;][et_pb_image src=&#8221;http:\/\/edico.al\/wp-content\/uploads\/2019\/09\/hydraulic-pump-repairing-service-500&#215;500.jpg&#8221; align=&#8221;center&#8221; _builder_version=&#8221;3.25.4&#8243; transform_scale=&#8221;146%|146%&#8221; transform_scale_linked=&#8221;off&#8221; transform_translate_linked=&#8221;off&#8221;][\/et_pb_image][\/et_pb_column][\/et_pb_row][et_pb_row custom_padding=&#8221;||8px&#8221; _builder_version=&#8221;3.25.4&#8243;][et_pb_column type=&#8221;4_4&#8243; _builder_version=&#8221;3.25.4&#8243;][et_pb_text _builder_version=&#8221;3.25.4&#8243; background_color=&#8221;rgba(255,255,255,0.79)&#8221; custom_margin=&#8221;||-14px|||&#8221;] Mir\u00ebmbajtje, riparim dhe rishikim Ne jemi t\u00eb gatsh\u00ebm t\u00eb nd\u00ebrhyjn\u00eb n\u00eb \u00e7do koh\u00eb p\u00ebr t\u00eb zgjidhur d\u00ebshtimet e pompave, valvulave dhe sistemeve p\u00ebrkat\u00ebse. Fillimisht do t\u00eb b\u00ebhet nj\u00eb inspektim dhe analiz\u00eb e problemit, [&hellip;]<\/p>\n","protected":false},"author":4,"featured_media":0,"parent":0,"menu_order":0,"comment_status":"closed","ping_status":"closed","template":"","meta":{"_et_pb_use_builder":"on","_et_pb_old_content":"","footnotes":""},"_links":{"self":[{"href":"https:\/\/edico.al\/sq\/wp-json\/wp\/v2\/pages\/242359"}],"collection":[{"href":"https:\/\/edico.al\/sq\/wp-json\/wp\/v2\/pages"}],"about":[{"href":"https:\/\/edico.al\/sq\/wp-json\/wp\/v2\/types\/page"}],"author":[{"embeddable":true,"href":"https:\/\/edico.al\/sq\/wp-json\/wp\/v2\/users\/4"}],"replies":[{"embeddable":true,"href":"https:\/\/edico.al\/sq\/wp-json\/wp\/v2\/comments?post=242359"}],"version-history":[{"count":5,"href":"https:\/\/edico.al\/sq\/wp-json\/wp\/v2\/pages\/242359\/revisions"}],"predecessor-version":[{"id":242486,"href":"https:\/\/edico.al\/sq\/wp-json\/wp\/v2\/pages\/242359\/revisions\/242486"}],"wp:attachment":[{"href":"https:\/\/edico.al\/sq\/wp-json\/wp\/v2\/media?parent=242359"}],"curies":[{"name":"wp","href":"https:\/\/api.w.org\/{rel}","templated":true}]}}